{"id":115110,"date":"2025-01-21T08:19:45","date_gmt":"2025-01-21T05:19:45","guid":{"rendered":"https:\/\/jv-technoton.com\/?page_id=115110"},"modified":"2025-04-02T09:18:38","modified_gmt":"2025-04-02T06:18:38","slug":"technologie","status":"publish","type":"page","link":"https:\/\/jv-technoton.com\/fr\/technologie\/","title":{"rendered":"technologie"},"content":{"rendered":"<div class=\"wpb-content-wrapper\"><p>[vc_row full_width=\u00a0\u00bbstretch_row\u00a0\u00bb css=\u00a0\u00bb.vc_custom_1615464552938{background-color: #f7f7f7 !important;}\u00a0\u00bb][vc_column][vc_column_text css=\u00a0\u00bb\u00a0\u00bb]<\/p>\n<h1>Technologie<\/h1>\n<p>[\/vc_column_text][\/vc_column][\/vc_row][vc_row full_width=\u00a0\u00bbstretch_row\u00a0\u00bb css=\u00a0\u00bb.vc_custom_1580824550694{background-color: #ffffff !important;}\u00a0\u00bb visibility=\u00a0\u00bbhidden-phone\u00a0\u00bb][vc_column]<div class=\"ult-spacer spacer-69e90a9010d5a\" data-id=\"69e90a9010d5a\" data-height=\"22\" data-height-mobile=\"22\" data-height-tab=\"22\" data-height-tab-portrait=\"\" data-height-mobile-landscape=\"\" style=\"clear:both;display:block;\"><\/div>[\/vc_column][\/vc_row][vc_row equal_height=\u00a0\u00bbyes\u00a0\u00bb][vc_column width=\u00a0\u00bb1\/2&Prime; css=\u00a0\u00bb.vc_custom_1617254538823{margin-right: 30px !important;}\u00a0\u00bb]<div class=\"ult-spacer spacer-69e90a9010d96\" data-id=\"69e90a9010d96\" data-height=\"20\" data-height-mobile=\"20\" data-height-tab=\"20\" data-height-tab-portrait=\"\" data-height-mobile-landscape=\"\" style=\"clear:both;display:block;\"><\/div>[vc_column_text css=\u00a0\u00bb.vc_custom_1737436946276{padding-left: 0px !important;}\u00a0\u00bb]<\/p>\n<h2>Interface t\u00e9l\u00e9matique CAN j1939\/S6<\/h2>\n<p>Le CAN j1939\/S6 est une interface bas\u00e9e sur le CAN (SAE J1939), qui permet de cr\u00e9er un r\u00e9seau de capteurs intelligents au sein d&rsquo;un v\u00e9hicule ou d&rsquo;un objet fixe. L&rsquo;avantage principal de l&rsquo;interface t\u00e9l\u00e9matique CAN j1939\/S6 r\u00e9side dans la connexion de tous les \u00e9quipements (unit\u00e9s embarqu\u00e9es) via un seul c\u00e2ble, ce qui assure l&rsquo;alimentation, la configuration et le transfert de donn\u00e9es vers une unit\u00e9 t\u00e9l\u00e9matique. Ainsi, le CAN j1939\/S6 offre la possibilit\u00e9 de r\u00e9duire l&rsquo;encombrement des c\u00e2bles et le temps n\u00e9cessaire pour la connexion et la configuration des \u00e9quipements.[\/vc_column_text]<div class=\"ult-spacer spacer-69e90a9010dbd\" data-id=\"69e90a9010dbd\" data-height=\"20\" data-height-mobile=\"20\" data-height-tab=\"20\" data-height-tab-portrait=\"\" data-height-mobile-landscape=\"\" style=\"clear:both;display:block;\"><\/div>[vc_raw_html css=\u00a0\u00bb\u00a0\u00bb]JTNDYSUyMGhyZWYlM0QlMjJodHRwcyUzQSUyRiUyRmp2LXRlY2hub3Rvbi5jb20lMkZmciUyRnByb2R1aXRzLXRlY2hub3RvbiUyRmludGVyZmFjZS10ZWxlbWF0aXF1ZS1jYW4tajE5MzktczYlMkYlMjIlM0UlM0NidXR0b24lMjBjbGFzcyUzRCUyMmJ0dG5fciUyMGJ0dG5fMDglMjIlM0VFbiUyMHNhdm9pciUyMHBsdXMlM0MlMkZidXR0b24lM0UlM0MlMkZhJTNF[\/vc_raw_html]<div class=\"ult-spacer spacer-69e90a9010ddd\" data-id=\"69e90a9010ddd\" data-height=\"20\" data-height-mobile=\"20\" data-height-tab=\"20\" data-height-tab-portrait=\"\" data-height-mobile-landscape=\"\" style=\"clear:both;display:block;\"><\/div>[\/vc_column][vc_column width=\u00a0\u00bb1\/2&Prime; css=\u00a0\u00bb.vc_custom_1553764202627{background-color: #f4f4f4 !important;}\u00a0\u00bb][vc_column_text css=\u00a0\u00bb.vc_custom_1743574680797{background-color: #f4f4f4 !important;}\u00a0\u00bb]<a href=\"https:\/\/jv-technoton.com\/fr\/produits-technoton\/interface-telematique-can-j1939-s6\/\"><img loading=\"lazy\" decoding=\"async\" class=\"alignnone wp-image-115113 size-full\" title=\"Interface t\u00e9l\u00e9matique CAN j1939\/S6\" src=\"https:\/\/jv-technoton.com\/wp-content\/uploads\/2025\/01\/tehnologiya-s6-fra.webp\" alt=\"Interface t\u00e9l\u00e9matique CAN j1939\/S6\" width=\"500\" height=\"331\" srcset=\"https:\/\/jv-technoton.com\/wp-content\/uploads\/2025\/01\/tehnologiya-s6-fra.webp 500w, https:\/\/jv-technoton.com\/wp-content\/uploads\/2025\/01\/tehnologiya-s6-fra-300x199.webp 300w\" sizes=\"auto, (max-width: 500px) 100vw, 500px\" \/><\/a>[\/vc_column_text][\/vc_column][\/vc_row][vc_row equal_height=\u00a0\u00bbyes\u00a0\u00bb columns_right=\u00a0\u00bbyes\u00a0\u00bb][vc_column width=\u00a0\u00bb1\/2&Prime; css=\u00a0\u00bb.vc_custom_1571916866781{background-color: #f4f4f4 !important;}\u00a0\u00bb][vc_column_text css=\u00a0\u00bb\u00a0\u00bb]<a href=\"https:\/\/jv-technoton.com\/fr\/technologie-des-capteurs-sans-fil-en-telematique\/\"><img loading=\"lazy\" decoding=\"async\" class=\"alignnone wp-image-115114 size-full\" title=\"Technologie de transfert de donn\u00e9es sans fil\" src=\"https:\/\/jv-technoton.com\/wp-content\/uploads\/2025\/01\/tehnologiya-s7.webp\" alt=\"Technologie de transfert de donn\u00e9es sans fil\" width=\"500\" height=\"331\" srcset=\"https:\/\/jv-technoton.com\/wp-content\/uploads\/2025\/01\/tehnologiya-s7.webp 500w, https:\/\/jv-technoton.com\/wp-content\/uploads\/2025\/01\/tehnologiya-s7-300x199.webp 300w\" sizes=\"auto, (max-width: 500px) 100vw, 500px\" \/><\/a>[\/vc_column_text][\/vc_column][vc_column width=\u00a0\u00bb1\/2&Prime; css=\u00a0\u00bb.vc_custom_1617254492797{margin-left: 30px !important;}\u00a0\u00bb]<div class=\"ult-spacer spacer-69e90a9010dfb\" data-id=\"69e90a9010dfb\" data-height=\"50\" data-height-mobile=\"50\" data-height-tab=\"50\" data-height-tab-portrait=\"\" data-height-mobile-landscape=\"\" style=\"clear:both;display:block;\"><\/div>[vc_column_text css=\u00a0\u00bb.vc_custom_1737436980978{padding-right: 0px !important;}\u00a0\u00bb]<\/p>\n<h2>Technologie S7<\/h2>\n<p>La S7 est une technologie de collecte de donn\u00e9es sans fil provenant de capteurs autonomes dans les domaines de la t\u00e9l\u00e9matique industrielle et automobile.[\/vc_column_text]<div class=\"ult-spacer spacer-69e90a9010e1d\" data-id=\"69e90a9010e1d\" data-height=\"20\" data-height-mobile=\"20\" data-height-tab=\"20\" data-height-tab-portrait=\"\" data-height-mobile-landscape=\"\" style=\"clear:both;display:block;\"><\/div>[vc_raw_html css=\u00a0\u00bb\u00a0\u00bb]JTNDYSUyMGhyZWYlM0QlMjJodHRwcyUzQSUyRiUyRmp2LXRlY2hub3Rvbi5jb20lMkZmciUyRnRlY2hub2xvZ2llLWRlcy1jYXB0ZXVycy1zYW5zLWZpbC1lbi10ZWxlbWF0aXF1ZSUyRiUyMiUzRSUzQ2J1dHRvbiUyMGNsYXNzJTNEJTIyYnR0bl9yJTIwYnR0bl8wOCUyMiUzRUVuJTIwc2F2b2lyJTIwcGx1cyUzQyUyRmJ1dHRvbiUzRSUzQyUyRmElM0U=[\/vc_raw_html]<div class=\"ult-spacer spacer-69e90a9010e3a\" data-id=\"69e90a9010e3a\" data-height=\"20\" data-height-mobile=\"20\" data-height-tab=\"20\" data-height-tab-portrait=\"\" data-height-mobile-landscape=\"\" style=\"clear:both;display:block;\"><\/div>[\/vc_column][\/vc_row]<\/p>\n<\/div>","protected":false},"excerpt":{"rendered":"<p>[vc_row full_width=\u00a0\u00bbstretch_row\u00a0\u00bb css=\u00a0\u00bb.vc_custom_1615464552938{background-color: #f7f7f7 !important;}\u00a0\u00bb][vc_column][vc_column_text css=\u00a0\u00bb\u00a0\u00bb] Technologie [\/vc_column_text][\/vc_column][\/vc_row][vc_row full_width=\u00a0\u00bbstretch_row\u00a0\u00bb css=\u00a0\u00bb.vc_custom_1580824550694{background-color: #ffffff !important;}\u00a0\u00bb visibility=\u00a0\u00bbhidden-phone\u00a0\u00bb][vc_column][\/vc_column][\/vc_row][vc_row equal_height=\u00a0\u00bbyes\u00a0\u00bb][vc_column width=\u00a0\u00bb1\/2&Prime; css=\u00a0\u00bb.vc_custom_1617254538823{margin-right: 30px !important;}\u00a0\u00bb][vc_column_text css=\u00a0\u00bb.vc_custom_1737436946276{padding-left: 0px !important;}\u00a0\u00bb] Interface t\u00e9l\u00e9matique CAN j1939\/S6 Le CAN j1939\/S6 est une interface bas\u00e9e sur le CAN (SAE J1939), qui permet de cr\u00e9er un r\u00e9seau de capteurs intelligents au sein d&rsquo;un v\u00e9hicule ou d&rsquo;un objet fixe. L&rsquo;avantage&#8230;<\/p>\n","protected":false},"author":8,"featured_media":0,"parent":0,"menu_order":0,"comment_status":"closed","ping_status":"closed","template":"","meta":{"_kad_post_transparent":"","_kad_post_title":"","_kad_post_layout":"","_kad_post_sidebar_id":"","_kad_post_content_style":"","_kad_post_vertical_padding":"","_kad_post_feature":"","_kad_post_feature_position":"","_kad_post_header":false,"_kad_post_footer":false,"_kad_post_classname":"","footnotes":""},"class_list":["post-115110","page","type-page","status-publish","hentry"],"yoast_head":"<!-- This site is optimized with the Yoast SEO Premium plugin v18.1 (Yoast SEO v27.4) - https:\/\/yoast.com\/product\/yoast-seo-premium-wordpress\/ -->\n<title>technologie | Technoton<\/title>\n<meta name=\"description\" content=\"Technologies filaires S6 et sans fil (Bluetooth) S7 pour la collecte et la transmission de donn\u00e9es entre des dispositifs dot\u00e9s d\u2019interfaces CAN et BLE, destin\u00e9es \u00e0 la t\u00e9l\u00e9matique des transports et \u00e0 l\u2019industrie.\" \/>\n<meta name=\"robots\" content=\"index, follow, max-snippet:-1, max-image-preview:large, max-video-preview:-1\" \/>\n<link rel=\"canonical\" href=\"https:\/\/jv-technoton.com\/fr\/technologie\/\" \/>\n<meta property=\"og:locale\" content=\"fr_FR\" \/>\n<meta property=\"og:type\" content=\"article\" \/>\n<meta property=\"og:title\" content=\"technologie\" \/>\n<meta property=\"og:description\" content=\"Technologies filaires S6 et sans fil (Bluetooth) S7 pour la collecte et la transmission de donn\u00e9es entre des dispositifs dot\u00e9s d\u2019interfaces CAN et BLE, destin\u00e9es \u00e0 la t\u00e9l\u00e9matique des transports et \u00e0 l\u2019industrie.\" \/>\n<meta property=\"og:url\" content=\"https:\/\/jv-technoton.com\/fr\/technologie\/\" \/>\n<meta property=\"og:site_name\" content=\"Technoton\" \/>\n<meta property=\"article:modified_time\" content=\"2025-04-02T06:18:38+00:00\" \/>\n<meta property=\"og:image\" content=\"https:\/\/jv-technoton.com\/wp-content\/uploads\/2025\/01\/tehnologiya-s6-fra.webp\" \/>\n\t<meta property=\"og:image:width\" content=\"500\" \/>\n\t<meta property=\"og:image:height\" content=\"331\" \/>\n\t<meta property=\"og:image:type\" content=\"image\/webp\" \/>\n<meta name=\"twitter:card\" content=\"summary_large_image\" \/>\n<meta name=\"twitter:label1\" content=\"Dur\u00e9e de lecture estim\u00e9e\" \/>\n\t<meta name=\"twitter:data1\" content=\"2 minutes\" \/>\n<script type=\"application\/ld+json\" class=\"yoast-schema-graph\">{\"@context\":\"https:\\\/\\\/schema.org\",\"@graph\":[{\"@type\":\"WebPage\",\"@id\":\"https:\\\/\\\/jv-technoton.com\\\/fr\\\/technologie\\\/\",\"url\":\"https:\\\/\\\/jv-technoton.com\\\/fr\\\/technologie\\\/\",\"name\":\"technologie | Technoton\",\"isPartOf\":{\"@id\":\"https:\\\/\\\/jv-technoton.com\\\/#website\"},\"primaryImageOfPage\":{\"@id\":\"https:\\\/\\\/jv-technoton.com\\\/fr\\\/technologie\\\/#primaryimage\"},\"image\":{\"@id\":\"https:\\\/\\\/jv-technoton.com\\\/fr\\\/technologie\\\/#primaryimage\"},\"thumbnailUrl\":\"https:\\\/\\\/jv-technoton.com\\\/wp-content\\\/uploads\\\/2025\\\/01\\\/tehnologiya-s6-fra.webp\",\"datePublished\":\"2025-01-21T05:19:45+00:00\",\"dateModified\":\"2025-04-02T06:18:38+00:00\",\"description\":\"Technologies filaires S6 et sans fil (Bluetooth) S7 pour la collecte et la transmission de donn\u00e9es entre des dispositifs dot\u00e9s d\u2019interfaces CAN et BLE, destin\u00e9es \u00e0 la t\u00e9l\u00e9matique des transports et \u00e0 l\u2019industrie.\",\"breadcrumb\":{\"@id\":\"https:\\\/\\\/jv-technoton.com\\\/fr\\\/technologie\\\/#breadcrumb\"},\"inLanguage\":\"fr-FR\",\"potentialAction\":[{\"@type\":\"ReadAction\",\"target\":[\"https:\\\/\\\/jv-technoton.com\\\/fr\\\/technologie\\\/\"]}]},{\"@type\":\"ImageObject\",\"inLanguage\":\"fr-FR\",\"@id\":\"https:\\\/\\\/jv-technoton.com\\\/fr\\\/technologie\\\/#primaryimage\",\"url\":\"https:\\\/\\\/jv-technoton.com\\\/wp-content\\\/uploads\\\/2025\\\/01\\\/tehnologiya-s6-fra.webp\",\"contentUrl\":\"https:\\\/\\\/jv-technoton.com\\\/wp-content\\\/uploads\\\/2025\\\/01\\\/tehnologiya-s6-fra.webp\"},{\"@type\":\"BreadcrumbList\",\"@id\":\"https:\\\/\\\/jv-technoton.com\\\/fr\\\/technologie\\\/#breadcrumb\",\"itemListElement\":[{\"@type\":\"ListItem\",\"position\":1,\"name\":\"Home\",\"item\":\"https:\\\/\\\/jv-technoton.com\\\/fr\\\/\"},{\"@type\":\"ListItem\",\"position\":2,\"name\":\"technologie\"}]},{\"@type\":\"WebSite\",\"@id\":\"https:\\\/\\\/jv-technoton.com\\\/#website\",\"url\":\"https:\\\/\\\/jv-technoton.com\\\/\",\"name\":\"Advanced machinery telematics and fuel monitoring\",\"description\":\"T\u00e9l\u00e9matique et suivi du carburant pour machines complexes\",\"publisher\":{\"@id\":\"https:\\\/\\\/jv-technoton.com\\\/#organization\"},\"potentialAction\":[{\"@type\":\"SearchAction\",\"target\":{\"@type\":\"EntryPoint\",\"urlTemplate\":\"https:\\\/\\\/jv-technoton.com\\\/?s={search_term_string}\"},\"query-input\":{\"@type\":\"PropertyValueSpecification\",\"valueRequired\":true,\"valueName\":\"search_term_string\"}}],\"inLanguage\":\"fr-FR\"},{\"@type\":\"Organization\",\"@id\":\"https:\\\/\\\/jv-technoton.com\\\/#organization\",\"name\":\"Technoton\",\"url\":\"https:\\\/\\\/jv-technoton.com\\\/\",\"logo\":{\"@type\":\"ImageObject\",\"inLanguage\":\"fr-FR\",\"@id\":\"https:\\\/\\\/jv-technoton.com\\\/#\\\/schema\\\/logo\\\/image\\\/\",\"url\":\"https:\\\/\\\/jv-technoton.com\\\/wp-content\\\/uploads\\\/2022\\\/02\\\/technoton_logo_web.png\",\"contentUrl\":\"https:\\\/\\\/jv-technoton.com\\\/wp-content\\\/uploads\\\/2022\\\/02\\\/technoton_logo_web.png\",\"width\":800,\"height\":329,\"caption\":\"Technoton\"},\"image\":{\"@id\":\"https:\\\/\\\/jv-technoton.com\\\/#\\\/schema\\\/logo\\\/image\\\/\"},\"sameAs\":[\"https:\\\/\\\/www.linkedin.com\\\/company\\\/technoton\"]}]}<\/script>\n<!-- \/ Yoast SEO Premium plugin. -->","yoast_head_json":{"title":"technologie | Technoton","description":"Technologies filaires S6 et sans fil (Bluetooth) S7 pour la collecte et la transmission de donn\u00e9es entre des dispositifs dot\u00e9s d\u2019interfaces CAN et BLE, destin\u00e9es \u00e0 la t\u00e9l\u00e9matique des transports et \u00e0 l\u2019industrie.","robots":{"index":"index","follow":"follow","max-snippet":"max-snippet:-1","max-image-preview":"max-image-preview:large","max-video-preview":"max-video-preview:-1"},"canonical":"https:\/\/jv-technoton.com\/fr\/technologie\/","og_locale":"fr_FR","og_type":"article","og_title":"technologie","og_description":"Technologies filaires S6 et sans fil (Bluetooth) S7 pour la collecte et la transmission de donn\u00e9es entre des dispositifs dot\u00e9s d\u2019interfaces CAN et BLE, destin\u00e9es \u00e0 la t\u00e9l\u00e9matique des transports et \u00e0 l\u2019industrie.","og_url":"https:\/\/jv-technoton.com\/fr\/technologie\/","og_site_name":"Technoton","article_modified_time":"2025-04-02T06:18:38+00:00","og_image":[{"width":500,"height":331,"url":"https:\/\/jv-technoton.com\/wp-content\/uploads\/2025\/01\/tehnologiya-s6-fra.webp","type":"image\/webp"}],"twitter_card":"summary_large_image","twitter_misc":{"Dur\u00e9e de lecture estim\u00e9e":"2 minutes"},"schema":{"@context":"https:\/\/schema.org","@graph":[{"@type":"WebPage","@id":"https:\/\/jv-technoton.com\/fr\/technologie\/","url":"https:\/\/jv-technoton.com\/fr\/technologie\/","name":"technologie | Technoton","isPartOf":{"@id":"https:\/\/jv-technoton.com\/#website"},"primaryImageOfPage":{"@id":"https:\/\/jv-technoton.com\/fr\/technologie\/#primaryimage"},"image":{"@id":"https:\/\/jv-technoton.com\/fr\/technologie\/#primaryimage"},"thumbnailUrl":"https:\/\/jv-technoton.com\/wp-content\/uploads\/2025\/01\/tehnologiya-s6-fra.webp","datePublished":"2025-01-21T05:19:45+00:00","dateModified":"2025-04-02T06:18:38+00:00","description":"Technologies filaires S6 et sans fil (Bluetooth) S7 pour la collecte et la transmission de donn\u00e9es entre des dispositifs dot\u00e9s d\u2019interfaces CAN et BLE, destin\u00e9es \u00e0 la t\u00e9l\u00e9matique des transports et \u00e0 l\u2019industrie.","breadcrumb":{"@id":"https:\/\/jv-technoton.com\/fr\/technologie\/#breadcrumb"},"inLanguage":"fr-FR","potentialAction":[{"@type":"ReadAction","target":["https:\/\/jv-technoton.com\/fr\/technologie\/"]}]},{"@type":"ImageObject","inLanguage":"fr-FR","@id":"https:\/\/jv-technoton.com\/fr\/technologie\/#primaryimage","url":"https:\/\/jv-technoton.com\/wp-content\/uploads\/2025\/01\/tehnologiya-s6-fra.webp","contentUrl":"https:\/\/jv-technoton.com\/wp-content\/uploads\/2025\/01\/tehnologiya-s6-fra.webp"},{"@type":"BreadcrumbList","@id":"https:\/\/jv-technoton.com\/fr\/technologie\/#breadcrumb","itemListElement":[{"@type":"ListItem","position":1,"name":"Home","item":"https:\/\/jv-technoton.com\/fr\/"},{"@type":"ListItem","position":2,"name":"technologie"}]},{"@type":"WebSite","@id":"https:\/\/jv-technoton.com\/#website","url":"https:\/\/jv-technoton.com\/","name":"Advanced machinery telematics and fuel monitoring","description":"T\u00e9l\u00e9matique et suivi du carburant pour machines complexes","publisher":{"@id":"https:\/\/jv-technoton.com\/#organization"},"potentialAction":[{"@type":"SearchAction","target":{"@type":"EntryPoint","urlTemplate":"https:\/\/jv-technoton.com\/?s={search_term_string}"},"query-input":{"@type":"PropertyValueSpecification","valueRequired":true,"valueName":"search_term_string"}}],"inLanguage":"fr-FR"},{"@type":"Organization","@id":"https:\/\/jv-technoton.com\/#organization","name":"Technoton","url":"https:\/\/jv-technoton.com\/","logo":{"@type":"ImageObject","inLanguage":"fr-FR","@id":"https:\/\/jv-technoton.com\/#\/schema\/logo\/image\/","url":"https:\/\/jv-technoton.com\/wp-content\/uploads\/2022\/02\/technoton_logo_web.png","contentUrl":"https:\/\/jv-technoton.com\/wp-content\/uploads\/2022\/02\/technoton_logo_web.png","width":800,"height":329,"caption":"Technoton"},"image":{"@id":"https:\/\/jv-technoton.com\/#\/schema\/logo\/image\/"},"sameAs":["https:\/\/www.linkedin.com\/company\/technoton"]}]}},"rttpg_featured_image_url":null,"rttpg_author":{"display_name":"Tretyakov Sergey","author_link":"https:\/\/jv-technoton.com\/fr\/author\/sergei_tretyakov\/"},"rttpg_comment":0,"rttpg_category":false,"rttpg_excerpt":"[vc_row full_width=\u00a0\u00bbstretch_row\u00a0\u00bb css=\u00a0\u00bb.vc_custom_1615464552938{background-color: #f7f7f7 !important;}\u00a0\u00bb][vc_column][vc_column_text css=\u00a0\u00bb\u00a0\u00bb] Technologie [\/vc_column_text][\/vc_column][\/vc_row][vc_row full_width=\u00a0\u00bbstretch_row\u00a0\u00bb css=\u00a0\u00bb.vc_custom_1580824550694{background-color: #ffffff !important;}\u00a0\u00bb visibility=\u00a0\u00bbhidden-phone\u00a0\u00bb][vc_column][\/vc_column][\/vc_row][vc_row equal_height=\u00a0\u00bbyes\u00a0\u00bb][vc_column width=\u00a0\u00bb1\/2&Prime; css=\u00a0\u00bb.vc_custom_1617254538823{margin-right: 30px !important;}\u00a0\u00bb][vc_column_text css=\u00a0\u00bb.vc_custom_1737436946276{padding-left: 0px !important;}\u00a0\u00bb] Interface t\u00e9l\u00e9matique CAN j1939\/S6 Le CAN j1939\/S6 est une interface bas\u00e9e sur le CAN (SAE J1939), qui permet de cr\u00e9er un r\u00e9seau de capteurs intelligents au sein d&rsquo;un v\u00e9hicule ou d&rsquo;un objet fixe. L&rsquo;avantage...","_links":{"self":[{"href":"https:\/\/jv-technoton.com\/fr\/wp-json\/wp\/v2\/pages\/115110","targetHints":{"allow":["GET"]}}],"collection":[{"href":"https:\/\/jv-technoton.com\/fr\/wp-json\/wp\/v2\/pages"}],"about":[{"href":"https:\/\/jv-technoton.com\/fr\/wp-json\/wp\/v2\/types\/page"}],"author":[{"embeddable":true,"href":"https:\/\/jv-technoton.com\/fr\/wp-json\/wp\/v2\/users\/8"}],"replies":[{"embeddable":true,"href":"https:\/\/jv-technoton.com\/fr\/wp-json\/wp\/v2\/comments?post=115110"}],"version-history":[{"count":1,"href":"https:\/\/jv-technoton.com\/fr\/wp-json\/wp\/v2\/pages\/115110\/revisions"}],"predecessor-version":[{"id":117876,"href":"https:\/\/jv-technoton.com\/fr\/wp-json\/wp\/v2\/pages\/115110\/revisions\/117876"}],"wp:attachment":[{"href":"https:\/\/jv-technoton.com\/fr\/wp-json\/wp\/v2\/media?parent=115110"}],"curies":[{"name":"wp","href":"https:\/\/api.w.org\/{rel}","templated":true}]}}