{"id":115117,"date":"2025-01-21T08:45:25","date_gmt":"2025-01-21T05:45:25","guid":{"rendered":"https:\/\/jv-technoton.com\/?page_id=115117"},"modified":"2025-04-02T09:22:59","modified_gmt":"2025-04-02T06:22:59","slug":"interface-telematique-can-j1939-s6","status":"publish","type":"page","link":"https:\/\/jv-technoton.com\/fr\/produits-technoton\/interface-telematique-can-j1939-s6\/","title":{"rendered":"Interface t\u00e9l\u00e9matique CAN j1939\/S6"},"content":{"rendered":"<div class=\"wpb-content-wrapper\"><p>[vc_row full_width=\u00a0\u00bbstretch_row_content\u00a0\u00bb equal_height=\u00a0\u00bbyes\u00a0\u00bb css=\u00a0\u00bb.vc_custom_1513834684377{background-position: 0 0 !important;background-repeat: repeat !important;}\u00a0\u00bb][vc_column width=\u00a0\u00bb1\/2&Prime; css=\u00a0\u00bb.vc_custom_1515047774627{background-color: #ebecec !important;background-position: 0 0 !important;background-repeat: repeat !important;}\u00a0\u00bb][vc_column_text]<img loading=\"lazy\" decoding=\"async\" class=\"alignright wp-image-4046\" src=\"https:\/\/jv-technoton.com\/wp-content\/uploads\/2018\/01\/S6.png\" alt=\"S6\" width=\"58\" height=\"45\" srcset=\"https:\/\/jv-technoton.com\/wp-content\/uploads\/2018\/01\/S6.png 153w, https:\/\/jv-technoton.com\/wp-content\/uploads\/2018\/01\/S6-150x118.png 150w\" sizes=\"auto, (max-width: 58px) 100vw, 58px\" \/>[\/vc_column_text][\/vc_column][vc_column width=\u00a0\u00bb1\/2&Prime;][vc_column_text css=\u00a0\u00bb.vc_custom_1737438411364{padding-left: 22px !important;}\u00a0\u00bb]<\/p>\n<h1>Interface t\u00e9l\u00e9matique CAN j1939\/S6<\/h1>\n<p>[\/vc_column_text][\/vc_column][\/vc_row][vc_row full_width=\u00a0\u00bbstretch_row\u00a0\u00bb equal_height=\u00a0\u00bbyes\u00a0\u00bb css=\u00a0\u00bb.vc_custom_1511438438712{padding-top: 30px !important;}\u00a0\u00bb][vc_column width=\u00a0\u00bb1\/2&Prime;][vc_column_text css=\u00a0\u00bb\u00a0\u00bb]<img loading=\"lazy\" decoding=\"async\" class=\"alignnone wp-image-115113 size-full\" title=\"Interface t\u00e9l\u00e9matique CAN j1939\/S6\" src=\"https:\/\/jv-technoton.com\/wp-content\/uploads\/2025\/01\/tehnologiya-s6-fra.webp\" alt=\"Interface t\u00e9l\u00e9matique CAN j1939\/S6\" width=\"500\" height=\"331\" srcset=\"https:\/\/jv-technoton.com\/wp-content\/uploads\/2025\/01\/tehnologiya-s6-fra.webp 500w, https:\/\/jv-technoton.com\/wp-content\/uploads\/2025\/01\/tehnologiya-s6-fra-300x199.webp 300w\" sizes=\"auto, (max-width: 500px) 100vw, 500px\" \/>[\/vc_column_text]<div class=\"ult-spacer spacer-69e91b8857b20\" data-id=\"69e91b8857b20\" data-height=\"20\" data-height-mobile=\"20\" data-height-tab=\"20\" data-height-tab-portrait=\"\" data-height-mobile-landscape=\"\" style=\"clear:both;display:block;\"><\/div>[\/vc_column][vc_column width=\u00a0\u00bb1\/2&Prime;][vc_column_text css=\u00a0\u00bb\u00a0\u00bb]<\/p>\n<div class=\"flex-shrink-0 flex flex-col relative items-end\">\n<div>\n<div class=\"pt-0\">\n<div class=\"gizmo-bot-avatar flex h-8 w-8 items-center justify-center overflow-hidden rounded-full\">\n<div class=\"relative p-1 rounded-sm flex items-center justify-center bg-token-main-surface-primary text-token-text-primary h-8 w-8\"><\/div>\n<\/div>\n<\/div>\n<\/div>\n<\/div>\n<div class=\"group\/conversation-turn relative flex w-full min-w-0 flex-col agent-turn\">\n<div class=\"flex-col gap-1 md:gap-3\">\n<div class=\"flex max-w-full flex-col flex-grow\">\n<div class=\"min-h-8 text-message flex w-full flex-col items-end gap-2 whitespace-normal break-words text-start [.text-message+&amp;]:mt-5\" dir=\"auto\" data-message-author-role=\"assistant\" data-message-id=\"d0346b51-c773-483e-a23d-7cbcb0133cba\" data-message-model-slug=\"gpt-4o\">\n<div class=\"flex w-full flex-col gap-1 empty:hidden first:pt-[3px]\">\n<div class=\"markdown prose w-full break-words dark:prose-invert light\">\n<p><strong>Interface t\u00e9l\u00e9matique CAN j1939\/S6<\/strong><\/p>\n<p>Le CAN j1939\/S6 est une interface bas\u00e9e sur le CAN (SAE J1939), qui permet de cr\u00e9er un r\u00e9seau de capteurs intelligents au sein d&rsquo;un v\u00e9hicule ou d&rsquo;un objet fixe. L&rsquo;avantage principal de l&rsquo;interface t\u00e9l\u00e9matique CAN j1939\/S6 r\u00e9side dans la connexion de tous les \u00e9quipements (unit\u00e9s embarqu\u00e9es) par un seul c\u00e2ble, ce qui garantit l&rsquo;alimentation, la configuration et le transfert des donn\u00e9es vers une unit\u00e9 t\u00e9l\u00e9matique. Ainsi, le CAN j1939\/S6 offre la possibilit\u00e9 de r\u00e9duire l&rsquo;encombrement des c\u00e2bles et le temps n\u00e9cessaire \u00e0 la connexion et \u00e0 la configuration des \u00e9quipements.<\/p>\n<p>Dans la t\u00e9l\u00e9matique des v\u00e9hicules, le CAN j1939\/S6 est utilis\u00e9 pour collecter des donn\u00e9es \u00e0 partir des \u00e9quipements standard et suppl\u00e9mentaires du v\u00e9hicule, ainsi que pour r\u00e9cup\u00e9rer des donn\u00e9es d\u2019un ou de plusieurs bus CAN d&rsquo;automobiles et les int\u00e9grer au syst\u00e8me t\u00e9l\u00e9matique du v\u00e9hicule.<\/p>\n<p>L&rsquo;architecture de l&rsquo;interface t\u00e9l\u00e9matique CAN j1939\/S6 repose sur l&rsquo;id\u00e9e d&rsquo;un syst\u00e8me de c\u00e2blage unique, comprenant des interfaces physiques et des protocoles :<\/p>\n<ul>\n<li><strong>Interface physique :<\/strong> le CAN 2.0B est utilis\u00e9 pour le transfert de donn\u00e9es entre les unit\u00e9s embarqu\u00e9es.<\/li>\n<li><strong>S\u00e9quence de transfert des donn\u00e9es :<\/strong> elle est d\u00e9finie par la couche de liaison de donn\u00e9es conform\u00e9ment aux exigences de la norme SAE J1939\/21.<\/li>\n<li><strong>Param\u00e8tres, structure et contenu des donn\u00e9es transf\u00e9r\u00e9es :<\/strong> ils sont d\u00e9finis par la couche applicative du v\u00e9hicule selon la norme SAE J1939\/71 et la base de donn\u00e9es S6.<\/li>\n<\/ul>\n<\/div>\n<\/div>\n<\/div>\n<\/div>\n<\/div>\n<\/div>\n<p>[\/vc_column_text]<div class=\"ult-spacer spacer-69e91b8857b58\" data-id=\"69e91b8857b58\" data-height=\"10\" data-height-mobile=\"10\" data-height-tab=\"10\" data-height-tab-portrait=\"\" data-height-mobile-landscape=\"\" style=\"clear:both;display:block;\"><\/div><div class=\"ult-spacer spacer-69e91b8857b7e\" data-id=\"69e91b8857b7e\" data-height=\"20\" data-height-mobile=\"20\" data-height-tab=\"20\" data-height-tab-portrait=\"\" data-height-mobile-landscape=\"\" style=\"clear:both;display:block;\"><\/div>[\/vc_column][\/vc_row][vc_row full_width=\u00a0\u00bbstretch_row\u00a0\u00bb css=\u00a0\u00bb.vc_custom_1623322049121{background-color: #f4f4f4 !important;}\u00a0\u00bb][vc_column][vc_column_text css=\u00a0\u00bb\u00a0\u00bb]<\/p>\n<h2>Combinaison d&rsquo;\u00e9quipements de v\u00e9hicule standard et suppl\u00e9mentaires dans un r\u00e9seau unique<\/h2>\n<p>[\/vc_column_text][vc_column_text css=\u00a0\u00bb\u00a0\u00bb]<img loading=\"lazy\" decoding=\"async\" class=\"alignnone size-full wp-image-117723\" title=\"Combinaison d'\u00e9quipements de v\u00e9hicule standard et suppl\u00e9mentaires dans un r\u00e9seau unique\" src=\"https:\/\/jv-technoton.com\/wp-content\/uploads\/2025\/04\/S6-telematics-interface-fra.webp\" alt=\"Combinaison d'\u00e9quipements de v\u00e9hicule standard et suppl\u00e9mentaires dans un r\u00e9seau unique\" width=\"761\" height=\"390\" srcset=\"https:\/\/jv-technoton.com\/wp-content\/uploads\/2025\/04\/S6-telematics-interface-fra.webp 761w, https:\/\/jv-technoton.com\/wp-content\/uploads\/2025\/04\/S6-telematics-interface-fra-300x154.webp 300w\" sizes=\"auto, (max-width: 761px) 100vw, 761px\" \/>[\/vc_column_text][\/vc_column][\/vc_row][vc_row css=\u00a0\u00bb.vc_custom_1511439915535{padding-top: 30px !important;}\u00a0\u00bb][vc_column][vc_column_text css=\u00a0\u00bb.vc_custom_1737438756072{margin-top: -20px !important;padding-bottom: 15px !important;}\u00a0\u00bb]<strong>Avantages de l&rsquo;interface t\u00e9l\u00e9matique CAN j1939\/S6<\/strong><\/p>\n<p><strong>Pour les int\u00e9grateurs de syst\u00e8mes t\u00e9l\u00e9matiques :<\/strong><\/p>\n<ul>\n<li>Surveillance en temps r\u00e9el d\u2019un large ensemble de param\u00e8tres du v\u00e9hicule avec une seule unit\u00e9 t\u00e9l\u00e9matique embarqu\u00e9e (traceur GPS).<\/li>\n<li>Extension facile des fonctionnalit\u00e9s du syst\u00e8me t\u00e9l\u00e9matique en augmentant le nombre d\u2019\u00e9quipements embarqu\u00e9s.<\/li>\n<li>Cr\u00e9ation de syst\u00e8mes t\u00e9l\u00e9matiques de toute complexit\u00e9.<\/li>\n<\/ul>\n<p><strong>Pour les ing\u00e9nieurs en conception de circuits :<\/strong><\/p>\n<ul>\n<li>Simplification de la conception des unit\u00e9s t\u00e9l\u00e9matiques \u00e0 une seule interface d&rsquo;entr\u00e9e : CAN (SAE J1939).<\/li>\n<\/ul>\n<p><strong>Pour les d\u00e9veloppeurs d\u2019unit\u00e9s t\u00e9l\u00e9matiques :<\/strong><\/p>\n<ul>\n<li>Augmentation de la quantit\u00e9 d\u2019informations provenant de l\u2019unit\u00e9 t\u00e9l\u00e9matique avec 3500 SPN t\u00e9l\u00e9matiques uniques (en plus du protocole standard SAE J1939).<\/li>\n<li>Int\u00e9gration simple des donn\u00e9es provenant de capteurs intelligents et d\u2019autres unit\u00e9s embarqu\u00e9es via l\u2019interface CAN j1939\/S6.<\/li>\n<\/ul>\n<p><strong>Pour les sp\u00e9cialistes en installation :<\/strong><\/p>\n<ul>\n<li>Un syst\u00e8me de c\u00e2blage fiable garantit une haute r\u00e9sistance aux interf\u00e9rences et minimise la probabilit\u00e9 de connexions \u00e9lectriques incorrectes des \u00e9quipements.<\/li>\n<li>Connexion simultan\u00e9e de divers \u00e9quipements embarqu\u00e9s du v\u00e9hicule via un seul c\u00e2ble.<\/li>\n<li>Pose de c\u00e2bles et configuration des \u00e9quipements embarqu\u00e9s plus rapides via l\u2019interface K-Line.<\/li>\n<\/ul>\n<p>[\/vc_column_text]<div class=\"ult-spacer spacer-69e91b8857b9e\" data-id=\"69e91b8857b9e\" data-height=\"25\" data-height-mobile=\"25\" data-height-tab=\"25\" data-height-tab-portrait=\"\" data-height-mobile-landscape=\"\" style=\"clear:both;display:block;\"><\/div>[\/vc_column][\/vc_row][vc_row][vc_column][vc_column_text css=\u00a0\u00bb\u00a0\u00bb]<\/p>\n<h2>Avantages de l&rsquo;architecture CAN j1939\/S6 par rapport \u00e0 l&rsquo;architecture \u00ab\u00a0classique\u00a0\u00bb des syst\u00e8mes t\u00e9l\u00e9matiques<\/h2>\n<p>[\/vc_column_text]<div class=\"ult-spacer spacer-69e91b8857bbb\" data-id=\"69e91b8857bbb\" data-height=\"25\" data-height-mobile=\"25\" data-height-tab=\"25\" data-height-tab-portrait=\"\" data-height-mobile-landscape=\"\" style=\"clear:both;display:block;\"><\/div>[vc_video link=\u00a0\u00bbhttps:\/\/www.youtube.com\/watch?v=3yTwbLHXbZw\u00a0\u00bb el_width=\u00a0\u00bb50&Prime; align=\u00a0\u00bbcenter\u00a0\u00bb][\/vc_column][\/vc_row]<\/p>\n<\/div>","protected":false},"excerpt":{"rendered":"<p>[vc_row full_width=\u00a0\u00bbstretch_row_content\u00a0\u00bb equal_height=\u00a0\u00bbyes\u00a0\u00bb css=\u00a0\u00bb.vc_custom_1513834684377{background-position: 0 0 !important;background-repeat: repeat !important;}\u00a0\u00bb][vc_column width=\u00a0\u00bb1\/2&Prime; css=\u00a0\u00bb.vc_custom_1515047774627{background-color: #ebecec !important;background-position: 0 0 !important;background-repeat: repeat !important;}\u00a0\u00bb][vc_column_text][\/vc_column_text][\/vc_column][vc_column width=\u00a0\u00bb1\/2&Prime;][vc_column_text css=\u00a0\u00bb.vc_custom_1737438411364{padding-left: 22px !important;}\u00a0\u00bb] Interface t\u00e9l\u00e9matique CAN j1939\/S6 [\/vc_column_text][\/vc_column][\/vc_row][vc_row full_width=\u00a0\u00bbstretch_row\u00a0\u00bb equal_height=\u00a0\u00bbyes\u00a0\u00bb css=\u00a0\u00bb.vc_custom_1511438438712{padding-top: 30px !important;}\u00a0\u00bb][vc_column width=\u00a0\u00bb1\/2&Prime;][vc_column_text css=\u00a0\u00bb\u00a0\u00bb][\/vc_column_text][\/vc_column][vc_column width=\u00a0\u00bb1\/2&Prime;][vc_column_text css=\u00a0\u00bb\u00a0\u00bb] Interface t\u00e9l\u00e9matique CAN j1939\/S6 Le CAN j1939\/S6 est une interface bas\u00e9e sur le CAN (SAE J1939), qui permet de&#8230;<\/p>\n","protected":false},"author":8,"featured_media":0,"parent":113091,"menu_order":0,"comment_status":"closed","ping_status":"closed","template":"","meta":{"_kad_post_transparent":"","_kad_post_title":"","_kad_post_layout":"","_kad_post_sidebar_id":"","_kad_post_content_style":"","_kad_post_vertical_padding":"","_kad_post_feature":"","_kad_post_feature_position":"","_kad_post_header":false,"_kad_post_footer":false,"_kad_post_classname":"","footnotes":""},"class_list":["post-115117","page","type-page","status-publish","hentry"],"yoast_head":"<!-- This site is optimized with the Yoast SEO Premium plugin v18.1 (Yoast SEO v27.4) - https:\/\/yoast.com\/product\/yoast-seo-premium-wordpress\/ -->\n<title>Interface t\u00e9l\u00e9matique CAN j1939\/S6 | Technoton<\/title>\n<meta name=\"description\" content=\"L\u2019interface t\u00e9l\u00e9matique CAN\/S6 est un bus de donn\u00e9es embarqu\u00e9 d\u00e9velopp\u00e9 pour int\u00e9grer le syst\u00e8me de suivi de v\u00e9hicules bas\u00e9 sur GPS\/GLONASS dans l\u2019\u00e9quipement \u00e9lectrique du v\u00e9hicule\" \/>\n<meta name=\"robots\" content=\"index, follow, max-snippet:-1, max-image-preview:large, max-video-preview:-1\" \/>\n<link rel=\"canonical\" href=\"https:\/\/jv-technoton.com\/fr\/produits-technoton\/interface-telematique-can-j1939-s6\/\" \/>\n<meta property=\"og:locale\" content=\"fr_FR\" \/>\n<meta property=\"og:type\" content=\"article\" \/>\n<meta property=\"og:title\" content=\"Interface t\u00e9l\u00e9matique CAN j1939\/S6\" \/>\n<meta property=\"og:description\" content=\"L\u2019interface t\u00e9l\u00e9matique CAN\/S6 est un bus de donn\u00e9es embarqu\u00e9 d\u00e9velopp\u00e9 pour int\u00e9grer le syst\u00e8me de suivi de v\u00e9hicules bas\u00e9 sur GPS\/GLONASS dans l\u2019\u00e9quipement \u00e9lectrique du v\u00e9hicule\" \/>\n<meta property=\"og:url\" content=\"https:\/\/jv-technoton.com\/fr\/produits-technoton\/interface-telematique-can-j1939-s6\/\" \/>\n<meta property=\"og:site_name\" content=\"Technoton\" \/>\n<meta property=\"article:modified_time\" content=\"2025-04-02T06:22:59+00:00\" \/>\n<meta property=\"og:image\" content=\"https:\/\/jv-technoton.com\/wp-content\/uploads\/2018\/01\/S6.png\" \/>\n\t<meta property=\"og:image:width\" content=\"153\" \/>\n\t<meta property=\"og:image:height\" content=\"118\" \/>\n\t<meta property=\"og:image:type\" content=\"image\/png\" \/>\n<meta name=\"twitter:card\" content=\"summary_large_image\" \/>\n<meta name=\"twitter:label1\" content=\"Dur\u00e9e de lecture estim\u00e9e\" \/>\n\t<meta name=\"twitter:data1\" content=\"3 minutes\" \/>\n<script type=\"application\/ld+json\" class=\"yoast-schema-graph\">{\"@context\":\"https:\\\/\\\/schema.org\",\"@graph\":[{\"@type\":\"WebPage\",\"@id\":\"https:\\\/\\\/jv-technoton.com\\\/fr\\\/produits-technoton\\\/interface-telematique-can-j1939-s6\\\/\",\"url\":\"https:\\\/\\\/jv-technoton.com\\\/fr\\\/produits-technoton\\\/interface-telematique-can-j1939-s6\\\/\",\"name\":\"Interface t\u00e9l\u00e9matique CAN j1939\\\/S6 | Technoton\",\"isPartOf\":{\"@id\":\"https:\\\/\\\/jv-technoton.com\\\/#website\"},\"primaryImageOfPage\":{\"@id\":\"https:\\\/\\\/jv-technoton.com\\\/fr\\\/produits-technoton\\\/interface-telematique-can-j1939-s6\\\/#primaryimage\"},\"image\":{\"@id\":\"https:\\\/\\\/jv-technoton.com\\\/fr\\\/produits-technoton\\\/interface-telematique-can-j1939-s6\\\/#primaryimage\"},\"thumbnailUrl\":\"https:\\\/\\\/jv-technoton.com\\\/wp-content\\\/uploads\\\/2018\\\/01\\\/S6.png\",\"datePublished\":\"2025-01-21T05:45:25+00:00\",\"dateModified\":\"2025-04-02T06:22:59+00:00\",\"description\":\"L\u2019interface t\u00e9l\u00e9matique CAN\\\/S6 est un bus de donn\u00e9es embarqu\u00e9 d\u00e9velopp\u00e9 pour int\u00e9grer le syst\u00e8me de suivi de v\u00e9hicules bas\u00e9 sur GPS\\\/GLONASS dans l\u2019\u00e9quipement \u00e9lectrique du v\u00e9hicule\",\"breadcrumb\":{\"@id\":\"https:\\\/\\\/jv-technoton.com\\\/fr\\\/produits-technoton\\\/interface-telematique-can-j1939-s6\\\/#breadcrumb\"},\"inLanguage\":\"fr-FR\",\"potentialAction\":[{\"@type\":\"ReadAction\",\"target\":[\"https:\\\/\\\/jv-technoton.com\\\/fr\\\/produits-technoton\\\/interface-telematique-can-j1939-s6\\\/\"]}]},{\"@type\":\"ImageObject\",\"inLanguage\":\"fr-FR\",\"@id\":\"https:\\\/\\\/jv-technoton.com\\\/fr\\\/produits-technoton\\\/interface-telematique-can-j1939-s6\\\/#primaryimage\",\"url\":\"https:\\\/\\\/jv-technoton.com\\\/wp-content\\\/uploads\\\/2018\\\/01\\\/S6.png\",\"contentUrl\":\"https:\\\/\\\/jv-technoton.com\\\/wp-content\\\/uploads\\\/2018\\\/01\\\/S6.png\"},{\"@type\":\"BreadcrumbList\",\"@id\":\"https:\\\/\\\/jv-technoton.com\\\/fr\\\/produits-technoton\\\/interface-telematique-can-j1939-s6\\\/#breadcrumb\",\"itemListElement\":[{\"@type\":\"ListItem\",\"position\":1,\"name\":\"Home\",\"item\":\"https:\\\/\\\/jv-technoton.com\\\/fr\\\/\"},{\"@type\":\"ListItem\",\"position\":2,\"name\":\"Produits Technoton\",\"item\":\"https:\\\/\\\/jv-technoton.com\\\/fr\\\/produits-technoton\\\/\"},{\"@type\":\"ListItem\",\"position\":3,\"name\":\"Interface t\u00e9l\u00e9matique CAN j1939\\\/S6\"}]},{\"@type\":\"WebSite\",\"@id\":\"https:\\\/\\\/jv-technoton.com\\\/#website\",\"url\":\"https:\\\/\\\/jv-technoton.com\\\/\",\"name\":\"Advanced machinery telematics and fuel monitoring\",\"description\":\"T\u00e9l\u00e9matique et suivi du carburant pour machines complexes\",\"publisher\":{\"@id\":\"https:\\\/\\\/jv-technoton.com\\\/#organization\"},\"potentialAction\":[{\"@type\":\"SearchAction\",\"target\":{\"@type\":\"EntryPoint\",\"urlTemplate\":\"https:\\\/\\\/jv-technoton.com\\\/?s={search_term_string}\"},\"query-input\":{\"@type\":\"PropertyValueSpecification\",\"valueRequired\":true,\"valueName\":\"search_term_string\"}}],\"inLanguage\":\"fr-FR\"},{\"@type\":\"Organization\",\"@id\":\"https:\\\/\\\/jv-technoton.com\\\/#organization\",\"name\":\"Technoton\",\"url\":\"https:\\\/\\\/jv-technoton.com\\\/\",\"logo\":{\"@type\":\"ImageObject\",\"inLanguage\":\"fr-FR\",\"@id\":\"https:\\\/\\\/jv-technoton.com\\\/#\\\/schema\\\/logo\\\/image\\\/\",\"url\":\"https:\\\/\\\/jv-technoton.com\\\/wp-content\\\/uploads\\\/2022\\\/02\\\/technoton_logo_web.png\",\"contentUrl\":\"https:\\\/\\\/jv-technoton.com\\\/wp-content\\\/uploads\\\/2022\\\/02\\\/technoton_logo_web.png\",\"width\":800,\"height\":329,\"caption\":\"Technoton\"},\"image\":{\"@id\":\"https:\\\/\\\/jv-technoton.com\\\/#\\\/schema\\\/logo\\\/image\\\/\"},\"sameAs\":[\"https:\\\/\\\/www.linkedin.com\\\/company\\\/technoton\"]}]}<\/script>\n<!-- \/ Yoast SEO Premium plugin. -->","yoast_head_json":{"title":"Interface t\u00e9l\u00e9matique CAN j1939\/S6 | Technoton","description":"L\u2019interface t\u00e9l\u00e9matique CAN\/S6 est un bus de donn\u00e9es embarqu\u00e9 d\u00e9velopp\u00e9 pour int\u00e9grer le syst\u00e8me de suivi de v\u00e9hicules bas\u00e9 sur GPS\/GLONASS dans l\u2019\u00e9quipement \u00e9lectrique du v\u00e9hicule","robots":{"index":"index","follow":"follow","max-snippet":"max-snippet:-1","max-image-preview":"max-image-preview:large","max-video-preview":"max-video-preview:-1"},"canonical":"https:\/\/jv-technoton.com\/fr\/produits-technoton\/interface-telematique-can-j1939-s6\/","og_locale":"fr_FR","og_type":"article","og_title":"Interface t\u00e9l\u00e9matique CAN j1939\/S6","og_description":"L\u2019interface t\u00e9l\u00e9matique CAN\/S6 est un bus de donn\u00e9es embarqu\u00e9 d\u00e9velopp\u00e9 pour int\u00e9grer le syst\u00e8me de suivi de v\u00e9hicules bas\u00e9 sur GPS\/GLONASS dans l\u2019\u00e9quipement \u00e9lectrique du v\u00e9hicule","og_url":"https:\/\/jv-technoton.com\/fr\/produits-technoton\/interface-telematique-can-j1939-s6\/","og_site_name":"Technoton","article_modified_time":"2025-04-02T06:22:59+00:00","og_image":[{"width":153,"height":118,"url":"https:\/\/jv-technoton.com\/wp-content\/uploads\/2018\/01\/S6.png","type":"image\/png"}],"twitter_card":"summary_large_image","twitter_misc":{"Dur\u00e9e de lecture estim\u00e9e":"3 minutes"},"schema":{"@context":"https:\/\/schema.org","@graph":[{"@type":"WebPage","@id":"https:\/\/jv-technoton.com\/fr\/produits-technoton\/interface-telematique-can-j1939-s6\/","url":"https:\/\/jv-technoton.com\/fr\/produits-technoton\/interface-telematique-can-j1939-s6\/","name":"Interface t\u00e9l\u00e9matique CAN j1939\/S6 | Technoton","isPartOf":{"@id":"https:\/\/jv-technoton.com\/#website"},"primaryImageOfPage":{"@id":"https:\/\/jv-technoton.com\/fr\/produits-technoton\/interface-telematique-can-j1939-s6\/#primaryimage"},"image":{"@id":"https:\/\/jv-technoton.com\/fr\/produits-technoton\/interface-telematique-can-j1939-s6\/#primaryimage"},"thumbnailUrl":"https:\/\/jv-technoton.com\/wp-content\/uploads\/2018\/01\/S6.png","datePublished":"2025-01-21T05:45:25+00:00","dateModified":"2025-04-02T06:22:59+00:00","description":"L\u2019interface t\u00e9l\u00e9matique CAN\/S6 est un bus de donn\u00e9es embarqu\u00e9 d\u00e9velopp\u00e9 pour int\u00e9grer le syst\u00e8me de suivi de v\u00e9hicules bas\u00e9 sur GPS\/GLONASS dans l\u2019\u00e9quipement \u00e9lectrique du v\u00e9hicule","breadcrumb":{"@id":"https:\/\/jv-technoton.com\/fr\/produits-technoton\/interface-telematique-can-j1939-s6\/#breadcrumb"},"inLanguage":"fr-FR","potentialAction":[{"@type":"ReadAction","target":["https:\/\/jv-technoton.com\/fr\/produits-technoton\/interface-telematique-can-j1939-s6\/"]}]},{"@type":"ImageObject","inLanguage":"fr-FR","@id":"https:\/\/jv-technoton.com\/fr\/produits-technoton\/interface-telematique-can-j1939-s6\/#primaryimage","url":"https:\/\/jv-technoton.com\/wp-content\/uploads\/2018\/01\/S6.png","contentUrl":"https:\/\/jv-technoton.com\/wp-content\/uploads\/2018\/01\/S6.png"},{"@type":"BreadcrumbList","@id":"https:\/\/jv-technoton.com\/fr\/produits-technoton\/interface-telematique-can-j1939-s6\/#breadcrumb","itemListElement":[{"@type":"ListItem","position":1,"name":"Home","item":"https:\/\/jv-technoton.com\/fr\/"},{"@type":"ListItem","position":2,"name":"Produits Technoton","item":"https:\/\/jv-technoton.com\/fr\/produits-technoton\/"},{"@type":"ListItem","position":3,"name":"Interface t\u00e9l\u00e9matique CAN j1939\/S6"}]},{"@type":"WebSite","@id":"https:\/\/jv-technoton.com\/#website","url":"https:\/\/jv-technoton.com\/","name":"Advanced machinery telematics and fuel monitoring","description":"T\u00e9l\u00e9matique et suivi du carburant pour machines complexes","publisher":{"@id":"https:\/\/jv-technoton.com\/#organization"},"potentialAction":[{"@type":"SearchAction","target":{"@type":"EntryPoint","urlTemplate":"https:\/\/jv-technoton.com\/?s={search_term_string}"},"query-input":{"@type":"PropertyValueSpecification","valueRequired":true,"valueName":"search_term_string"}}],"inLanguage":"fr-FR"},{"@type":"Organization","@id":"https:\/\/jv-technoton.com\/#organization","name":"Technoton","url":"https:\/\/jv-technoton.com\/","logo":{"@type":"ImageObject","inLanguage":"fr-FR","@id":"https:\/\/jv-technoton.com\/#\/schema\/logo\/image\/","url":"https:\/\/jv-technoton.com\/wp-content\/uploads\/2022\/02\/technoton_logo_web.png","contentUrl":"https:\/\/jv-technoton.com\/wp-content\/uploads\/2022\/02\/technoton_logo_web.png","width":800,"height":329,"caption":"Technoton"},"image":{"@id":"https:\/\/jv-technoton.com\/#\/schema\/logo\/image\/"},"sameAs":["https:\/\/www.linkedin.com\/company\/technoton"]}]}},"rttpg_featured_image_url":null,"rttpg_author":{"display_name":"Tretyakov Sergey","author_link":"https:\/\/jv-technoton.com\/fr\/author\/sergei_tretyakov\/"},"rttpg_comment":0,"rttpg_category":false,"rttpg_excerpt":"[vc_row full_width=\u00a0\u00bbstretch_row_content\u00a0\u00bb equal_height=\u00a0\u00bbyes\u00a0\u00bb css=\u00a0\u00bb.vc_custom_1513834684377{background-position: 0 0 !important;background-repeat: repeat !important;}\u00a0\u00bb][vc_column width=\u00a0\u00bb1\/2&Prime; css=\u00a0\u00bb.vc_custom_1515047774627{background-color: #ebecec !important;background-position: 0 0 !important;background-repeat: repeat !important;}\u00a0\u00bb][vc_column_text][\/vc_column_text][\/vc_column][vc_column width=\u00a0\u00bb1\/2&Prime;][vc_column_text css=\u00a0\u00bb.vc_custom_1737438411364{padding-left: 22px !important;}\u00a0\u00bb] Interface t\u00e9l\u00e9matique CAN j1939\/S6 [\/vc_column_text][\/vc_column][\/vc_row][vc_row full_width=\u00a0\u00bbstretch_row\u00a0\u00bb equal_height=\u00a0\u00bbyes\u00a0\u00bb css=\u00a0\u00bb.vc_custom_1511438438712{padding-top: 30px !important;}\u00a0\u00bb][vc_column width=\u00a0\u00bb1\/2&Prime;][vc_column_text css=\u00a0\u00bb\u00a0\u00bb][\/vc_column_text][\/vc_column][vc_column width=\u00a0\u00bb1\/2&Prime;][vc_column_text css=\u00a0\u00bb\u00a0\u00bb] Interface t\u00e9l\u00e9matique CAN j1939\/S6 Le CAN j1939\/S6 est une interface bas\u00e9e sur le CAN (SAE J1939), qui permet de...","_links":{"self":[{"href":"https:\/\/jv-technoton.com\/fr\/wp-json\/wp\/v2\/pages\/115117","targetHints":{"allow":["GET"]}}],"collection":[{"href":"https:\/\/jv-technoton.com\/fr\/wp-json\/wp\/v2\/pages"}],"about":[{"href":"https:\/\/jv-technoton.com\/fr\/wp-json\/wp\/v2\/types\/page"}],"author":[{"embeddable":true,"href":"https:\/\/jv-technoton.com\/fr\/wp-json\/wp\/v2\/users\/8"}],"replies":[{"embeddable":true,"href":"https:\/\/jv-technoton.com\/fr\/wp-json\/wp\/v2\/comments?post=115117"}],"version-history":[{"count":2,"href":"https:\/\/jv-technoton.com\/fr\/wp-json\/wp\/v2\/pages\/115117\/revisions"}],"predecessor-version":[{"id":117882,"href":"https:\/\/jv-technoton.com\/fr\/wp-json\/wp\/v2\/pages\/115117\/revisions\/117882"}],"up":[{"embeddable":true,"href":"https:\/\/jv-technoton.com\/fr\/wp-json\/wp\/v2\/pages\/113091"}],"wp:attachment":[{"href":"https:\/\/jv-technoton.com\/fr\/wp-json\/wp\/v2\/media?parent=115117"}],"curies":[{"name":"wp","href":"https:\/\/api.w.org\/{rel}","templated":true}]}}