{"id":115307,"date":"2025-01-23T16:45:02","date_gmt":"2025-01-23T13:45:02","guid":{"rendered":"https:\/\/jv-technoton.com\/?page_id=115307"},"modified":"2025-01-29T15:11:37","modified_gmt":"2025-01-29T12:11:37","slug":"demande-systeme-surveillance-des-bus","status":"publish","type":"page","link":"https:\/\/jv-technoton.com\/fr\/industries\/systeme-de-surveillance-des-bus\/demande-systeme-surveillance-des-bus\/","title":{"rendered":"Demande pour le Syst\u00e8me de surveillance des bus"},"content":{"rendered":"<div class=\"wpb-content-wrapper\"><p>[vc_row][vc_column]<div class=\"ult-spacer spacer-69cffc1e69190\" data-id=\"69cffc1e69190\" data-height=\"22\" data-height-mobile=\"22\" data-height-tab=\"22\" data-height-tab-portrait=\"\" data-height-mobile-landscape=\"\" style=\"clear:both;display:block;\"><\/div>[vc_column_text]<\/p>\n<h1>Demande pour le Syst\u00e8me de surveillance des bus<\/h1>\n<p>[\/vc_column_text][vc_raw_html css=\u00a0\u00bb\u00a0\u00bb]VmV1aWxsZXolMjByZW1wbGlyJTIwbGUlMjBmb3JtdWxhaXJlJTIwY2ktZGVzc291cyUyMGFmaW4lMjBxdWUlMjBub3MlMjAlQzMlQTlxdWlwZXMlMjB0ZWNobmlxdWVzJTIwZXQlMjBjb21tZXJjaWFsZXMlMjBwdWlzc2VudCUyMHByJUMzJUE5cGFyZXIlMjB1bmUlMjBzb2x1dGlvbiUyMHQlQzMlQTlsJUMzJUE5bWF0aXF1ZSUyMHN1ciUyMG1lc3VyZSUyMHBvdXIlMjBsYSUyMCUzQ2ElMjBocmVmJTNEJTIyJTJGZnIlMkZpbmR1c3RyaWVzJTJGc3lzdGVtZS1kZS1zdXJ2ZWlsbGFuY2UtZGVzLWJ1cyUyRiUyMiUzRXN1cnZlaWxsYW5jZSUyMGRlJTIwdm90cmUlMjBmbG90dGUlMjBkZSUyMGJ1cyUzQyUyRmElM0UlMkMlMjBhZGFwdCVDMyVBOWUlMjAlQzMlQTAlMjB2b3MlMjBiZXNvaW5zLg==[\/vc_raw_html][\/vc_column][\/vc_row][vc_row][vc_column width=\u00a0\u00bb1\/4&Prime;][\/vc_column][vc_column width=\u00a0\u00bb1\/2&Prime;][vc_column_text css=\u00a0\u00bb\u00a0\u00bb]\n<div class=\"wpcf7 no-js\" id=\"wpcf7-f115532-o1\" lang=\"en-US\" dir=\"ltr\" data-wpcf7-id=\"115532\">\n<div class=\"screen-reader-response\"><p role=\"status\" aria-live=\"polite\" aria-atomic=\"true\"><\/p> <ul><\/ul><\/div>\n<form action=\"\/fr\/wp-json\/wp\/v2\/pages\/115307#wpcf7-f115532-o1\" method=\"post\" class=\"wpcf7-form init\" aria-label=\"Contact form\" novalidate=\"novalidate\" data-status=\"init\">\n<fieldset class=\"hidden-fields-container\"><input type=\"hidden\" name=\"_wpcf7\" value=\"115532\" \/><input type=\"hidden\" name=\"_wpcf7_version\" value=\"6.1.5\" \/><input type=\"hidden\" name=\"_wpcf7_locale\" value=\"en_US\" \/><input type=\"hidden\" name=\"_wpcf7_unit_tag\" value=\"wpcf7-f115532-o1\" \/><input type=\"hidden\" name=\"_wpcf7_container_post\" value=\"0\" \/><input type=\"hidden\" name=\"_wpcf7_posted_data_hash\" value=\"\" \/>\n<\/fieldset>\n<p><label>Votre nom *<br \/>\n<span class=\"wpcf7-form-control-wrap\" data-name=\"your-name\"><input size=\"40\" maxlength=\"400\" class=\"wpcf7-form-control wpcf7-text wpcf7-validates-as-required\" aria-required=\"true\" aria-invalid=\"false\" value=\"\" type=\"text\" name=\"your-name\" \/><\/span><\/label>\n<\/p>\n<p><label>Entreprise *<br \/>\n<span class=\"wpcf7-form-control-wrap\" data-name=\"text-419\"><input size=\"40\" maxlength=\"400\" class=\"wpcf7-form-control wpcf7-text wpcf7-validates-as-required\" aria-required=\"true\" aria-invalid=\"false\" value=\"\" type=\"text\" name=\"text-419\" \/><\/span><\/label>\n<\/p>\n<p><label>Pays *<br \/>\n<span class=\"wpcf7-form-control-wrap\" data-name=\"text-146\"><input size=\"40\" maxlength=\"400\" class=\"wpcf7-form-control wpcf7-text wpcf7-validates-as-required\" aria-required=\"true\" aria-invalid=\"false\" value=\"\" type=\"text\" name=\"text-146\" \/><\/span><\/label>\n<\/p>\n<p><label>E-mail *<br \/>\n<span class=\"wpcf7-form-control-wrap\" data-name=\"your-email\"><input size=\"40\" maxlength=\"400\" class=\"wpcf7-form-control wpcf7-email wpcf7-validates-as-required wpcf7-text wpcf7-validates-as-email\" aria-required=\"true\" aria-invalid=\"false\" value=\"\" type=\"email\" name=\"your-email\" \/><\/span><\/label>\n<\/p>\n<p><label>Site web de l\u2019entreprise<br \/>\n<span class=\"wpcf7-form-control-wrap\" data-name=\"text-82\"><input size=\"40\" maxlength=\"400\" class=\"wpcf7-form-control wpcf7-text\" aria-invalid=\"false\" value=\"\" type=\"text\" name=\"text-82\" \/><\/span><\/label>\n<\/p>\n<p><label>Type et mod\u00e8le du bus #1 *<br \/>\n<span class=\"wpcf7-form-control-wrap\" data-name=\"text-81\"><input size=\"40\" maxlength=\"400\" class=\"wpcf7-form-control wpcf7-text wpcf7-validates-as-required\" aria-required=\"true\" aria-invalid=\"false\" value=\"\" type=\"text\" name=\"text-81\" \/><\/span><\/label>\n<\/p>\n<p><label>Type et mod\u00e8le du bus #2<br \/>\n<span class=\"wpcf7-form-control-wrap\" data-name=\"text-84\"><input size=\"40\" maxlength=\"400\" class=\"wpcf7-form-control wpcf7-text\" aria-invalid=\"false\" value=\"\" type=\"text\" name=\"text-84\" \/><\/span><\/label>\n<\/p>\n<p><label>Type et mod\u00e8le du bus #3<br \/>\n<span class=\"wpcf7-form-control-wrap\" data-name=\"text-83\"><input size=\"40\" maxlength=\"400\" class=\"wpcf7-form-control wpcf7-text\" aria-invalid=\"false\" value=\"\" type=\"text\" name=\"text-83\" \/><\/span><\/label>\n<\/p>\n<p>T\u00e2ches \u00e0 r\u00e9soudre : *<br \/>\n<span class=\"wpcf7-form-control-wrap\" data-name=\"checkbox-221\"><span class=\"wpcf7-form-control wpcf7-checkbox wpcf7-validates-as-required\"><span class=\"wpcf7-list-item first\"><label><input type=\"checkbox\" name=\"checkbox-221[]\" value=\"Surveillance du carburant\" \/><span class=\"wpcf7-list-item-label\">Surveillance du carburant<\/span><\/label><\/span><span class=\"wpcf7-list-item\"><label><input type=\"checkbox\" name=\"checkbox-221[]\" value=\"Diagnostic de l\u2019\u00e9tat du moteur\" \/><span class=\"wpcf7-list-item-label\">Diagnostic de l\u2019\u00e9tat du moteur<\/span><\/label><\/span><span class=\"wpcf7-list-item\"><label><input type=\"checkbox\" name=\"checkbox-221[]\" value=\"Suivi GPS\" \/><span class=\"wpcf7-list-item-label\">Suivi GPS<\/span><\/label><\/span><span class=\"wpcf7-list-item\"><label><input type=\"checkbox\" name=\"checkbox-221[]\" value=\"Charge \u00e0 l\u2019essieu\" \/><span class=\"wpcf7-list-item-label\">Charge \u00e0 l\u2019essieu<\/span><\/label><\/span><span class=\"wpcf7-list-item\"><label><input type=\"checkbox\" name=\"checkbox-221[]\" value=\"Surveillance du comportement de conduite\" \/><span class=\"wpcf7-list-item-label\">Surveillance du comportement de conduite<\/span><\/label><\/span><span class=\"wpcf7-list-item\"><label><input type=\"checkbox\" name=\"checkbox-221[]\" value=\"Maintenance pr\u00e9ventive\" \/><span class=\"wpcf7-list-item-label\">Maintenance pr\u00e9ventive<\/span><\/label><\/span><span class=\"wpcf7-list-item last\"><label><input type=\"checkbox\" name=\"checkbox-221[]\" value=\"Autre\" \/><span class=\"wpcf7-list-item-label\">Autre<\/span><\/label><\/span><\/span><\/span>\n<\/p>\n<p><label>Informations suppl\u00e9mentaires *<br \/>\n<span class=\"wpcf7-form-control-wrap\" data-name=\"text-826\"><textarea cols=\"40\" rows=\"10\" maxlength=\"2000\" class=\"wpcf7-form-control wpcf7-textarea wpcf7-validates-as-required\" aria-required=\"true\" aria-invalid=\"false\" name=\"text-826\"><\/textarea><\/span><\/label>\n<\/p>\n<p><label><span class=\"wpcf7-form-control-wrap\" data-name=\"acceptance-777\"><span class=\"wpcf7-form-control wpcf7-acceptance\"><span class=\"wpcf7-list-item\"><input type=\"checkbox\" name=\"acceptance-777\" value=\"1\" aria-invalid=\"false\" \/><\/span><\/span><\/span> J\u2019ai lu la Politique de Confidentialit\u00e9 et j\u2019accepte l\u2019utilisation et le traitement de mes donn\u00e9es personnelles.<\/label>\n<\/p>\n<p><input class=\"wpcf7-form-control wpcf7-submit has-spinner\" type=\"submit\" value=\"Envoyer\" \/>\n<\/p><p style=\"display: none !important;\" class=\"akismet-fields-container\" data-prefix=\"_wpcf7_ak_\"><label>&#916;<textarea name=\"_wpcf7_ak_hp_textarea\" cols=\"45\" rows=\"8\" maxlength=\"100\"><\/textarea><\/label><input type=\"hidden\" id=\"ak_js_1\" name=\"_wpcf7_ak_js\" value=\"49\"\/><script>document.getElementById( \"ak_js_1\" ).setAttribute( \"value\", ( new Date() ).getTime() );<\/script><\/p><div class=\"wpcf7-response-output\" aria-hidden=\"true\"><\/div>\n<\/form>\n<\/div>\n[\/vc_column_text][\/vc_column][vc_column width=\u00a0\u00bb1\/4&Prime;][\/vc_column][\/vc_row]<\/p>\n<\/div>","protected":false},"excerpt":{"rendered":"<p>[vc_row][vc_column][vc_column_text] Demande pour le Syst\u00e8me de surveillance des bus [\/vc_column_text][vc_raw_html css=\u00a0\u00bb\u00a0\u00bb]VmV1aWxsZXolMjByZW1wbGlyJTIwbGUlMjBmb3JtdWxhaXJlJTIwY2ktZGVzc291cyUyMGFmaW4lMjBxdWUlMjBub3MlMjAlQzMlQTlxdWlwZXMlMjB0ZWNobmlxdWVzJTIwZXQlMjBjb21tZXJjaWFsZXMlMjBwdWlzc2VudCUyMHByJUMzJUE5cGFyZXIlMjB1bmUlMjBzb2x1dGlvbiUyMHQlQzMlQTlsJUMzJUE5bWF0aXF1ZSUyMHN1ciUyMG1lc3VyZSUyMHBvdXIlMjBsYSUyMCUzQ2ElMjBocmVmJTNEJTIyJTJGZnIlMkZpbmR1c3RyaWVzJTJGc3lzdGVtZS1kZS1zdXJ2ZWlsbGFuY2UtZGVzLWJ1cyUyRiUyMiUzRXN1cnZlaWxsYW5jZSUyMGRlJTIwdm90cmUlMjBmbG90dGUlMjBkZSUyMGJ1cyUzQyUyRmElM0UlMkMlMjBhZGFwdCVDMyVBOWUlMjAlQzMlQTAlMjB2b3MlMjBiZXNvaW5zLg==[\/vc_raw_html][\/vc_column][\/vc_row][vc_row][vc_column width=\u00a0\u00bb1\/4&Prime;][\/vc_column][vc_column width=\u00a0\u00bb1\/2&Prime;][vc_column_text css=\u00a0\u00bb\u00a0\u00bb][\/vc_column_text][\/vc_column][vc_column width=\u00a0\u00bb1\/4&Prime;][\/vc_column][\/vc_row]<\/p>\n","protected":false},"author":14,"featured_media":0,"parent":115304,"menu_order":0,"comment_status":"closed","ping_status":"closed","template":"","meta":{"footnotes":""},"class_list":["post-115307","page","type-page","status-publish","hentry"],"yoast_head":"<!-- This site is optimized with the Yoast SEO Premium plugin v18.1 (Yoast SEO v27.2) - https:\/\/yoast.com\/product\/yoast-seo-premium-wordpress\/ -->\n<title>Demande pour le Syst\u00e8me de surveillance des bus | Technoton<\/title>\n<meta name=\"robots\" content=\"index, follow, max-snippet:-1, max-image-preview:large, max-video-preview:-1\" \/>\n<link rel=\"canonical\" href=\"https:\/\/jv-technoton.com\/fr\/industries\/systeme-de-surveillance-des-bus\/demande-systeme-surveillance-des-bus\/\" \/>\n<meta property=\"og:locale\" content=\"fr_FR\" \/>\n<meta property=\"og:type\" content=\"article\" \/>\n<meta property=\"og:title\" content=\"Demande pour le Syst\u00e8me de surveillance des bus\" \/>\n<meta property=\"og:description\" content=\"[vc_row][vc_column][vc_column_text] Demande pour le Syst\u00e8me de surveillance des bus [\/vc_column_text][vc_raw_html css=\u00a0\u00bb\u00a0\u00bb]VmV1aWxsZXolMjByZW1wbGlyJTIwbGUlMjBmb3JtdWxhaXJlJTIwY2ktZGVzc291cyUyMGFmaW4lMjBxdWUlMjBub3MlMjAlQzMlQTlxdWlwZXMlMjB0ZWNobmlxdWVzJTIwZXQlMjBjb21tZXJjaWFsZXMlMjBwdWlzc2VudCUyMHByJUMzJUE5cGFyZXIlMjB1bmUlMjBzb2x1dGlvbiUyMHQlQzMlQTlsJUMzJUE5bWF0aXF1ZSUyMHN1ciUyMG1lc3VyZSUyMHBvdXIlMjBsYSUyMCUzQ2ElMjBocmVmJTNEJTIyJTJGZnIlMkZpbmR1c3RyaWVzJTJGc3lzdGVtZS1kZS1zdXJ2ZWlsbGFuY2UtZGVzLWJ1cyUyRiUyMiUzRXN1cnZlaWxsYW5jZSUyMGRlJTIwdm90cmUlMjBmbG90dGUlMjBkZSUyMGJ1cyUzQyUyRmElM0UlMkMlMjBhZGFwdCVDMyVBOWUlMjAlQzMlQTAlMjB2b3MlMjBiZXNvaW5zLg==[\/vc_raw_html][\/vc_column][\/vc_row][vc_row][vc_column width=\u00a0\u00bb1\/4&Prime;][\/vc_column][vc_column width=\u00a0\u00bb1\/2&Prime;][vc_column_text css=\u00a0\u00bb\u00a0\u00bb][\/vc_column_text][\/vc_column][vc_column width=\u00a0\u00bb1\/4&Prime;][\/vc_column][\/vc_row]\" \/>\n<meta property=\"og:url\" content=\"https:\/\/jv-technoton.com\/fr\/industries\/systeme-de-surveillance-des-bus\/demande-systeme-surveillance-des-bus\/\" \/>\n<meta property=\"og:site_name\" content=\"Technoton\" \/>\n<meta property=\"article:modified_time\" content=\"2025-01-29T12:11:37+00:00\" \/>\n<meta name=\"twitter:card\" content=\"summary_large_image\" \/>\n<meta name=\"twitter:label1\" content=\"Dur\u00e9e de lecture estim\u00e9e\" \/>\n\t<meta name=\"twitter:data1\" content=\"1 minute\" \/>\n<script type=\"application\/ld+json\" class=\"yoast-schema-graph\">{\"@context\":\"https:\/\/schema.org\",\"@graph\":[{\"@type\":\"WebPage\",\"@id\":\"https:\/\/jv-technoton.com\/fr\/industries\/systeme-de-surveillance-des-bus\/demande-systeme-surveillance-des-bus\/\",\"url\":\"https:\/\/jv-technoton.com\/fr\/industries\/systeme-de-surveillance-des-bus\/demande-systeme-surveillance-des-bus\/\",\"name\":\"Demande pour le Syst\u00e8me de surveillance des bus | Technoton\",\"isPartOf\":{\"@id\":\"https:\/\/jv-technoton.com\/#website\"},\"datePublished\":\"2025-01-23T13:45:02+00:00\",\"dateModified\":\"2025-01-29T12:11:37+00:00\",\"breadcrumb\":{\"@id\":\"https:\/\/jv-technoton.com\/fr\/industries\/systeme-de-surveillance-des-bus\/demande-systeme-surveillance-des-bus\/#breadcrumb\"},\"inLanguage\":\"fr-FR\",\"potentialAction\":[{\"@type\":\"ReadAction\",\"target\":[\"https:\/\/jv-technoton.com\/fr\/industries\/systeme-de-surveillance-des-bus\/demande-systeme-surveillance-des-bus\/\"]}]},{\"@type\":\"BreadcrumbList\",\"@id\":\"https:\/\/jv-technoton.com\/fr\/industries\/systeme-de-surveillance-des-bus\/demande-systeme-surveillance-des-bus\/#breadcrumb\",\"itemListElement\":[{\"@type\":\"ListItem\",\"position\":1,\"name\":\"Home\",\"item\":\"https:\/\/jv-technoton.com\/fr\/\"},{\"@type\":\"ListItem\",\"position\":2,\"name\":\"Solutions t\u00e9l\u00e9matiques sp\u00e9cifiques \u00e0 l&#8217;industrie\",\"item\":\"https:\/\/jv-technoton.com\/fr\/industries\/\"},{\"@type\":\"ListItem\",\"position\":3,\"name\":\"Syst\u00e8me de surveillance des bus\",\"item\":\"https:\/\/jv-technoton.com\/fr\/industries\/systeme-de-surveillance-des-bus\/\"},{\"@type\":\"ListItem\",\"position\":4,\"name\":\"Demande pour le Syst\u00e8me de surveillance des bus\"}]},{\"@type\":\"WebSite\",\"@id\":\"https:\/\/jv-technoton.com\/#website\",\"url\":\"https:\/\/jv-technoton.com\/\",\"name\":\"Advanced machinery telematics and fuel monitoring\",\"description\":\"T\u00e9l\u00e9matique et suivi du carburant pour machines complexes\",\"publisher\":{\"@id\":\"https:\/\/jv-technoton.com\/#organization\"},\"potentialAction\":[{\"@type\":\"SearchAction\",\"target\":{\"@type\":\"EntryPoint\",\"urlTemplate\":\"https:\/\/jv-technoton.com\/?s={search_term_string}\"},\"query-input\":{\"@type\":\"PropertyValueSpecification\",\"valueRequired\":true,\"valueName\":\"search_term_string\"}}],\"inLanguage\":\"fr-FR\"},{\"@type\":\"Organization\",\"@id\":\"https:\/\/jv-technoton.com\/#organization\",\"name\":\"Technoton\",\"url\":\"https:\/\/jv-technoton.com\/\",\"logo\":{\"@type\":\"ImageObject\",\"inLanguage\":\"fr-FR\",\"@id\":\"https:\/\/jv-technoton.com\/#\/schema\/logo\/image\/\",\"url\":\"https:\/\/jv-technoton.com\/wp-content\/uploads\/2022\/02\/technoton_logo_web.png\",\"contentUrl\":\"https:\/\/jv-technoton.com\/wp-content\/uploads\/2022\/02\/technoton_logo_web.png\",\"width\":800,\"height\":329,\"caption\":\"Technoton\"},\"image\":{\"@id\":\"https:\/\/jv-technoton.com\/#\/schema\/logo\/image\/\"},\"sameAs\":[\"https:\/\/www.linkedin.com\/company\/technoton\"]}]}<\/script>\n<!-- \/ Yoast SEO Premium plugin. -->","yoast_head_json":{"title":"Demande pour le Syst\u00e8me de surveillance des bus | Technoton","robots":{"index":"index","follow":"follow","max-snippet":"max-snippet:-1","max-image-preview":"max-image-preview:large","max-video-preview":"max-video-preview:-1"},"canonical":"https:\/\/jv-technoton.com\/fr\/industries\/systeme-de-surveillance-des-bus\/demande-systeme-surveillance-des-bus\/","og_locale":"fr_FR","og_type":"article","og_title":"Demande pour le Syst\u00e8me de surveillance des bus","og_description":"[vc_row][vc_column][vc_column_text] Demande pour le Syst\u00e8me de surveillance des bus [\/vc_column_text][vc_raw_html css=\u00a0\u00bb\u00a0\u00bb]VmV1aWxsZXolMjByZW1wbGlyJTIwbGUlMjBmb3JtdWxhaXJlJTIwY2ktZGVzc291cyUyMGFmaW4lMjBxdWUlMjBub3MlMjAlQzMlQTlxdWlwZXMlMjB0ZWNobmlxdWVzJTIwZXQlMjBjb21tZXJjaWFsZXMlMjBwdWlzc2VudCUyMHByJUMzJUE5cGFyZXIlMjB1bmUlMjBzb2x1dGlvbiUyMHQlQzMlQTlsJUMzJUE5bWF0aXF1ZSUyMHN1ciUyMG1lc3VyZSUyMHBvdXIlMjBsYSUyMCUzQ2ElMjBocmVmJTNEJTIyJTJGZnIlMkZpbmR1c3RyaWVzJTJGc3lzdGVtZS1kZS1zdXJ2ZWlsbGFuY2UtZGVzLWJ1cyUyRiUyMiUzRXN1cnZlaWxsYW5jZSUyMGRlJTIwdm90cmUlMjBmbG90dGUlMjBkZSUyMGJ1cyUzQyUyRmElM0UlMkMlMjBhZGFwdCVDMyVBOWUlMjAlQzMlQTAlMjB2b3MlMjBiZXNvaW5zLg==[\/vc_raw_html][\/vc_column][\/vc_row][vc_row][vc_column width=\u00a0\u00bb1\/4&Prime;][\/vc_column][vc_column width=\u00a0\u00bb1\/2&Prime;][vc_column_text css=\u00a0\u00bb\u00a0\u00bb][\/vc_column_text][\/vc_column][vc_column width=\u00a0\u00bb1\/4&Prime;][\/vc_column][\/vc_row]","og_url":"https:\/\/jv-technoton.com\/fr\/industries\/systeme-de-surveillance-des-bus\/demande-systeme-surveillance-des-bus\/","og_site_name":"Technoton","article_modified_time":"2025-01-29T12:11:37+00:00","twitter_card":"summary_large_image","twitter_misc":{"Dur\u00e9e de lecture estim\u00e9e":"1 minute"},"schema":{"@context":"https:\/\/schema.org","@graph":[{"@type":"WebPage","@id":"https:\/\/jv-technoton.com\/fr\/industries\/systeme-de-surveillance-des-bus\/demande-systeme-surveillance-des-bus\/","url":"https:\/\/jv-technoton.com\/fr\/industries\/systeme-de-surveillance-des-bus\/demande-systeme-surveillance-des-bus\/","name":"Demande pour le Syst\u00e8me de surveillance des bus | Technoton","isPartOf":{"@id":"https:\/\/jv-technoton.com\/#website"},"datePublished":"2025-01-23T13:45:02+00:00","dateModified":"2025-01-29T12:11:37+00:00","breadcrumb":{"@id":"https:\/\/jv-technoton.com\/fr\/industries\/systeme-de-surveillance-des-bus\/demande-systeme-surveillance-des-bus\/#breadcrumb"},"inLanguage":"fr-FR","potentialAction":[{"@type":"ReadAction","target":["https:\/\/jv-technoton.com\/fr\/industries\/systeme-de-surveillance-des-bus\/demande-systeme-surveillance-des-bus\/"]}]},{"@type":"BreadcrumbList","@id":"https:\/\/jv-technoton.com\/fr\/industries\/systeme-de-surveillance-des-bus\/demande-systeme-surveillance-des-bus\/#breadcrumb","itemListElement":[{"@type":"ListItem","position":1,"name":"Home","item":"https:\/\/jv-technoton.com\/fr\/"},{"@type":"ListItem","position":2,"name":"Solutions t\u00e9l\u00e9matiques sp\u00e9cifiques \u00e0 l&#8217;industrie","item":"https:\/\/jv-technoton.com\/fr\/industries\/"},{"@type":"ListItem","position":3,"name":"Syst\u00e8me de surveillance des bus","item":"https:\/\/jv-technoton.com\/fr\/industries\/systeme-de-surveillance-des-bus\/"},{"@type":"ListItem","position":4,"name":"Demande pour le Syst\u00e8me de surveillance des bus"}]},{"@type":"WebSite","@id":"https:\/\/jv-technoton.com\/#website","url":"https:\/\/jv-technoton.com\/","name":"Advanced machinery telematics and fuel monitoring","description":"T\u00e9l\u00e9matique et suivi du carburant pour machines complexes","publisher":{"@id":"https:\/\/jv-technoton.com\/#organization"},"potentialAction":[{"@type":"SearchAction","target":{"@type":"EntryPoint","urlTemplate":"https:\/\/jv-technoton.com\/?s={search_term_string}"},"query-input":{"@type":"PropertyValueSpecification","valueRequired":true,"valueName":"search_term_string"}}],"inLanguage":"fr-FR"},{"@type":"Organization","@id":"https:\/\/jv-technoton.com\/#organization","name":"Technoton","url":"https:\/\/jv-technoton.com\/","logo":{"@type":"ImageObject","inLanguage":"fr-FR","@id":"https:\/\/jv-technoton.com\/#\/schema\/logo\/image\/","url":"https:\/\/jv-technoton.com\/wp-content\/uploads\/2022\/02\/technoton_logo_web.png","contentUrl":"https:\/\/jv-technoton.com\/wp-content\/uploads\/2022\/02\/technoton_logo_web.png","width":800,"height":329,"caption":"Technoton"},"image":{"@id":"https:\/\/jv-technoton.com\/#\/schema\/logo\/image\/"},"sameAs":["https:\/\/www.linkedin.com\/company\/technoton"]}]}},"rttpg_featured_image_url":null,"rttpg_author":{"display_name":"Ruslan_Lednik","author_link":"https:\/\/jv-technoton.com\/fr\/author\/ruslan_lednik\/"},"rttpg_comment":0,"rttpg_category":false,"rttpg_excerpt":"[vc_row][vc_column][vc_column_text] Demande pour le Syst\u00e8me de surveillance des bus [\/vc_column_text][vc_raw_html css=\u00a0\u00bb\u00a0\u00bb]VmV1aWxsZXolMjByZW1wbGlyJTIwbGUlMjBmb3JtdWxhaXJlJTIwY2ktZGVzc291cyUyMGFmaW4lMjBxdWUlMjBub3MlMjAlQzMlQTlxdWlwZXMlMjB0ZWNobmlxdWVzJTIwZXQlMjBjb21tZXJjaWFsZXMlMjBwdWlzc2VudCUyMHByJUMzJUE5cGFyZXIlMjB1bmUlMjBzb2x1dGlvbiUyMHQlQzMlQTlsJUMzJUE5bWF0aXF1ZSUyMHN1ciUyMG1lc3VyZSUyMHBvdXIlMjBsYSUyMCUzQ2ElMjBocmVmJTNEJTIyJTJGZnIlMkZpbmR1c3RyaWVzJTJGc3lzdGVtZS1kZS1zdXJ2ZWlsbGFuY2UtZGVzLWJ1cyUyRiUyMiUzRXN1cnZlaWxsYW5jZSUyMGRlJTIwdm90cmUlMjBmbG90dGUlMjBkZSUyMGJ1cyUzQyUyRmElM0UlMkMlMjBhZGFwdCVDMyVBOWUlMjAlQzMlQTAlMjB2b3MlMjBiZXNvaW5zLg==[\/vc_raw_html][\/vc_column][\/vc_row][vc_row][vc_column width=\u00a0\u00bb1\/4&Prime;][\/vc_column][vc_column width=\u00a0\u00bb1\/2&Prime;][vc_column_text css=\u00a0\u00bb\u00a0\u00bb][\/vc_column_text][\/vc_column][vc_column width=\u00a0\u00bb1\/4&Prime;][\/vc_column][\/vc_row]","_links":{"self":[{"href":"https:\/\/jv-technoton.com\/fr\/wp-json\/wp\/v2\/pages\/115307","targetHints":{"allow":["GET"]}}],"collection":[{"href":"https:\/\/jv-technoton.com\/fr\/wp-json\/wp\/v2\/pages"}],"about":[{"href":"https:\/\/jv-technoton.com\/fr\/wp-json\/wp\/v2\/types\/page"}],"author":[{"embeddable":true,"href":"https:\/\/jv-technoton.com\/fr\/wp-json\/wp\/v2\/users\/14"}],"replies":[{"embeddable":true,"href":"https:\/\/jv-technoton.com\/fr\/wp-json\/wp\/v2\/comments?post=115307"}],"version-history":[{"count":0,"href":"https:\/\/jv-technoton.com\/fr\/wp-json\/wp\/v2\/pages\/115307\/revisions"}],"up":[{"embeddable":true,"href":"https:\/\/jv-technoton.com\/fr\/wp-json\/wp\/v2\/pages\/115304"}],"wp:attachment":[{"href":"https:\/\/jv-technoton.com\/fr\/wp-json\/wp\/v2\/media?parent=115307"}],"curies":[{"name":"wp","href":"https:\/\/api.w.org\/{rel}","templated":true}]}}