{"id":125647,"date":"2025-09-19T14:33:26","date_gmt":"2025-09-19T11:33:26","guid":{"rendered":"https:\/\/jv-technoton.com\/?page_id=125647"},"modified":"2025-09-19T14:34:49","modified_gmt":"2025-09-19T11:34:49","slug":"politique-de-confidentialite-des-donnees-personnelles","status":"publish","type":"page","link":"https:\/\/jv-technoton.com\/fr\/politique-de-confidentialite-des-donnees-personnelles\/","title":{"rendered":"Politique de confidentialit\u00e9 des donn\u00e9es personnelles"},"content":{"rendered":"<div class=\"wpb-content-wrapper\"><p>[vc_row][vc_column]<div class=\"ult-spacer spacer-69e428cddc7a2\" data-id=\"69e428cddc7a2\" data-height=\"20\" data-height-mobile=\"20\" data-height-tab=\"20\" data-height-tab-portrait=\"\" data-height-mobile-landscape=\"\" style=\"clear:both;display:block;\"><\/div>[\/vc_column][\/vc_row][vc_row][vc_column][vc_column_text css=\u00a0\u00bb\u00a0\u00bb]<\/p>\n<h1 style=\"text-align: justify;\"><strong>Politique de confidentialit\u00e9 des donn\u00e9es personnelles<\/strong><\/h1>\n<p style=\"text-align: justify;\">Technoton s\u2019engage \u00e0 garantir la protection de votre vie priv\u00e9e. Vos donn\u00e9es personnelles ne seront utilis\u00e9es qu\u2019en conformit\u00e9 avec la pr\u00e9sente politique de confidentialit\u00e9 (la \u00ab Politique \u00bb).<\/p>\n<p style=\"text-align: justify;\">Technoton se r\u00e9serve le droit de modifier la pr\u00e9sente Politique \u00e0 tout moment et sans pr\u00e9avis. La version \u00e0 jour de la Politique est disponible sur le site Internet de Technoton&nbsp;<u><a href=\"https:\/\/jv-technoton.com\/fr\/\">https:\/\/jv-technoton.com<\/a><\/u><\/p>\n<p style=\"text-align: justify;\">Afin de pr\u00e9venir tout acc\u00e8s ou divulgation non autoris\u00e9, nous avons mis en place des normes g\u00e9n\u00e9ralement accept\u00e9es en mati\u00e8re de technologie et de s\u00e9curit\u00e9 op\u00e9rationnelle afin de prot\u00e9ger les donn\u00e9es personnelles contre la perte, l\u2019utilisation abusive ou l\u2019alt\u00e9ration ou destruction non autoris\u00e9e.<\/p>\n<p style=\"text-align: justify;\"><strong>Technoton traite les donn\u00e9es personnelles afin de :<\/strong><\/p>\n<ul style=\"text-align: justify;\">\n<li>permettre l\u2019utilisation du site Internet ;<\/li>\n<li>fournir des informations marketing, y compris des messages d\u2019information sur les actualit\u00e9s, promotions et offres sp\u00e9ciales de Technoton ;<\/li>\n<li>r\u00e9pondre \u00e0 vos demandes et r\u00e9clamations ;<\/li>\n<li>respecter les exigences l\u00e9gales.<\/li>\n<\/ul>\n<p style=\"text-align: justify;\">Technoton traite vos donn\u00e9es personnelles : sur la base de votre consentement, pour ex\u00e9cuter un contrat, pour se conformer aux obligations l\u00e9gales et pour prot\u00e9ger des int\u00e9r\u00eats l\u00e9gitimes.<\/p>\n<p style=\"text-align: justify;\"><strong>Pour atteindre les objectifs mentionn\u00e9s ci-dessus, nous avons besoin des donn\u00e9es personnelles suivantes :<\/strong><\/p>\n<ul style=\"text-align: justify;\">\n<li>nom et pr\u00e9nom ;<\/li>\n<li>coordonn\u00e9es (adresse, t\u00e9l\u00e9phone, e-mail), y compris les donn\u00e9es relatives \u00e0 votre emploi ;<\/li>\n<li>donn\u00e9es collect\u00e9es lors de l\u2019utilisation du site Internet et d\u2019autres supports num\u00e9riques, y compris l\u2019adresse IP, le type de navigateur, le syst\u00e8me d\u2019exploitation, le site Internet de provenance. Technoton collecte \u00e9galement des donn\u00e9es via des cookies et technologies similaires pendant votre session sur le site ;<\/li>\n<li>donn\u00e9es issues des r\u00e9seaux sociaux. En fonction des param\u00e8tres du r\u00e9seau social, Technoton peut recevoir des donn\u00e9es de votre fournisseur de r\u00e9seau social : acc\u00e8s au profil, y compris coordonn\u00e9es, centres d\u2019int\u00e9r\u00eat et contacts. Des informations plus d\u00e9taill\u00e9es sur les donn\u00e9es personnelles que Technoton re\u00e7oit de votre fournisseur de r\u00e9seau social, ainsi que sur les param\u00e8tres, sont disponibles dans la politique de confidentialit\u00e9 du fournisseur de r\u00e9seau social ;<\/li>\n<li>donn\u00e9es suppl\u00e9mentaires que vous fournissez \u00e0 Technoton, notamment vos centres d\u2019int\u00e9r\u00eat et pr\u00e9f\u00e9rences, commentaires, informations issues de vos questionnaires et formulaires ;<\/li>\n<li>autres donn\u00e9es non sp\u00e9cifi\u00e9es dans la pr\u00e9sente Politique. Pour traiter ces donn\u00e9es, Technoton peut vous demander un consentement suppl\u00e9mentaire.<\/li>\n<\/ul>\n<p style=\"text-align: justify;\">Nous transmettons vos donn\u00e9es personnelles \u00e0 des compagnies a\u00e9riennes partenaires, des a\u00e9roports et d\u2019autres prestataires de services, agents et sous-traitants pour ex\u00e9cuter des t\u00e2ches et vous fournir des services en notre nom, ainsi qu\u2019aux autorit\u00e9s publiques conform\u00e9ment \u00e0 la loi.<\/p>\n<p style=\"text-align: justify;\">Nous conserverons vos donn\u00e9es personnelles jusqu\u2019\u00e0 ce que les objectifs de traitement soient atteints, en tenant compte des d\u00e9lais pr\u00e9vus par la loi.<\/p>\n<p style=\"text-align: justify;\"><strong>Sources et m\u00e9thodes de collecte des donn\u00e9es personnelles :<\/strong><\/p>\n<ul style=\"text-align: justify;\">\n<li>site Internet de Technoton ;<\/li>\n<li>coop\u00e9ration avec les partenaires, revendeurs et distributeurs de Technoton via le site Internet, e-mail, t\u00e9l\u00e9phone, r\u00e9seaux sociaux et messageries, y compris les demandes adress\u00e9es \u00e0 Technoton, les r\u00e9clamations, les abonnements \u00e0 des lettres d\u2019information ou notifications, la participation \u00e0 des questionnaires ;<\/li>\n<li>autorit\u00e9s publiques et organismes charg\u00e9s de l\u2019application de la loi.<\/li>\n<\/ul>\n<p style=\"text-align: justify;\"><strong>Vous avez le droit de :<\/strong><\/p>\n<ul style=\"text-align: justify;\">\n<li>obtenir la confirmation du traitement de vos donn\u00e9es personnelles et, en cas de traitement, acc\u00e9der \u00e0 vos donn\u00e9es ;<\/li>\n<li>corriger les inexactitudes dans vos donn\u00e9es personnelles ;<\/li>\n<li>cesser le traitement de vos donn\u00e9es personnelles ;<\/li>\n<li>effacer vos donn\u00e9es personnelles ;<\/li>\n<li>recevoir les donn\u00e9es personnelles que vous nous avez fournies et les transf\u00e9rer librement \u00e0 un autre responsable du traitement ;<\/li>\n<li>vous opposer \u00e0 toute d\u00e9cision vous affectant de mani\u00e8re significative, prise uniquement sur la base d\u2019un traitement automatis\u00e9.<\/li>\n<\/ul>\n<p style=\"text-align: justify;\">Si vous avez des questions concernant le traitement de vos donn\u00e9es personnelles, veuillez contacter Technoton par e-mail : <a href=\"mailto:marketing@jv-technoton.com\">marketing@jv-technoton.com<\/a>.<\/p>\n<p style=\"text-align: justify;\"><strong>Utilisation des cookies.<\/strong><\/p>\n<p style=\"text-align: justify;\">Un \u00ab cookie \u00bb est un petit fichier texte qu\u2019un serveur web envoie \u00e0 votre navigateur lorsque vous visitez un site Internet. Les cookies ne repr\u00e9sentent pas une menace pour votre ordinateur car ce sont des fichiers texte et non des programmes ex\u00e9cutables.<\/p>\n<p style=\"text-align: justify;\">Nous utilisons des cookies pour suivre les pr\u00e9f\u00e9rences des visiteurs de notre site et optimiser celui-ci afin de mieux r\u00e9pondre aux besoins de nos clients.<\/p>\n<p style=\"text-align: justify;\">Vous pouvez modifier les param\u00e8tres de votre navigateur afin de devoir confirmer votre consentement chaque fois avant l\u2019utilisation des cookies, ou interdire compl\u00e8tement leur enregistrement.<\/p>\n<p style=\"text-align: justify;\"><strong>Liens vers d\u2019autres sites Internet.<\/strong><\/p>\n<p style=\"text-align: justify;\">Notre site peut contenir des liens vers d\u2019autres sites Internet. Cependant, une fois que vous avez utilis\u00e9 ces liens pour quitter notre site, veuillez noter que nous n\u2019avons aucun contr\u00f4le sur ces autres sites. Par cons\u00e9quent, nous ne pouvons \u00eatre tenus responsables de la protection et de la confidentialit\u00e9 des donn\u00e9es que vous fournissez lorsque vous visitez ces sites, et ces sites ne sont pas r\u00e9gis par la pr\u00e9sente politique de confidentialit\u00e9. Vous devez faire preuve de prudence et consulter la politique de confidentialit\u00e9 applicable au site en question.<\/p>\n<p style=\"text-align: justify;\">Vous pouvez contacter la personne responsable de la protection des donn\u00e9es personnelles \u00e0 : <a href=\"mailto:marketing@jv-technoton.com\">marketing@jv-technoton.com<\/a>.<\/p>\n<p>[\/vc_column_text][\/vc_column][\/vc_row]<\/p>\n<\/div>","protected":false},"excerpt":{"rendered":"<p>[vc_row][vc_column][\/vc_column][\/vc_row][vc_row][vc_column][vc_column_text css=\u00a0\u00bb\u00a0\u00bb] Politique de confidentialit\u00e9 des donn\u00e9es personnelles Technoton s\u2019engage \u00e0 garantir la protection de votre vie priv\u00e9e. Vos donn\u00e9es personnelles ne seront utilis\u00e9es qu\u2019en conformit\u00e9 avec la pr\u00e9sente politique de confidentialit\u00e9 (la \u00ab Politique \u00bb). Technoton se r\u00e9serve le droit de modifier la pr\u00e9sente Politique \u00e0 tout moment et sans pr\u00e9avis. La version \u00e0 [&hellip;]<\/p>\n","protected":false},"author":19,"featured_media":0,"parent":0,"menu_order":0,"comment_status":"closed","ping_status":"closed","template":"","meta":{"footnotes":""},"class_list":["post-125647","page","type-page","status-publish","hentry"],"yoast_head":"<!-- This site is optimized with the Yoast SEO plugin v27.3 - https:\/\/yoast.com\/product\/yoast-seo-wordpress\/ -->\n<title>Politique de confidentialit\u00e9 des donn\u00e9es personnelles | Technoton<\/title>\n<meta name=\"robots\" content=\"index, follow, max-snippet:-1, max-image-preview:large, max-video-preview:-1\" \/>\n<link rel=\"canonical\" href=\"https:\/\/jv-technoton.com\/fr\/politique-de-confidentialite-des-donnees-personnelles\/\" \/>\n<meta property=\"og:locale\" content=\"fr_FR\" \/>\n<meta property=\"og:type\" content=\"article\" \/>\n<meta property=\"og:title\" content=\"Politique de confidentialit\u00e9 des donn\u00e9es personnelles | Technoton\" \/>\n<meta property=\"og:description\" content=\"[vc_row][vc_column][\/vc_column][\/vc_row][vc_row][vc_column][vc_column_text css=\u00a0\u00bb\u00a0\u00bb] Politique de confidentialit\u00e9 des donn\u00e9es personnelles Technoton s\u2019engage \u00e0 garantir la protection de votre vie priv\u00e9e. Vos donn\u00e9es personnelles ne seront utilis\u00e9es qu\u2019en conformit\u00e9 avec la pr\u00e9sente politique de confidentialit\u00e9 (la \u00ab Politique \u00bb). Technoton se r\u00e9serve le droit de modifier la pr\u00e9sente Politique \u00e0 tout moment et sans pr\u00e9avis. La version \u00e0 [&hellip;]\" \/>\n<meta property=\"og:url\" content=\"https:\/\/jv-technoton.com\/fr\/politique-de-confidentialite-des-donnees-personnelles\/\" \/>\n<meta property=\"og:site_name\" content=\"Technoton\" \/>\n<meta property=\"article:modified_time\" content=\"2025-09-19T11:34:49+00:00\" \/>\n<meta name=\"twitter:card\" content=\"summary_large_image\" \/>\n<meta name=\"twitter:label1\" content=\"Dur\u00e9e de lecture estim\u00e9e\" \/>\n\t<meta name=\"twitter:data1\" content=\"4 minutes\" \/>\n<script type=\"application\/ld+json\" class=\"yoast-schema-graph\">{\"@context\":\"https:\\\/\\\/schema.org\",\"@graph\":[{\"@type\":\"WebPage\",\"@id\":\"https:\\\/\\\/jv-technoton.com\\\/fr\\\/politique-de-confidentialite-des-donnees-personnelles\\\/\",\"url\":\"https:\\\/\\\/jv-technoton.com\\\/fr\\\/politique-de-confidentialite-des-donnees-personnelles\\\/\",\"name\":\"Politique de confidentialit\u00e9 des donn\u00e9es personnelles | Technoton\",\"isPartOf\":{\"@id\":\"https:\\\/\\\/jv-technoton.com\\\/#website\"},\"datePublished\":\"2025-09-19T11:33:26+00:00\",\"dateModified\":\"2025-09-19T11:34:49+00:00\",\"breadcrumb\":{\"@id\":\"https:\\\/\\\/jv-technoton.com\\\/fr\\\/politique-de-confidentialite-des-donnees-personnelles\\\/#breadcrumb\"},\"inLanguage\":\"fr-FR\",\"potentialAction\":[{\"@type\":\"ReadAction\",\"target\":[\"https:\\\/\\\/jv-technoton.com\\\/fr\\\/politique-de-confidentialite-des-donnees-personnelles\\\/\"]}]},{\"@type\":\"BreadcrumbList\",\"@id\":\"https:\\\/\\\/jv-technoton.com\\\/fr\\\/politique-de-confidentialite-des-donnees-personnelles\\\/#breadcrumb\",\"itemListElement\":[{\"@type\":\"ListItem\",\"position\":1,\"name\":\"Home\",\"item\":\"https:\\\/\\\/jv-technoton.com\\\/fr\\\/\"},{\"@type\":\"ListItem\",\"position\":2,\"name\":\"Politique de confidentialit\u00e9 des donn\u00e9es personnelles\"}]},{\"@type\":\"WebSite\",\"@id\":\"https:\\\/\\\/jv-technoton.com\\\/#website\",\"url\":\"https:\\\/\\\/jv-technoton.com\\\/\",\"name\":\"Advanced machinery telematics and fuel monitoring\",\"description\":\"T\u00e9l\u00e9matique et suivi du carburant pour machines complexes\",\"publisher\":{\"@id\":\"https:\\\/\\\/jv-technoton.com\\\/#organization\"},\"potentialAction\":[{\"@type\":\"SearchAction\",\"target\":{\"@type\":\"EntryPoint\",\"urlTemplate\":\"https:\\\/\\\/jv-technoton.com\\\/?s={search_term_string}\"},\"query-input\":{\"@type\":\"PropertyValueSpecification\",\"valueRequired\":true,\"valueName\":\"search_term_string\"}}],\"inLanguage\":\"fr-FR\"},{\"@type\":\"Organization\",\"@id\":\"https:\\\/\\\/jv-technoton.com\\\/#organization\",\"name\":\"Technoton\",\"url\":\"https:\\\/\\\/jv-technoton.com\\\/\",\"logo\":{\"@type\":\"ImageObject\",\"inLanguage\":\"fr-FR\",\"@id\":\"https:\\\/\\\/jv-technoton.com\\\/#\\\/schema\\\/logo\\\/image\\\/\",\"url\":\"https:\\\/\\\/jv-technoton.com\\\/wp-content\\\/uploads\\\/2022\\\/02\\\/technoton_logo_web.png\",\"contentUrl\":\"https:\\\/\\\/jv-technoton.com\\\/wp-content\\\/uploads\\\/2022\\\/02\\\/technoton_logo_web.png\",\"width\":800,\"height\":329,\"caption\":\"Technoton\"},\"image\":{\"@id\":\"https:\\\/\\\/jv-technoton.com\\\/#\\\/schema\\\/logo\\\/image\\\/\"},\"sameAs\":[\"https:\\\/\\\/www.linkedin.com\\\/company\\\/technoton\"]}]}<\/script>\n<!-- \/ Yoast SEO plugin. -->","yoast_head_json":{"title":"Politique de confidentialit\u00e9 des donn\u00e9es personnelles | Technoton","robots":{"index":"index","follow":"follow","max-snippet":"max-snippet:-1","max-image-preview":"max-image-preview:large","max-video-preview":"max-video-preview:-1"},"canonical":"https:\/\/jv-technoton.com\/fr\/politique-de-confidentialite-des-donnees-personnelles\/","og_locale":"fr_FR","og_type":"article","og_title":"Politique de confidentialit\u00e9 des donn\u00e9es personnelles | Technoton","og_description":"[vc_row][vc_column][\/vc_column][\/vc_row][vc_row][vc_column][vc_column_text css=\u00a0\u00bb\u00a0\u00bb] Politique de confidentialit\u00e9 des donn\u00e9es personnelles Technoton s\u2019engage \u00e0 garantir la protection de votre vie priv\u00e9e. Vos donn\u00e9es personnelles ne seront utilis\u00e9es qu\u2019en conformit\u00e9 avec la pr\u00e9sente politique de confidentialit\u00e9 (la \u00ab Politique \u00bb). Technoton se r\u00e9serve le droit de modifier la pr\u00e9sente Politique \u00e0 tout moment et sans pr\u00e9avis. La version \u00e0 [&hellip;]","og_url":"https:\/\/jv-technoton.com\/fr\/politique-de-confidentialite-des-donnees-personnelles\/","og_site_name":"Technoton","article_modified_time":"2025-09-19T11:34:49+00:00","twitter_card":"summary_large_image","twitter_misc":{"Dur\u00e9e de lecture estim\u00e9e":"4 minutes"},"schema":{"@context":"https:\/\/schema.org","@graph":[{"@type":"WebPage","@id":"https:\/\/jv-technoton.com\/fr\/politique-de-confidentialite-des-donnees-personnelles\/","url":"https:\/\/jv-technoton.com\/fr\/politique-de-confidentialite-des-donnees-personnelles\/","name":"Politique de confidentialit\u00e9 des donn\u00e9es personnelles | Technoton","isPartOf":{"@id":"https:\/\/jv-technoton.com\/#website"},"datePublished":"2025-09-19T11:33:26+00:00","dateModified":"2025-09-19T11:34:49+00:00","breadcrumb":{"@id":"https:\/\/jv-technoton.com\/fr\/politique-de-confidentialite-des-donnees-personnelles\/#breadcrumb"},"inLanguage":"fr-FR","potentialAction":[{"@type":"ReadAction","target":["https:\/\/jv-technoton.com\/fr\/politique-de-confidentialite-des-donnees-personnelles\/"]}]},{"@type":"BreadcrumbList","@id":"https:\/\/jv-technoton.com\/fr\/politique-de-confidentialite-des-donnees-personnelles\/#breadcrumb","itemListElement":[{"@type":"ListItem","position":1,"name":"Home","item":"https:\/\/jv-technoton.com\/fr\/"},{"@type":"ListItem","position":2,"name":"Politique de confidentialit\u00e9 des donn\u00e9es personnelles"}]},{"@type":"WebSite","@id":"https:\/\/jv-technoton.com\/#website","url":"https:\/\/jv-technoton.com\/","name":"Advanced machinery telematics and fuel monitoring","description":"T\u00e9l\u00e9matique et suivi du carburant pour machines complexes","publisher":{"@id":"https:\/\/jv-technoton.com\/#organization"},"potentialAction":[{"@type":"SearchAction","target":{"@type":"EntryPoint","urlTemplate":"https:\/\/jv-technoton.com\/?s={search_term_string}"},"query-input":{"@type":"PropertyValueSpecification","valueRequired":true,"valueName":"search_term_string"}}],"inLanguage":"fr-FR"},{"@type":"Organization","@id":"https:\/\/jv-technoton.com\/#organization","name":"Technoton","url":"https:\/\/jv-technoton.com\/","logo":{"@type":"ImageObject","inLanguage":"fr-FR","@id":"https:\/\/jv-technoton.com\/#\/schema\/logo\/image\/","url":"https:\/\/jv-technoton.com\/wp-content\/uploads\/2022\/02\/technoton_logo_web.png","contentUrl":"https:\/\/jv-technoton.com\/wp-content\/uploads\/2022\/02\/technoton_logo_web.png","width":800,"height":329,"caption":"Technoton"},"image":{"@id":"https:\/\/jv-technoton.com\/#\/schema\/logo\/image\/"},"sameAs":["https:\/\/www.linkedin.com\/company\/technoton"]}]}},"rttpg_featured_image_url":null,"rttpg_author":{"display_name":"konoshonok","author_link":"https:\/\/jv-technoton.com\/fr\/author\/konoshonok\/"},"rttpg_comment":0,"rttpg_category":false,"rttpg_excerpt":"[vc_row][vc_column][\/vc_column][\/vc_row][vc_row][vc_column][vc_column_text css=\u00a0\u00bb\u00a0\u00bb] Politique de confidentialit\u00e9 des donn\u00e9es personnelles Technoton s\u2019engage \u00e0 garantir la protection de votre vie priv\u00e9e. Vos donn\u00e9es personnelles ne seront utilis\u00e9es qu\u2019en conformit\u00e9 avec la pr\u00e9sente politique de confidentialit\u00e9 (la \u00ab Politique \u00bb). Technoton se r\u00e9serve le droit de modifier la pr\u00e9sente Politique \u00e0 tout moment et sans pr\u00e9avis. La version \u00e0\u2026","_links":{"self":[{"href":"https:\/\/jv-technoton.com\/fr\/wp-json\/wp\/v2\/pages\/125647","targetHints":{"allow":["GET"]}}],"collection":[{"href":"https:\/\/jv-technoton.com\/fr\/wp-json\/wp\/v2\/pages"}],"about":[{"href":"https:\/\/jv-technoton.com\/fr\/wp-json\/wp\/v2\/types\/page"}],"author":[{"embeddable":true,"href":"https:\/\/jv-technoton.com\/fr\/wp-json\/wp\/v2\/users\/19"}],"replies":[{"embeddable":true,"href":"https:\/\/jv-technoton.com\/fr\/wp-json\/wp\/v2\/comments?post=125647"}],"version-history":[{"count":0,"href":"https:\/\/jv-technoton.com\/fr\/wp-json\/wp\/v2\/pages\/125647\/revisions"}],"wp:attachment":[{"href":"https:\/\/jv-technoton.com\/fr\/wp-json\/wp\/v2\/media?parent=125647"}],"curies":[{"name":"wp","href":"https:\/\/api.w.org\/{rel}","templated":true}]}}