{"id":131424,"date":"2026-01-21T14:15:44","date_gmt":"2026-01-21T11:15:44","guid":{"rendered":"https:\/\/jv-technoton.com\/?page_id=131424"},"modified":"2026-04-14T11:27:04","modified_gmt":"2026-04-14T08:27:04","slug":"services-techniques-technoton","status":"publish","type":"page","link":"https:\/\/jv-technoton.com\/fr\/services-techniques-technoton\/","title":{"rendered":"Services techniques Technoton"},"content":{"rendered":"<div class=\"wpb-content-wrapper\"><p>[vc_row full_width=\u00a0\u00bbstretch_row\u00a0\u00bb css=\u00a0\u00bb.vc_custom_1615464880920{background-color: #f7f7f7 !important;}\u00a0\u00bb][vc_column][vc_column_text css=\u00a0\u00bb\u00a0\u00bb]<\/p>\n<h1>Services techniques Technoton<\/h1>\n<p>[\/vc_column_text][\/vc_column][\/vc_row][vc_row equal_height=\u00a0\u00bbyes\u00a0\u00bb][vc_column][vc_row_inner content_placement=\u00a0\u00bbtop\u00a0\u00bb gap=\u00a0\u00bb10&Prime;][vc_column_inner el_class=\u00a0\u00bbbtn2&Prime; width=\u00a0\u00bb1\/3&Prime; css=\u00a0\u00bb.vc_custom_1765540875008{border-radius: 15px !important;}\u00a0\u00bb][vc_column_text css=\u00a0\u00bb\u00a0\u00bb]<\/p>\n<p class=\"title1\" style=\"text-align: center; min-height: 70px;\">Formation \u00e0 l\u2019installation et \u00e0 l\u2019exploitation des syst\u00e8mes de t\u00e9l\u00e9matique et de contr\u00f4le du carburant<\/p>\n<p>[\/vc_column_text][vc_column_text css=\u00a0\u00bb\u00a0\u00bb]<a href=\"\/fr\/?page_id=131435\"><img decoding=\"async\" class=\"service-image\" src=\"\/wp-content\/uploads\/2019\/08\/3432.jpg\" alt=\"Formation technique\" \/><\/a>[\/vc_column_text][vc_column_text css=\u00a0\u00bb\u00a0\u00bb]<\/p>\n<p style=\"text-align: center;\"><a class=\"btn bttn_r bttn_07\" href=\"\/fr\/?page_id=131435\">Formation technique<\/a><\/p>\n<p>[\/vc_column_text][\/vc_column_inner][vc_column_inner el_class=\u00a0\u00bbbtn2&Prime; width=\u00a0\u00bb1\/3&Prime; css=\u00a0\u00bb.vc_custom_1765540880904{border-radius: 15px !important;}\u00a0\u00bb][vc_column_text css=\u00a0\u00bb\u00a0\u00bb]<\/p>\n<p class=\"title1\" style=\"text-align: center; min-height: 70px;\">Support technique pour les int\u00e9grateurs de syst\u00e8mes et les utilisateurs des produits Technoton<\/p>\n<p>[\/vc_column_text][vc_column_text css=\u00a0\u00bb\u00a0\u00bb]<a href=\"https:\/\/jv-technoton.com\/fr\/support-technique\/\"><img decoding=\"async\" class=\"service-image\" src=\"\/wp-content\/uploads\/2025\/12\/techsupport.webp\" alt=\"Support technique\" \/><\/a>[\/vc_column_text][vc_column_text css=\u00a0\u00bb\u00a0\u00bb]<\/p>\n<p style=\"text-align: center;\"><a class=\"btn bttn_r bttn_07\" href=\"https:\/\/jv-technoton.com\/fr\/support-technique\/\">Support technique<\/a><\/p>\n<p>[\/vc_column_text][\/vc_column_inner][vc_column_inner el_class=\u00a0\u00bbbtn2&Prime; width=\u00a0\u00bb1\/3&Prime; css=\u00a0\u00bb.vc_custom_1765540885360{border-radius: 15px !important;}\u00a0\u00bb][vc_column_text css=\u00a0\u00bb\u00a0\u00bb]<\/p>\n<p class=\"title1\" style=\"text-align: center; min-height: 70px;\">Service de garantie et hors garantie<\/p>\n<p>[\/vc_column_text][vc_column_text css=\u00a0\u00bb\u00a0\u00bb]<a href=\"https:\/\/jv-technoton.com\/fr\/garantie-et-service\/\"><img decoding=\"async\" class=\"service-image\" src=\"\/wp-content\/uploads\/2025\/12\/Service.webp\" alt=\"Garantie et r\u00e9paration\" \/><\/a>[\/vc_column_text][vc_column_text css=\u00a0\u00bb\u00a0\u00bb]<\/p>\n<p style=\"text-align: center;\"><a class=\"btn bttn_r bttn_07\" href=\"https:\/\/jv-technoton.com\/fr\/garantie-et-service\/\">Garantie et r\u00e9paration<\/a><\/p>\n<p>[\/vc_column_text][\/vc_column_inner][vc_column_inner el_class=\u00a0\u00bbbtn2&Prime; width=\u00a0\u00bb1\/3&Prime;]<div class=\"ult-spacer spacer-69e14751f214f\" data-id=\"69e14751f214f\" data-height=\"30\" data-height-mobile=\"30\" data-height-tab=\"30\" data-height-tab-portrait=\"30\" data-height-mobile-landscape=\"30\" style=\"clear:both;display:block;\"><\/div>[vc_column_text css=\u00a0\u00bb\u00a0\u00bb]<\/p>\n<p class=\"title1\" style=\"text-align: center; min-height: 70px;\">Int\u00e9gration des \u00e9quipements Technoton avec des unit\u00e9s de t\u00e9l\u00e9matique, des contr\u00f4leurs et des afficheurs<\/p>\n<p>[\/vc_column_text][vc_column_text css=\u00a0\u00bb\u00a0\u00bb]<a href=\"https:\/\/jv-technoton.com\/fr\/compatibilite\/\"><img decoding=\"async\" class=\"service-image\" src=\"\/wp-content\/uploads\/2019\/08\/itegratsiya-1.jpg\" alt=\"Int\u00e9gration\" \/><\/a>[\/vc_column_text][vc_column_text css=\u00a0\u00bb\u00a0\u00bb]<\/p>\n<p style=\"text-align: center;\"><a class=\"btn bttn_r bttn_07\" href=\"https:\/\/jv-technoton.com\/fr\/compatibilite\/\">Int\u00e9gration<\/a><\/p>\n<p>[\/vc_column_text][\/vc_column_inner][vc_column_inner el_class=\u00a0\u00bbbtn2&Prime; width=\u00a0\u00bb1\/3&Prime;]<div class=\"ult-spacer spacer-69e14751f218c\" data-id=\"69e14751f218c\" data-height=\"30\" data-height-mobile=\"30\" data-height-tab=\"30\" data-height-tab-portrait=\"30\" data-height-mobile-landscape=\"30\" style=\"clear:both;display:block;\"><\/div>[vc_column_text css=\u00a0\u00bb\u00a0\u00bb]<\/p>\n<p class=\"title1\" style=\"text-align: center; min-height: 70px;\">Personnalisation des produits Technoton et d\u00e9veloppement de solutions cl\u00e9 en main<\/p>\n<p>[\/vc_column_text][vc_column_text css=\u00a0\u00bb\u00a0\u00bb]<a href=\"https:\/\/jv-technoton.com\/fr\/personnalisation-de-produit-telematique-et-services-odm\/\"><img decoding=\"async\" class=\"service-image\" src=\"\/wp-content\/uploads\/2026\/01\/\u0441ustomization-of-technoton-products-and-turnkey-product-development.webp\" alt=\"Personnalisation\" \/><\/a>[\/vc_column_text][vc_column_text css=\u00a0\u00bb\u00a0\u00bb]<\/p>\n<p style=\"text-align: center;\"><a class=\"btn bttn_r bttn_07\" href=\"https:\/\/jv-technoton.com\/fr\/personnalisation-de-produit-telematique-et-services-odm\/\">Personnalisation<\/a><\/p>\n<p>[\/vc_column_text][\/vc_column_inner][vc_column_inner el_class=\u00a0\u00bbbtn2&Prime; width=\u00a0\u00bb1\/3&Prime;]<div class=\"ult-spacer spacer-69e14751f21b5\" data-id=\"69e14751f21b5\" data-height=\"30\" data-height-mobile=\"30\" data-height-tab=\"30\" data-height-tab-portrait=\"30\" data-height-mobile-landscape=\"30\" style=\"clear:both;display:block;\"><\/div>[vc_column_text css=\u00a0\u00bb\u00a0\u00bb]<\/p>\n<p class=\"title1\" style=\"text-align: center; min-height: 70px;\">Documentation technique des produits Technoton<\/p>\n<p>[\/vc_column_text][vc_column_text css=\u00a0\u00bb\u00a0\u00bb]<a href=\"https:\/\/dc.jv-technoton.com\/fra\/login\/\" target=\"_blank\" rel=\"noopener\"><img decoding=\"async\" class=\"service-image\" src=\"\/wp-content\/uploads\/2026\/01\/doccentert-fra.webp\" alt=\"Centre de documentation\" \/><\/a>[\/vc_column_text][vc_column_text css=\u00a0\u00bb\u00a0\u00bb]<\/p>\n<p style=\"text-align: center;\"><a class=\"btn bttn_r bttn_07\" href=\"https:\/\/dc.jv-technoton.com\/fra\/login\/\" target=\"_blank\" rel=\"noopener\">Centre de documentation<\/a><\/p>\n<p>[\/vc_column_text][\/vc_column_inner][vc_column_inner el_class=\u00a0\u00bbbtn2&Prime; width=\u00a0\u00bb1\/3&Prime;]<div class=\"ult-spacer spacer-69e14751f21d8\" data-id=\"69e14751f21d8\" data-height=\"30\" data-height-mobile=\"30\" data-height-tab=\"30\" data-height-tab-portrait=\"30\" data-height-mobile-landscape=\"30\" style=\"clear:both;display:block;\"><\/div>[vc_column_text css=\u00a0\u00bb\u00a0\u00bb]<\/p>\n<p class=\"title1\" style=\"text-align: center; min-height: 70px;\">Logiciels de service et pilotes pour les produits Technoton<\/p>\n<p>[\/vc_column_text][vc_column_text css=\u00a0\u00bb\u00a0\u00bb]<a href=\"https:\/\/jv-technoton.com\/fr\/logiciel-firmware\/\"><img decoding=\"async\" class=\"service-image\" src=\"\/wp-content\/uploads\/2025\/12\/soft.webp\" alt=\"Logiciels\" \/><\/a>[\/vc_column_text][vc_column_text css=\u00a0\u00bb\u00a0\u00bb]<\/p>\n<p style=\"text-align: center;\"><a class=\"btn bttn_r bttn_07\" href=\"https:\/\/jv-technoton.com\/fr\/logiciel-firmware\/\">Logiciels<\/a><\/p>\n<p>[\/vc_column_text][\/vc_column_inner][\/vc_row_inner][\/vc_column][\/vc_row]<\/p>\n<\/div>","protected":false},"excerpt":{"rendered":"<p>[vc_row full_width=\u00a0\u00bbstretch_row\u00a0\u00bb css=\u00a0\u00bb.vc_custom_1615464880920{background-color: #f7f7f7 !important;}\u00a0\u00bb][vc_column][vc_column_text css=\u00a0\u00bb\u00a0\u00bb] Services techniques Technoton [\/vc_column_text][\/vc_column][\/vc_row][vc_row equal_height=\u00a0\u00bbyes\u00a0\u00bb][vc_column][vc_row_inner content_placement=\u00a0\u00bbtop\u00a0\u00bb gap=\u00a0\u00bb10&Prime;][vc_column_inner el_class=\u00a0\u00bbbtn2&Prime; width=\u00a0\u00bb1\/3&Prime; css=\u00a0\u00bb.vc_custom_1765540875008{border-radius: 15px !important;}\u00a0\u00bb][vc_column_text css=\u00a0\u00bb\u00a0\u00bb] Formation \u00e0 l\u2019installation et \u00e0 l\u2019exploitation des syst\u00e8mes de t\u00e9l\u00e9matique et de contr\u00f4le du carburant [\/vc_column_text][vc_column_text css=\u00a0\u00bb\u00a0\u00bb][\/vc_column_text][vc_column_text css=\u00a0\u00bb\u00a0\u00bb] Formation technique [\/vc_column_text][\/vc_column_inner][vc_column_inner el_class=\u00a0\u00bbbtn2&Prime; width=\u00a0\u00bb1\/3&Prime; css=\u00a0\u00bb.vc_custom_1765540880904{border-radius: 15px !important;}\u00a0\u00bb][vc_column_text css=\u00a0\u00bb\u00a0\u00bb] Support technique pour les int\u00e9grateurs de syst\u00e8mes et les [&hellip;]<\/p>\n","protected":false},"author":19,"featured_media":131427,"parent":0,"menu_order":0,"comment_status":"closed","ping_status":"closed","template":"","meta":{"footnotes":""},"class_list":["post-131424","page","type-page","status-publish","has-post-thumbnail","hentry"],"yoast_head":"<!-- This site is optimized with the Yoast SEO plugin v27.3 - https:\/\/yoast.com\/product\/yoast-seo-wordpress\/ -->\n<title>Services techniques Technoton | Technoton<\/title>\n<meta name=\"description\" content=\"Services Technoton : formation technique, support technique, garantie et r\u00e9paration, int\u00e9gration, personnalisation, documentation et logiciels de t\u00e9l\u00e9matique\" \/>\n<meta name=\"robots\" content=\"index, follow, max-snippet:-1, max-image-preview:large, max-video-preview:-1\" \/>\n<link rel=\"canonical\" href=\"https:\/\/jv-technoton.com\/fr\/services-techniques-technoton\/\" \/>\n<meta property=\"og:locale\" content=\"fr_FR\" \/>\n<meta property=\"og:type\" content=\"article\" \/>\n<meta property=\"og:title\" content=\"Services techniques Technoton | Technoton\" \/>\n<meta property=\"og:description\" content=\"Services Technoton : formation technique, support technique, garantie et r\u00e9paration, int\u00e9gration, personnalisation, documentation et logiciels de t\u00e9l\u00e9matique\" \/>\n<meta property=\"og:url\" content=\"https:\/\/jv-technoton.com\/fr\/services-techniques-technoton\/\" \/>\n<meta property=\"og:site_name\" content=\"Technoton\" \/>\n<meta property=\"article:modified_time\" content=\"2026-04-14T08:27:04+00:00\" \/>\n<meta property=\"og:image\" content=\"https:\/\/jv-technoton.com\/wp-content\/uploads\/2026\/01\/services-techniques-technoton.webp\" \/>\n\t<meta property=\"og:image:width\" content=\"932\" \/>\n\t<meta property=\"og:image:height\" content=\"554\" \/>\n\t<meta property=\"og:image:type\" content=\"image\/webp\" \/>\n<meta name=\"twitter:card\" content=\"summary_large_image\" \/>\n<meta name=\"twitter:label1\" content=\"Dur\u00e9e de lecture estim\u00e9e\" \/>\n\t<meta name=\"twitter:data1\" content=\"3 minutes\" \/>\n<script type=\"application\/ld+json\" class=\"yoast-schema-graph\">{\"@context\":\"https:\\\/\\\/schema.org\",\"@graph\":[{\"@type\":\"WebPage\",\"@id\":\"https:\\\/\\\/jv-technoton.com\\\/fr\\\/services-techniques-technoton\\\/\",\"url\":\"https:\\\/\\\/jv-technoton.com\\\/fr\\\/services-techniques-technoton\\\/\",\"name\":\"Services techniques Technoton | Technoton\",\"isPartOf\":{\"@id\":\"https:\\\/\\\/jv-technoton.com\\\/#website\"},\"primaryImageOfPage\":{\"@id\":\"https:\\\/\\\/jv-technoton.com\\\/fr\\\/services-techniques-technoton\\\/#primaryimage\"},\"image\":{\"@id\":\"https:\\\/\\\/jv-technoton.com\\\/fr\\\/services-techniques-technoton\\\/#primaryimage\"},\"thumbnailUrl\":\"https:\\\/\\\/jv-technoton.com\\\/wp-content\\\/uploads\\\/2026\\\/01\\\/services-techniques-technoton.webp\",\"datePublished\":\"2026-01-21T11:15:44+00:00\",\"dateModified\":\"2026-04-14T08:27:04+00:00\",\"description\":\"Services Technoton : formation technique, support technique, garantie et r\u00e9paration, int\u00e9gration, personnalisation, documentation et logiciels de t\u00e9l\u00e9matique\",\"breadcrumb\":{\"@id\":\"https:\\\/\\\/jv-technoton.com\\\/fr\\\/services-techniques-technoton\\\/#breadcrumb\"},\"inLanguage\":\"fr-FR\",\"potentialAction\":[{\"@type\":\"ReadAction\",\"target\":[\"https:\\\/\\\/jv-technoton.com\\\/fr\\\/services-techniques-technoton\\\/\"]}]},{\"@type\":\"ImageObject\",\"inLanguage\":\"fr-FR\",\"@id\":\"https:\\\/\\\/jv-technoton.com\\\/fr\\\/services-techniques-technoton\\\/#primaryimage\",\"url\":\"https:\\\/\\\/jv-technoton.com\\\/wp-content\\\/uploads\\\/2026\\\/01\\\/services-techniques-technoton.webp\",\"contentUrl\":\"https:\\\/\\\/jv-technoton.com\\\/wp-content\\\/uploads\\\/2026\\\/01\\\/services-techniques-technoton.webp\",\"width\":932,\"height\":554},{\"@type\":\"BreadcrumbList\",\"@id\":\"https:\\\/\\\/jv-technoton.com\\\/fr\\\/services-techniques-technoton\\\/#breadcrumb\",\"itemListElement\":[{\"@type\":\"ListItem\",\"position\":1,\"name\":\"Home\",\"item\":\"https:\\\/\\\/jv-technoton.com\\\/fr\\\/\"},{\"@type\":\"ListItem\",\"position\":2,\"name\":\"Services techniques Technoton\"}]},{\"@type\":\"WebSite\",\"@id\":\"https:\\\/\\\/jv-technoton.com\\\/#website\",\"url\":\"https:\\\/\\\/jv-technoton.com\\\/\",\"name\":\"Advanced machinery telematics and fuel monitoring\",\"description\":\"T\u00e9l\u00e9matique et suivi du carburant pour machines complexes\",\"publisher\":{\"@id\":\"https:\\\/\\\/jv-technoton.com\\\/#organization\"},\"potentialAction\":[{\"@type\":\"SearchAction\",\"target\":{\"@type\":\"EntryPoint\",\"urlTemplate\":\"https:\\\/\\\/jv-technoton.com\\\/?s={search_term_string}\"},\"query-input\":{\"@type\":\"PropertyValueSpecification\",\"valueRequired\":true,\"valueName\":\"search_term_string\"}}],\"inLanguage\":\"fr-FR\"},{\"@type\":\"Organization\",\"@id\":\"https:\\\/\\\/jv-technoton.com\\\/#organization\",\"name\":\"Technoton\",\"url\":\"https:\\\/\\\/jv-technoton.com\\\/\",\"logo\":{\"@type\":\"ImageObject\",\"inLanguage\":\"fr-FR\",\"@id\":\"https:\\\/\\\/jv-technoton.com\\\/#\\\/schema\\\/logo\\\/image\\\/\",\"url\":\"https:\\\/\\\/jv-technoton.com\\\/wp-content\\\/uploads\\\/2022\\\/02\\\/technoton_logo_web.png\",\"contentUrl\":\"https:\\\/\\\/jv-technoton.com\\\/wp-content\\\/uploads\\\/2022\\\/02\\\/technoton_logo_web.png\",\"width\":800,\"height\":329,\"caption\":\"Technoton\"},\"image\":{\"@id\":\"https:\\\/\\\/jv-technoton.com\\\/#\\\/schema\\\/logo\\\/image\\\/\"},\"sameAs\":[\"https:\\\/\\\/www.linkedin.com\\\/company\\\/technoton\"]}]}<\/script>\n<!-- \/ Yoast SEO plugin. -->","yoast_head_json":{"title":"Services techniques Technoton | Technoton","description":"Services Technoton : formation technique, support technique, garantie et r\u00e9paration, int\u00e9gration, personnalisation, documentation et logiciels de t\u00e9l\u00e9matique","robots":{"index":"index","follow":"follow","max-snippet":"max-snippet:-1","max-image-preview":"max-image-preview:large","max-video-preview":"max-video-preview:-1"},"canonical":"https:\/\/jv-technoton.com\/fr\/services-techniques-technoton\/","og_locale":"fr_FR","og_type":"article","og_title":"Services techniques Technoton | Technoton","og_description":"Services Technoton : formation technique, support technique, garantie et r\u00e9paration, int\u00e9gration, personnalisation, documentation et logiciels de t\u00e9l\u00e9matique","og_url":"https:\/\/jv-technoton.com\/fr\/services-techniques-technoton\/","og_site_name":"Technoton","article_modified_time":"2026-04-14T08:27:04+00:00","og_image":[{"width":932,"height":554,"url":"https:\/\/jv-technoton.com\/wp-content\/uploads\/2026\/01\/services-techniques-technoton.webp","type":"image\/webp"}],"twitter_card":"summary_large_image","twitter_misc":{"Dur\u00e9e de lecture estim\u00e9e":"3 minutes"},"schema":{"@context":"https:\/\/schema.org","@graph":[{"@type":"WebPage","@id":"https:\/\/jv-technoton.com\/fr\/services-techniques-technoton\/","url":"https:\/\/jv-technoton.com\/fr\/services-techniques-technoton\/","name":"Services techniques Technoton | Technoton","isPartOf":{"@id":"https:\/\/jv-technoton.com\/#website"},"primaryImageOfPage":{"@id":"https:\/\/jv-technoton.com\/fr\/services-techniques-technoton\/#primaryimage"},"image":{"@id":"https:\/\/jv-technoton.com\/fr\/services-techniques-technoton\/#primaryimage"},"thumbnailUrl":"https:\/\/jv-technoton.com\/wp-content\/uploads\/2026\/01\/services-techniques-technoton.webp","datePublished":"2026-01-21T11:15:44+00:00","dateModified":"2026-04-14T08:27:04+00:00","description":"Services Technoton : formation technique, support technique, garantie et r\u00e9paration, int\u00e9gration, personnalisation, documentation et logiciels de t\u00e9l\u00e9matique","breadcrumb":{"@id":"https:\/\/jv-technoton.com\/fr\/services-techniques-technoton\/#breadcrumb"},"inLanguage":"fr-FR","potentialAction":[{"@type":"ReadAction","target":["https:\/\/jv-technoton.com\/fr\/services-techniques-technoton\/"]}]},{"@type":"ImageObject","inLanguage":"fr-FR","@id":"https:\/\/jv-technoton.com\/fr\/services-techniques-technoton\/#primaryimage","url":"https:\/\/jv-technoton.com\/wp-content\/uploads\/2026\/01\/services-techniques-technoton.webp","contentUrl":"https:\/\/jv-technoton.com\/wp-content\/uploads\/2026\/01\/services-techniques-technoton.webp","width":932,"height":554},{"@type":"BreadcrumbList","@id":"https:\/\/jv-technoton.com\/fr\/services-techniques-technoton\/#breadcrumb","itemListElement":[{"@type":"ListItem","position":1,"name":"Home","item":"https:\/\/jv-technoton.com\/fr\/"},{"@type":"ListItem","position":2,"name":"Services techniques Technoton"}]},{"@type":"WebSite","@id":"https:\/\/jv-technoton.com\/#website","url":"https:\/\/jv-technoton.com\/","name":"Advanced machinery telematics and fuel monitoring","description":"T\u00e9l\u00e9matique et suivi du carburant pour machines complexes","publisher":{"@id":"https:\/\/jv-technoton.com\/#organization"},"potentialAction":[{"@type":"SearchAction","target":{"@type":"EntryPoint","urlTemplate":"https:\/\/jv-technoton.com\/?s={search_term_string}"},"query-input":{"@type":"PropertyValueSpecification","valueRequired":true,"valueName":"search_term_string"}}],"inLanguage":"fr-FR"},{"@type":"Organization","@id":"https:\/\/jv-technoton.com\/#organization","name":"Technoton","url":"https:\/\/jv-technoton.com\/","logo":{"@type":"ImageObject","inLanguage":"fr-FR","@id":"https:\/\/jv-technoton.com\/#\/schema\/logo\/image\/","url":"https:\/\/jv-technoton.com\/wp-content\/uploads\/2022\/02\/technoton_logo_web.png","contentUrl":"https:\/\/jv-technoton.com\/wp-content\/uploads\/2022\/02\/technoton_logo_web.png","width":800,"height":329,"caption":"Technoton"},"image":{"@id":"https:\/\/jv-technoton.com\/#\/schema\/logo\/image\/"},"sameAs":["https:\/\/www.linkedin.com\/company\/technoton"]}]}},"rttpg_featured_image_url":{"full":["https:\/\/jv-technoton.com\/wp-content\/uploads\/2026\/01\/services-techniques-technoton.webp",932,554,false],"landscape":["https:\/\/jv-technoton.com\/wp-content\/uploads\/2026\/01\/services-techniques-technoton.webp",932,554,false],"portraits":["https:\/\/jv-technoton.com\/wp-content\/uploads\/2026\/01\/services-techniques-technoton.webp",932,554,false],"thumbnail":["https:\/\/jv-technoton.com\/wp-content\/uploads\/2026\/01\/services-techniques-technoton-150x150.webp",150,150,true],"medium":["https:\/\/jv-technoton.com\/wp-content\/uploads\/2026\/01\/services-techniques-technoton-300x178.webp",300,178,true],"large":["https:\/\/jv-technoton.com\/wp-content\/uploads\/2026\/01\/services-techniques-technoton.webp",640,380,false],"1536x1536":["https:\/\/jv-technoton.com\/wp-content\/uploads\/2026\/01\/services-techniques-technoton.webp",932,554,false],"2048x2048":["https:\/\/jv-technoton.com\/wp-content\/uploads\/2026\/01\/services-techniques-technoton.webp",932,554,false]},"rttpg_author":{"display_name":"konoshonok","author_link":"https:\/\/jv-technoton.com\/fr\/author\/konoshonok\/"},"rttpg_comment":0,"rttpg_category":" <a href=\"https:\/\/jv-technoton.com\/fr\/?taxonomy=translation_priority&#038;term=%d0%bd%d0%b5%d0%be%d0%b1%d1%8f%d0%b7%d0%b0%d1%82%d0%b5%d0%bb%d1%8c%d0%bd%d1%8b%d0%b9-fr\" rel=\"tag\">\u041d\u0435\u043e\u0431\u044f\u0437\u0430\u0442\u0435\u043b\u044c\u043d\u044b\u0439<\/a>","rttpg_excerpt":"[vc_row full_width=\u00a0\u00bbstretch_row\u00a0\u00bb css=\u00a0\u00bb.vc_custom_1615464880920{background-color: #f7f7f7 !important;}\u00a0\u00bb][vc_column][vc_column_text css=\u00a0\u00bb\u00a0\u00bb] Services techniques Technoton [\/vc_column_text][\/vc_column][\/vc_row][vc_row equal_height=\u00a0\u00bbyes\u00a0\u00bb][vc_column][vc_row_inner content_placement=\u00a0\u00bbtop\u00a0\u00bb gap=\u00a0\u00bb10&Prime;][vc_column_inner el_class=\u00a0\u00bbbtn2&Prime; width=\u00a0\u00bb1\/3&Prime; css=\u00a0\u00bb.vc_custom_1765540875008{border-radius: 15px !important;}\u00a0\u00bb][vc_column_text css=\u00a0\u00bb\u00a0\u00bb] Formation \u00e0 l\u2019installation et \u00e0 l\u2019exploitation des syst\u00e8mes de t\u00e9l\u00e9matique et de contr\u00f4le du carburant [\/vc_column_text][vc_column_text css=\u00a0\u00bb\u00a0\u00bb][\/vc_column_text][vc_column_text css=\u00a0\u00bb\u00a0\u00bb] Formation technique [\/vc_column_text][\/vc_column_inner][vc_column_inner el_class=\u00a0\u00bbbtn2&Prime; width=\u00a0\u00bb1\/3&Prime; css=\u00a0\u00bb.vc_custom_1765540880904{border-radius: 15px !important;}\u00a0\u00bb][vc_column_text css=\u00a0\u00bb\u00a0\u00bb] Support technique pour les int\u00e9grateurs de syst\u00e8mes et les\u2026","_links":{"self":[{"href":"https:\/\/jv-technoton.com\/fr\/wp-json\/wp\/v2\/pages\/131424","targetHints":{"allow":["GET"]}}],"collection":[{"href":"https:\/\/jv-technoton.com\/fr\/wp-json\/wp\/v2\/pages"}],"about":[{"href":"https:\/\/jv-technoton.com\/fr\/wp-json\/wp\/v2\/types\/page"}],"author":[{"embeddable":true,"href":"https:\/\/jv-technoton.com\/fr\/wp-json\/wp\/v2\/users\/19"}],"replies":[{"embeddable":true,"href":"https:\/\/jv-technoton.com\/fr\/wp-json\/wp\/v2\/comments?post=131424"}],"version-history":[{"count":3,"href":"https:\/\/jv-technoton.com\/fr\/wp-json\/wp\/v2\/pages\/131424\/revisions"}],"predecessor-version":[{"id":133686,"href":"https:\/\/jv-technoton.com\/fr\/wp-json\/wp\/v2\/pages\/131424\/revisions\/133686"}],"wp:featuredmedia":[{"embeddable":true,"href":"https:\/\/jv-technoton.com\/fr\/wp-json\/wp\/v2\/media\/131427"}],"wp:attachment":[{"href":"https:\/\/jv-technoton.com\/fr\/wp-json\/wp\/v2\/media?parent=131424"}],"curies":[{"name":"wp","href":"https:\/\/api.w.org\/{rel}","templated":true}]}}