{"id":131445,"date":"2026-01-21T13:11:29","date_gmt":"2026-01-21T10:11:29","guid":{"rendered":"https:\/\/jv-technoton.com\/?page_id=131445"},"modified":"2026-01-22T09:43:27","modified_gmt":"2026-01-22T06:43:27","slug":"demande-de-formation-technique","status":"publish","type":"page","link":"https:\/\/jv-technoton.com\/fr\/demande-de-formation-technique\/","title":{"rendered":"Demande de formation technique"},"content":{"rendered":"<div class=\"wpb-content-wrapper\"><p>[vc_row][vc_column]<div class=\"ult-spacer spacer-69e16120c48eb\" data-id=\"69e16120c48eb\" data-height=\"22\" data-height-mobile=\"22\" data-height-tab=\"22\" data-height-tab-portrait=\"\" data-height-mobile-landscape=\"\" style=\"clear:both;display:block;\"><\/div>[vc_column_text css=\u00a0\u00bb\u00a0\u00bb]<\/p>\n<h1>Demande de formation technique<\/h1>\n<p>[\/vc_column_text][vc_column_text css=\u00a0\u00bb\u00a0\u00bb]<br \/>\nSi vous \u00eates int\u00e9ress\u00e9(e) par une formation technique \u00e0 l\u2019installation et \u00e0 l\u2019exploitation des syst\u00e8mes de contr\u00f4le du carburant et de t\u00e9l\u00e9matique, veuillez remplir le formulaire ci-dessous. S\u00e9lectionnez le service qui vous int\u00e9resse, indiquez vos coordonn\u00e9es et ajoutez un commentaire si n\u00e9cessaire \u2014 notre \u00e9quipe vous contactera dans les plus brefs d\u00e9lais.<br \/>\n[\/vc_column_text][vc_raw_html css=\u00a0\u00bb\u00a0\u00bb]JTNDYnV0dG9uJTIwdHlwZSUzRCUyMmJ1dHRvbiUyMiUyMG9uY2xpY2slM0QlMjJoaXN0b3J5LmJhY2slMjglMjklMjIlMjBjbGFzcyUzRCUyMmJhY2stYnRuJTIyJTNFJTBEJTBBJTIwJTIwJTNDc3BhbiUyMGNsYXNzJTNEJTIyYXJyb3ctaWNvbiUyMiUyMGFyaWEtaGlkZGVuJTNEJTIydHJ1ZSUyMiUzRSUwRCUwQSUyMCUyMCUyMCUyMCUzQ3N2ZyUyMHdpZHRoJTNEJTIyMjQlMjIlMjBoZWlnaHQlM0QlMjIyNCUyMiUyMHZpZXdCb3glM0QlMjIwJTIwMCUyMDI0JTIwMjQlMjIlMjBmaWxsJTNEJTIybm9uZSUyMiUzRSUwRCUwQSUyMCUyMCUyMCUyMCUyMCUyMCUzQ3BhdGglMjBkJTNEJTIyTTE1JTIwMThMOSUyMDEyTDE1JTIwNiUyMiUyMHN0cm9rZSUzRCUyMndoaXRlJTIyJTIwc3Ryb2tlLXdpZHRoJTNEJTIyMi41JTIyJTIwc3Ryb2tlLWxpbmVjYXAlM0QlMjJyb3VuZCUyMiUyMHN0cm9rZS1saW5lam9pbiUzRCUyMnJvdW5kJTIyJTJGJTNFJTBEJTBBJTIwJTIwJTIwJTIwJTIwJTIwJTNDcGF0aCUyMGQlM0QlMjJNOSUyMDEySDIxJTIyJTIwc3Ryb2tlJTNEJTIyd2hpdGUlMjIlMjBzdHJva2Utd2lkdGglM0QlMjIyJTIyJTIwc3Ryb2tlLWxpbmVjYXAlM0QlMjJyb3VuZCUyMiUyRiUzRSUwRCUwQSUyMCUyMCUyMCUyMCUzQyUyRnN2ZyUzRSUwRCUwQSUyMCUyMCUzQyUyRnNwYW4lM0UlMEQlMEElMjAlMjBSZXRvdXIlMEQlMEElM0MlMkZidXR0b24lM0U=<br \/>\n[\/vc_raw_html][\/vc_column][\/vc_row][vc_row max_width=\u00a0\u00bb80&Prime;][vc_column width=\u00a0\u00bb1\/12&Prime;][\/vc_column][vc_column width=\u00a0\u00bb5\/6&Prime;]\n<div class=\"wpcf7 no-js\" id=\"wpcf7-f131442-o1\" lang=\"en-US\" dir=\"ltr\" data-wpcf7-id=\"131442\">\n<div class=\"screen-reader-response\"><p role=\"status\" aria-live=\"polite\" aria-atomic=\"true\"><\/p> <ul><\/ul><\/div>\n<form action=\"\/fr\/wp-json\/wp\/v2\/pages\/131445#wpcf7-f131442-o1\" method=\"post\" class=\"wpcf7-form init\" aria-label=\"Contact form\" novalidate=\"novalidate\" data-status=\"init\">\n<fieldset class=\"hidden-fields-container\"><input type=\"hidden\" name=\"_wpcf7\" value=\"131442\" \/><input type=\"hidden\" name=\"_wpcf7_version\" value=\"6.1.5\" \/><input type=\"hidden\" name=\"_wpcf7_locale\" value=\"en_US\" \/><input type=\"hidden\" name=\"_wpcf7_unit_tag\" value=\"wpcf7-f131442-o1\" \/><input type=\"hidden\" name=\"_wpcf7_container_post\" value=\"0\" \/><input type=\"hidden\" name=\"_wpcf7_posted_data_hash\" value=\"\" \/>\n<\/fieldset>\n<p><label>Quels services vous int\u00e9ressent&nbsp;?<\/label>\n<\/p>\n<p style=\"max-width: 700px;\"><br \/>\n<span class=\"wpcf7-form-control-wrap\" data-name=\"support-service\"><span class=\"wpcf7-form-control wpcf7-checkbox wpcf7-validates-as-required\"><span class=\"wpcf7-list-item first\"><label><input type=\"checkbox\" name=\"support-service[]\" value=\"Formation officielle\" \/><span class=\"wpcf7-list-item-label\">Formation officielle<\/span><\/label><\/span><span class=\"wpcf7-list-item\"><label><input type=\"checkbox\" name=\"support-service[]\" value=\"Installation supervis\u00e9e\" \/><span class=\"wpcf7-list-item-label\">Installation supervis\u00e9e<\/span><\/label><\/span><span class=\"wpcf7-list-item last\"><label><input type=\"checkbox\" name=\"support-service[]\" value=\"Briefing en ligne\" \/><span class=\"wpcf7-list-item-label\">Briefing en ligne<\/span><\/label><\/span><\/span><\/span>\n<\/p>\n<p><label>Nom et pr\u00e9nom<br \/>\n<span class=\"wpcf7-form-control-wrap\" data-name=\"your-name\"><input size=\"40\" maxlength=\"400\" class=\"wpcf7-form-control wpcf7-text wpcf7-validates-as-required\" aria-required=\"true\" aria-invalid=\"false\" value=\"\" type=\"text\" name=\"your-name\" \/><\/span><\/label>\n<\/p>\n<p><label>Entreprise<br \/>\n<span class=\"wpcf7-form-control-wrap\" data-name=\"company\"><input size=\"40\" maxlength=\"400\" class=\"wpcf7-form-control wpcf7-text wpcf7-validates-as-required\" aria-required=\"true\" aria-invalid=\"false\" value=\"\" type=\"text\" name=\"company\" \/><\/span><\/label>\n<\/p>\n<p><label>Fonction \/ Poste<br \/>\n<span class=\"wpcf7-form-control-wrap\" data-name=\"position\"><input size=\"40\" maxlength=\"400\" class=\"wpcf7-form-control wpcf7-text wpcf7-validates-as-required\" aria-required=\"true\" aria-invalid=\"false\" value=\"\" type=\"text\" name=\"position\" \/><\/span><\/label>\n<\/p>\n<p><label>Adresse e-mail<br \/>\n<span class=\"wpcf7-form-control-wrap\" data-name=\"your-email\"><input size=\"40\" maxlength=\"400\" class=\"wpcf7-form-control wpcf7-email wpcf7-validates-as-required wpcf7-text wpcf7-validates-as-email\" aria-required=\"true\" aria-invalid=\"false\" value=\"\" type=\"email\" name=\"your-email\" \/><\/span><\/label>\n<\/p>\n<p><label>Num\u00e9ro de t\u00e9l\u00e9phone<br \/>\n<span class=\"wpcf7-form-control-wrap\" data-name=\"phone\"><input size=\"40\" maxlength=\"400\" class=\"wpcf7-form-control wpcf7-tel wpcf7-validates-as-required wpcf7-text wpcf7-validates-as-tel\" aria-required=\"true\" aria-invalid=\"false\" value=\"\" type=\"tel\" name=\"phone\" \/><\/span><\/label>\n<\/p>\n<p><label>Nombre de sp\u00e9cialistes \u00e0 former<br \/>\n<span class=\"wpcf7-form-control-wrap\" data-name=\"number-124\"><input class=\"wpcf7-form-control wpcf7-number wpcf7-validates-as-required wpcf7-validates-as-number\" min=\"1\" aria-required=\"true\" aria-invalid=\"false\" value=\"\" type=\"number\" name=\"number-124\" \/><\/span><\/label>\n<\/p>\n<p><label>Commentaire \/ question<\/label>\n<\/p>\n<p><span class=\"wpcf7-form-control-wrap\" data-name=\"your-message\"><textarea cols=\"40\" rows=\"10\" maxlength=\"2000\" class=\"wpcf7-form-control wpcf7-textarea\" aria-invalid=\"false\" name=\"your-message\"><\/textarea><\/span>\n<\/p>\n<p><input class=\"wpcf7-form-control wpcf7-submit has-spinner\" type=\"submit\" value=\"Envoyer\" \/>\n<\/p><p style=\"display: none !important;\" class=\"akismet-fields-container\" data-prefix=\"_wpcf7_ak_\"><label>&#916;<textarea name=\"_wpcf7_ak_hp_textarea\" cols=\"45\" rows=\"8\" maxlength=\"100\"><\/textarea><\/label><input type=\"hidden\" id=\"ak_js_1\" name=\"_wpcf7_ak_js\" value=\"250\"\/><script>document.getElementById( \"ak_js_1\" ).setAttribute( \"value\", ( new Date() ).getTime() );<\/script><\/p><div class=\"wpcf7-response-output\" aria-hidden=\"true\"><\/div>\n<\/form>\n<\/div>\n[\/vc_column][vc_column width=\u00a0\u00bb1\/12&Prime;][\/vc_column][\/vc_row]<\/p>\n<\/div>","protected":false},"excerpt":{"rendered":"<p>[vc_row][vc_column][vc_column_text css=\u00a0\u00bb\u00a0\u00bb] Demande de formation technique [\/vc_column_text][vc_column_text css=\u00a0\u00bb\u00a0\u00bb] Si vous \u00eates int\u00e9ress\u00e9(e) par une formation technique \u00e0 l\u2019installation et \u00e0 l\u2019exploitation des syst\u00e8mes de contr\u00f4le du carburant et de t\u00e9l\u00e9matique, veuillez remplir le formulaire ci-dessous. S\u00e9lectionnez le service qui vous int\u00e9resse, indiquez vos coordonn\u00e9es et ajoutez un commentaire si n\u00e9cessaire \u2014 notre \u00e9quipe vous contactera [&hellip;]<\/p>\n","protected":false},"author":19,"featured_media":0,"parent":0,"menu_order":0,"comment_status":"closed","ping_status":"closed","template":"","meta":{"footnotes":""},"class_list":["post-131445","page","type-page","status-publish","hentry"],"yoast_head":"<!-- This site is optimized with the Yoast SEO plugin v27.3 - https:\/\/yoast.com\/product\/yoast-seo-wordpress\/ -->\n<title>Demande de formation technique | Technoton<\/title>\n<meta name=\"robots\" content=\"index, follow, max-snippet:-1, max-image-preview:large, max-video-preview:-1\" \/>\n<link rel=\"canonical\" href=\"https:\/\/jv-technoton.com\/fr\/demande-de-formation-technique\/\" \/>\n<meta property=\"og:locale\" content=\"fr_FR\" \/>\n<meta property=\"og:type\" content=\"article\" \/>\n<meta property=\"og:title\" content=\"Demande de formation technique | Technoton\" \/>\n<meta property=\"og:description\" content=\"[vc_row][vc_column][vc_column_text css=\u00a0\u00bb\u00a0\u00bb] Demande de formation technique [\/vc_column_text][vc_column_text css=\u00a0\u00bb\u00a0\u00bb] Si vous \u00eates int\u00e9ress\u00e9(e) par une formation technique \u00e0 l\u2019installation et \u00e0 l\u2019exploitation des syst\u00e8mes de contr\u00f4le du carburant et de t\u00e9l\u00e9matique, veuillez remplir le formulaire ci-dessous. S\u00e9lectionnez le service qui vous int\u00e9resse, indiquez vos coordonn\u00e9es et ajoutez un commentaire si n\u00e9cessaire \u2014 notre \u00e9quipe vous contactera [&hellip;]\" \/>\n<meta property=\"og:url\" content=\"https:\/\/jv-technoton.com\/fr\/demande-de-formation-technique\/\" \/>\n<meta property=\"og:site_name\" content=\"Technoton\" \/>\n<meta property=\"article:modified_time\" content=\"2026-01-22T06:43:27+00:00\" \/>\n<meta name=\"twitter:card\" content=\"summary_large_image\" \/>\n<meta name=\"twitter:label1\" content=\"Dur\u00e9e de lecture estim\u00e9e\" \/>\n\t<meta name=\"twitter:data1\" content=\"1 minute\" \/>\n<script type=\"application\/ld+json\" class=\"yoast-schema-graph\">{\"@context\":\"https:\\\/\\\/schema.org\",\"@graph\":[{\"@type\":\"WebPage\",\"@id\":\"https:\\\/\\\/jv-technoton.com\\\/fr\\\/demande-de-formation-technique\\\/\",\"url\":\"https:\\\/\\\/jv-technoton.com\\\/fr\\\/demande-de-formation-technique\\\/\",\"name\":\"Demande de formation technique | Technoton\",\"isPartOf\":{\"@id\":\"https:\\\/\\\/jv-technoton.com\\\/#website\"},\"datePublished\":\"2026-01-21T10:11:29+00:00\",\"dateModified\":\"2026-01-22T06:43:27+00:00\",\"breadcrumb\":{\"@id\":\"https:\\\/\\\/jv-technoton.com\\\/fr\\\/demande-de-formation-technique\\\/#breadcrumb\"},\"inLanguage\":\"fr-FR\",\"potentialAction\":[{\"@type\":\"ReadAction\",\"target\":[\"https:\\\/\\\/jv-technoton.com\\\/fr\\\/demande-de-formation-technique\\\/\"]}]},{\"@type\":\"BreadcrumbList\",\"@id\":\"https:\\\/\\\/jv-technoton.com\\\/fr\\\/demande-de-formation-technique\\\/#breadcrumb\",\"itemListElement\":[{\"@type\":\"ListItem\",\"position\":1,\"name\":\"Home\",\"item\":\"https:\\\/\\\/jv-technoton.com\\\/fr\\\/\"},{\"@type\":\"ListItem\",\"position\":2,\"name\":\"Demande de formation technique\"}]},{\"@type\":\"WebSite\",\"@id\":\"https:\\\/\\\/jv-technoton.com\\\/#website\",\"url\":\"https:\\\/\\\/jv-technoton.com\\\/\",\"name\":\"Advanced machinery telematics and fuel monitoring\",\"description\":\"T\u00e9l\u00e9matique et suivi du carburant pour machines complexes\",\"publisher\":{\"@id\":\"https:\\\/\\\/jv-technoton.com\\\/#organization\"},\"potentialAction\":[{\"@type\":\"SearchAction\",\"target\":{\"@type\":\"EntryPoint\",\"urlTemplate\":\"https:\\\/\\\/jv-technoton.com\\\/?s={search_term_string}\"},\"query-input\":{\"@type\":\"PropertyValueSpecification\",\"valueRequired\":true,\"valueName\":\"search_term_string\"}}],\"inLanguage\":\"fr-FR\"},{\"@type\":\"Organization\",\"@id\":\"https:\\\/\\\/jv-technoton.com\\\/#organization\",\"name\":\"Technoton\",\"url\":\"https:\\\/\\\/jv-technoton.com\\\/\",\"logo\":{\"@type\":\"ImageObject\",\"inLanguage\":\"fr-FR\",\"@id\":\"https:\\\/\\\/jv-technoton.com\\\/#\\\/schema\\\/logo\\\/image\\\/\",\"url\":\"https:\\\/\\\/jv-technoton.com\\\/wp-content\\\/uploads\\\/2022\\\/02\\\/technoton_logo_web.png\",\"contentUrl\":\"https:\\\/\\\/jv-technoton.com\\\/wp-content\\\/uploads\\\/2022\\\/02\\\/technoton_logo_web.png\",\"width\":800,\"height\":329,\"caption\":\"Technoton\"},\"image\":{\"@id\":\"https:\\\/\\\/jv-technoton.com\\\/#\\\/schema\\\/logo\\\/image\\\/\"},\"sameAs\":[\"https:\\\/\\\/www.linkedin.com\\\/company\\\/technoton\"]}]}<\/script>\n<!-- \/ Yoast SEO plugin. -->","yoast_head_json":{"title":"Demande de formation technique | Technoton","robots":{"index":"index","follow":"follow","max-snippet":"max-snippet:-1","max-image-preview":"max-image-preview:large","max-video-preview":"max-video-preview:-1"},"canonical":"https:\/\/jv-technoton.com\/fr\/demande-de-formation-technique\/","og_locale":"fr_FR","og_type":"article","og_title":"Demande de formation technique | Technoton","og_description":"[vc_row][vc_column][vc_column_text css=\u00a0\u00bb\u00a0\u00bb] Demande de formation technique [\/vc_column_text][vc_column_text css=\u00a0\u00bb\u00a0\u00bb] Si vous \u00eates int\u00e9ress\u00e9(e) par une formation technique \u00e0 l\u2019installation et \u00e0 l\u2019exploitation des syst\u00e8mes de contr\u00f4le du carburant et de t\u00e9l\u00e9matique, veuillez remplir le formulaire ci-dessous. S\u00e9lectionnez le service qui vous int\u00e9resse, indiquez vos coordonn\u00e9es et ajoutez un commentaire si n\u00e9cessaire \u2014 notre \u00e9quipe vous contactera [&hellip;]","og_url":"https:\/\/jv-technoton.com\/fr\/demande-de-formation-technique\/","og_site_name":"Technoton","article_modified_time":"2026-01-22T06:43:27+00:00","twitter_card":"summary_large_image","twitter_misc":{"Dur\u00e9e de lecture estim\u00e9e":"1 minute"},"schema":{"@context":"https:\/\/schema.org","@graph":[{"@type":"WebPage","@id":"https:\/\/jv-technoton.com\/fr\/demande-de-formation-technique\/","url":"https:\/\/jv-technoton.com\/fr\/demande-de-formation-technique\/","name":"Demande de formation technique | Technoton","isPartOf":{"@id":"https:\/\/jv-technoton.com\/#website"},"datePublished":"2026-01-21T10:11:29+00:00","dateModified":"2026-01-22T06:43:27+00:00","breadcrumb":{"@id":"https:\/\/jv-technoton.com\/fr\/demande-de-formation-technique\/#breadcrumb"},"inLanguage":"fr-FR","potentialAction":[{"@type":"ReadAction","target":["https:\/\/jv-technoton.com\/fr\/demande-de-formation-technique\/"]}]},{"@type":"BreadcrumbList","@id":"https:\/\/jv-technoton.com\/fr\/demande-de-formation-technique\/#breadcrumb","itemListElement":[{"@type":"ListItem","position":1,"name":"Home","item":"https:\/\/jv-technoton.com\/fr\/"},{"@type":"ListItem","position":2,"name":"Demande de formation technique"}]},{"@type":"WebSite","@id":"https:\/\/jv-technoton.com\/#website","url":"https:\/\/jv-technoton.com\/","name":"Advanced machinery telematics and fuel monitoring","description":"T\u00e9l\u00e9matique et suivi du carburant pour machines complexes","publisher":{"@id":"https:\/\/jv-technoton.com\/#organization"},"potentialAction":[{"@type":"SearchAction","target":{"@type":"EntryPoint","urlTemplate":"https:\/\/jv-technoton.com\/?s={search_term_string}"},"query-input":{"@type":"PropertyValueSpecification","valueRequired":true,"valueName":"search_term_string"}}],"inLanguage":"fr-FR"},{"@type":"Organization","@id":"https:\/\/jv-technoton.com\/#organization","name":"Technoton","url":"https:\/\/jv-technoton.com\/","logo":{"@type":"ImageObject","inLanguage":"fr-FR","@id":"https:\/\/jv-technoton.com\/#\/schema\/logo\/image\/","url":"https:\/\/jv-technoton.com\/wp-content\/uploads\/2022\/02\/technoton_logo_web.png","contentUrl":"https:\/\/jv-technoton.com\/wp-content\/uploads\/2022\/02\/technoton_logo_web.png","width":800,"height":329,"caption":"Technoton"},"image":{"@id":"https:\/\/jv-technoton.com\/#\/schema\/logo\/image\/"},"sameAs":["https:\/\/www.linkedin.com\/company\/technoton"]}]}},"rttpg_featured_image_url":null,"rttpg_author":{"display_name":"konoshonok","author_link":"https:\/\/jv-technoton.com\/fr\/author\/konoshonok\/"},"rttpg_comment":0,"rttpg_category":false,"rttpg_excerpt":"[vc_row][vc_column][vc_column_text css=\u00a0\u00bb\u00a0\u00bb] Demande de formation technique [\/vc_column_text][vc_column_text css=\u00a0\u00bb\u00a0\u00bb] Si vous \u00eates int\u00e9ress\u00e9(e) par une formation technique \u00e0 l\u2019installation et \u00e0 l\u2019exploitation des syst\u00e8mes de contr\u00f4le du carburant et de t\u00e9l\u00e9matique, veuillez remplir le formulaire ci-dessous. S\u00e9lectionnez le service qui vous int\u00e9resse, indiquez vos coordonn\u00e9es et ajoutez un commentaire si n\u00e9cessaire \u2014 notre \u00e9quipe vous contactera\u2026","_links":{"self":[{"href":"https:\/\/jv-technoton.com\/fr\/wp-json\/wp\/v2\/pages\/131445","targetHints":{"allow":["GET"]}}],"collection":[{"href":"https:\/\/jv-technoton.com\/fr\/wp-json\/wp\/v2\/pages"}],"about":[{"href":"https:\/\/jv-technoton.com\/fr\/wp-json\/wp\/v2\/types\/page"}],"author":[{"embeddable":true,"href":"https:\/\/jv-technoton.com\/fr\/wp-json\/wp\/v2\/users\/19"}],"replies":[{"embeddable":true,"href":"https:\/\/jv-technoton.com\/fr\/wp-json\/wp\/v2\/comments?post=131445"}],"version-history":[{"count":3,"href":"https:\/\/jv-technoton.com\/fr\/wp-json\/wp\/v2\/pages\/131445\/revisions"}],"predecessor-version":[{"id":131518,"href":"https:\/\/jv-technoton.com\/fr\/wp-json\/wp\/v2\/pages\/131445\/revisions\/131518"}],"wp:attachment":[{"href":"https:\/\/jv-technoton.com\/fr\/wp-json\/wp\/v2\/media?parent=131445"}],"curies":[{"name":"wp","href":"https:\/\/api.w.org\/{rel}","templated":true}]}}