{"id":132155,"date":"2026-02-10T13:48:43","date_gmt":"2026-02-10T10:48:43","guid":{"rendered":"https:\/\/jv-technoton.com\/?page_id=132155"},"modified":"2026-02-10T14:26:27","modified_gmt":"2026-02-10T11:26:27","slug":"video","status":"publish","type":"page","link":"https:\/\/jv-technoton.com\/fr\/video\/","title":{"rendered":"Vid\u00e9o"},"content":{"rendered":"<div class=\"wpb-content-wrapper\"><p>[vc_row][vc_column]<div class=\"ult-spacer spacer-69dc041fac68d\" data-id=\"69dc041fac68d\" data-height=\"20\" data-height-mobile=\"20\" data-height-tab=\"20\" data-height-tab-portrait=\"\" data-height-mobile-landscape=\"\" style=\"clear:both;display:block;\"><\/div>[vc_column_text]<\/p>\n<h1>Vid\u00e9os<\/h1>\n<p>[\/vc_column_text][\/vc_column][\/vc_row][vc_row][vc_column][vc_separator css=\u00a0\u00bb\u00a0\u00bb][vc_column_text css=\u00a0\u00bb\u00a0\u00bb]<\/p>\n<h2>Capteurs de niveau de carburant<\/h2>\n<p>[\/vc_column_text]<div class=\"ult-spacer spacer-69dc041fac6ca\" data-id=\"69dc041fac6ca\" data-height=\"20\" data-height-mobile=\"20\" data-height-tab=\"20\" data-height-tab-portrait=\"\" data-height-mobile-landscape=\"\" style=\"clear:both;display:block;\"><\/div>[\/vc_column][\/vc_row][vc_row][vc_column width=\u00a0\u00bb1\/2&Prime;][vc_video link=\u00a0\u00bbhttps:\/\/www.youtube.com\/watch?v=mAKRF5lOuV4&Prime; css=\u00a0\u00bb\u00a0\u00bb][vc_column_text css=\u00a0\u00bb\u00a0\u00bb]<\/p>\n<h3><a href=\"https:\/\/youtu.be\/mAKRF5lOuV4\">Capteur de niveau de carburant DUT-E 2Bio<\/a><\/h3>\n<p>[\/vc_column_text][vc_column_text css=\u00a0\u00bb\u00a0\u00bb]Les diff\u00e9rents types de carburant (diesel d\u2019\u00e9t\u00e9, diesel d\u2019hiver et surtout biodiesel) ont des valeurs de permittivit\u00e9 diff\u00e9rentes. Le capteur de niveau DUT-E 2Bio est con\u00e7u pour mesurer avec pr\u00e9cision le volume de tous les types de carburant, sans n\u00e9cessiter de recalibrage ni de reconfiguration.[\/vc_column_text][\/vc_column][vc_column width=\u00a0\u00bb1\/2&Prime;][vc_row_inner][vc_column_inner width=\u00a0\u00bb1\/2&Prime;][vc_video link=\u00a0\u00bbhttps:\/\/www.youtube.com\/watch?v=iY7w05_CLVU\u00a0\u00bb css=\u00a0\u00bb\u00a0\u00bb][vc_column_text css=\u00a0\u00bb\u00a0\u00bb]<\/p>\n<h3><a href=\"https:\/\/youtu.be\/iY7w05_CLVU\">Capteur de niveau de carburant DUT-E GSM<\/a><\/h3>\n<p>[\/vc_column_text][vc_column_text]Solution int\u00e9gr\u00e9e pour le suivi en temps r\u00e9el et le contr\u00f4le du carburant.[\/vc_column_text][\/vc_column_inner][vc_column_inner width=\u00a0\u00bb1\/2&Prime;][vc_video link=\u00a0\u00bbhttps:\/\/www.youtube.com\/watch?v=I0FywoqnZ0Y\u00a0\u00bb css=\u00a0\u00bb\u00a0\u00bb][vc_column_text css=\u00a0\u00bb\u00a0\u00bb]<\/p>\n<h3><a href=\"https:\/\/youtu.be\/I0FywoqnZ0Y\">Capteur de niveau de carburant DUT-E<\/a><\/h3>\n<p>[\/vc_column_text][vc_column_text]Les avantages et fonctionnalit\u00e9s du capteur de niveau DUT-E. \u2014 Grille filtrante : protection contre l\u2019eau et la boue. \u2014 Clip \u00e0 ressort : montage s\u00e9curis\u00e9. \u2014 Allongement jusqu\u2019\u00e0 6000 mm. \u2014 Somme des signaux.[\/vc_column_text][\/vc_column_inner][\/vc_row_inner][vc_row_inner][vc_column_inner width=\u00a0\u00bb1\/2&Prime;][vc_video link=\u00a0\u00bbhttps:\/\/www.youtube.com\/watch?v=8VmiSSZGNH4&Prime; css=\u00a0\u00bb\u00a0\u00bb][vc_column_text css=\u00a0\u00bb\u00a0\u00bb]<\/p>\n<h3><a href=\"https:\/\/youtu.be\/8VmiSSZGNH4\">Capteur DUT-E 2Bio : r\u00e9action aux impuret\u00e9s dans le liquide<\/a><\/h3>\n<p>[\/vc_column_text][vc_column_text]Que se passe-t-il avec le DUT-E 2Bio lorsqu\u2019on ajoute un liquide \u00e0 forte conductivit\u00e9 di\u00e9lectrique ? Regardez la vid\u00e9o pour le d\u00e9couvrir ![\/vc_column_text][\/vc_column_inner][vc_column_inner width=\u00a0\u00bb1\/2&Prime;][vc_video link=\u00a0\u00bbhttps:\/\/www.youtube.com\/watch?v=yQ5PvS9Xnkg\u00a0\u00bb][vc_column_text css=\u00a0\u00bb\u00a0\u00bb]<\/p>\n<h3><a href=\"https:\/\/youtu.be\/yQ5PvS9Xnkg\">Installation du capteur de niveau dans un r\u00e9servoir \u00e0 parois fines avec des rivets<\/a><\/h3>\n<p>[\/vc_column_text][vc_column_text]Installation du capteur de niveau dans un r\u00e9servoir \u00e0 parois fines \u00e0 l\u2019aide de rivets. Le kit de montage comprend les \u00e9l\u00e9ments pour trois variantes d\u2019installation. Nous recommandons l\u2019utilisation de rivets filet\u00e9s pour installer le DUT-E dans un r\u00e9servoir \u00e0 parois fines (1\u20132 mm).[\/vc_column_text][\/vc_column_inner][\/vc_row_inner][\/vc_column][\/vc_row][vc_row equal_height=\u00a0\u00bbyes\u00a0\u00bb][vc_column width=\u00a0\u00bb1\/3&Prime;][vc_video link=\u00a0\u00bbhttps:\/\/www.youtube.com\/watch?v=NyKIJJ1hHoE\u00a0\u00bb css=\u00a0\u00bb\u00a0\u00bb][vc_column_text css=\u00a0\u00bb\u00a0\u00bb]<\/p>\n<h3><a href=\"https:\/\/www.youtube.com\/watch?v=NyKIJJ1hHoE\">Installation de la carte SIM du DUT-E GSM<\/a><\/h3>\n<p>[\/vc_column_text][vc_column_text]1. Desserrez les vis et retirez le capot sup\u00e9rieur du capteur<br \/>\n2. Faites coulisser le couvercle du support de carte Micro SIM et ouvrez-le<br \/>\n3. Ins\u00e9rez la carte Micro SIM<br \/>\n4. Refermez le couvercle du support Micro SIM et faites-le coulisser en position verrouill\u00e9e<br \/>\n5. Remplissez uniform\u00e9ment l\u2019espace autour du cadre du support Micro SIM avec du mastic.[\/vc_column_text][\/vc_column][vc_column width=\u00a0\u00bb1\/3&Prime;][vc_video link=\u00a0\u00bbhttps:\/\/www.youtube.com\/watch?v=B5dcYxGfSqQ\u00a0\u00bb][vc_column_text css=\u00a0\u00bb\u00a0\u00bb]<\/p>\n<h3><a href=\"https:\/\/www.youtube.com\/watch?v=B5dcYxGfSqQ&amp;feature=youtu.be\">Grille filtrante du capteur de niveau DUT-E<\/a><\/h3>\n<p>[\/vc_column_text][vc_column_text]Le capteur de niveau DUT-E est bien prot\u00e9g\u00e9 contre les courts-circuits. La grille filtrante laisse passer uniquement le diesel, prot\u00e9geant le capteur de l\u2019eau et des impuret\u00e9s pr\u00e9sentes dans le r\u00e9servoir du v\u00e9hicule. D\u00e9couvrez-la en vid\u00e9o ![\/vc_column_text][\/vc_column][vc_column width=\u00a0\u00bb1\/3&Prime;][vc_video link=\u00a0\u00bbhttps:\/\/www.youtube.com\/watch?v=X0gUSF3dRWk\u00a0\u00bb][vc_column_text css=\u00a0\u00bb\u00a0\u00bb]<\/p>\n<h3><a href=\"https:\/\/youtu.be\/X0gUSF3dRWk\">Installation du capteur de niveau DUT-E 485<\/a><\/h3>\n<p>[\/vc_column_text][vc_column_text]Dans la vid\u00e9o, vous pouvez voir l\u2019ensemble du processus d\u2019installation du DUT-E : montage et configuration du capteur de niveau, ainsi que l\u2019\u00e9talonnage du r\u00e9servoir.[\/vc_column_text][\/vc_column][\/vc_row][vc_row][vc_column]<div class=\"ult-spacer spacer-69dc041fac6f2\" data-id=\"69dc041fac6f2\" data-height=\"40\" data-height-mobile=\"40\" data-height-tab=\"40\" data-height-tab-portrait=\"\" data-height-mobile-landscape=\"\" style=\"clear:both;display:block;\"><\/div>[vc_separator css=\u00a0\u00bb\u00a0\u00bb][vc_column_text css=\u00a0\u00bb\u00a0\u00bb]<\/p>\n<h2>D\u00e9bitm\u00e8tres de carburant<\/h2>\n<p>[\/vc_column_text]<div class=\"ult-spacer spacer-69dc041fac714\" data-id=\"69dc041fac714\" data-height=\"20\" data-height-mobile=\"20\" data-height-tab=\"20\" data-height-tab-portrait=\"\" data-height-mobile-landscape=\"\" style=\"clear:both;display:block;\"><\/div>[\/vc_column][\/vc_row][vc_row][vc_column width=\u00a0\u00bb1\/2&Prime;][vc_row_inner][vc_column_inner width=\u00a0\u00bb1\/2&Prime;][vc_video link=\u00a0\u00bbhttps:\/\/www.youtube.com\/watch?v=ATscYhBsD3c\u00a0\u00bb][vc_column_text css=\u00a0\u00bb\u00a0\u00bb]<\/p>\n<h3><a href=\"https:\/\/www.youtube.com\/watch?v=ATscYhBsD3c&amp;feature=youtu.be\">Installation du d\u00e9bitm\u00e8tre de carburant DFM<\/a><\/h3>\n<p>[\/vc_column_text][vc_column_text]Cette vid\u00e9o montre comment installer le d\u00e9bitm\u00e8tre de carburant DFM apr\u00e8s la pompe \u00e0 carburant.[\/vc_column_text][\/vc_column_inner][vc_column_inner width=\u00a0\u00bb1\/2&Prime;][vc_video link=\u00a0\u00bbhttps:\/\/www.youtube.com\/watch?v=1HgDaZU2aSs\u00a0\u00bb][vc_column_text css=\u00a0\u00bb\u00a0\u00bb]<\/p>\n<h3><a href=\"https:\/\/www.youtube.com\/watch?v=1HgDaZU2aSs&amp;feature=youtu.be\">Exp\u00e9rience du ballon avec 7 DFM par Technoton<\/a><\/h3>\n<p>[\/vc_column_text][vc_column_text]La sensibilit\u00e9 impressionnante du d\u00e9bitm\u00e8tre DFM lors d\u2019une exp\u00e9rience men\u00e9e par Technoton.[\/vc_column_text][\/vc_column_inner][\/vc_row_inner][\/vc_column][vc_column width=\u00a0\u00bb1\/2&Prime;][vc_video link=\u00a0\u00bbhttps:\/\/www.youtube.com\/watch?v=IOCQCNgGG7U\u00a0\u00bb][vc_column_text css=\u00a0\u00bb\u00a0\u00bb]<\/p>\n<h3><a href=\"https:\/\/youtu.be\/IOCQCNgGG7U\">Suivi de la consommation de carburant. D\u00e9bitm\u00e8tre DFM.<\/a><\/h3>\n<p>[\/vc_column_text][vc_column_text]- Les avantages et caract\u00e9ristiques du d\u00e9bitm\u00e8tre DFM<br \/>\n&#8211; Mesure directe de la consommation de carburant<br \/>\n&#8211; Mesure pr\u00e9cise en terrain accident\u00e9<br \/>\n&#8211; Mesure pr\u00e9cise en terrain accident\u00e9<br \/>\n&#8211; Suivi du temps de fonctionnement du moteur[\/vc_column_text]<div class=\"ult-spacer spacer-69dc041fac733\" data-id=\"69dc041fac733\" data-height=\"20\" data-height-mobile=\"20\" data-height-tab=\"20\" data-height-tab-portrait=\"\" data-height-mobile-landscape=\"\" style=\"clear:both;display:block;\"><\/div>[\/vc_column][\/vc_row][vc_row][vc_column]<div class=\"ult-spacer spacer-69dc041fac751\" data-id=\"69dc041fac751\" data-height=\"40\" data-height-mobile=\"40\" data-height-tab=\"40\" data-height-tab-portrait=\"\" data-height-mobile-landscape=\"\" style=\"clear:both;display:block;\"><\/div>[vc_separator css=\u00a0\u00bb\u00a0\u00bb][vc_column_text css=\u00a0\u00bb\u00a0\u00bb]<\/p>\n<h2>Lecteurs sans contact<\/h2>\n<p>[\/vc_column_text]<div class=\"ult-spacer spacer-69dc041fac76f\" data-id=\"69dc041fac76f\" data-height=\"20\" data-height-mobile=\"20\" data-height-tab=\"20\" data-height-tab-portrait=\"\" data-height-mobile-landscape=\"\" style=\"clear:both;display:block;\"><\/div>[\/vc_column][\/vc_row][vc_row][vc_column width=\u00a0\u00bb1\/2&Prime;]<div class=\"ult-spacer spacer-69dc041fac78b\" data-id=\"69dc041fac78b\" data-height=\"20\" data-height-mobile=\"20\" data-height-tab=\"20\" data-height-tab-portrait=\"\" data-height-mobile-landscape=\"\" style=\"clear:both;display:block;\"><\/div>[vc_video link=\u00a0\u00bbhttps:\/\/www.youtube.com\/watch?v=3jfKYQ-U3-k\u00a0\u00bb][vc_column_text css=\u00a0\u00bb\u00a0\u00bb]<\/p>\n<h3><a href=\"https:\/\/www.youtube.com\/watch?v=3jfKYQ-U3-k&amp;feature=youtu.be\">Lecteur sans contact Crocodile<\/a><\/h3>\n<p>[\/vc_column_text][vc_column_text]- Collecte s\u00e9curis\u00e9e des donn\u00e9es du bus CAN<br \/>\n&#8211; Collecte s\u00e9curis\u00e9e des donn\u00e9es du bus J1708<br \/>\n&#8211; Suivi de l\u2019essence et du gaz<br \/>\n&#8211; Transmission des donn\u00e9es d\u2019exploitation du v\u00e9hicule via un terminal t\u00e9l\u00e9matique GPS[\/vc_column_text]<div class=\"ult-spacer spacer-69dc041fac7a8\" data-id=\"69dc041fac7a8\" data-height=\"40\" data-height-mobile=\"40\" data-height-tab=\"40\" data-height-tab-portrait=\"\" data-height-mobile-landscape=\"\" style=\"clear:both;display:block;\"><\/div>[\/vc_column][vc_column width=\u00a0\u00bb1\/2&Prime;]<div class=\"ult-spacer spacer-69dc041fac7c4\" data-id=\"69dc041fac7c4\" data-height=\"20\" data-height-mobile=\"20\" data-height-tab=\"20\" data-height-tab-portrait=\"\" data-height-mobile-landscape=\"\" style=\"clear:both;display:block;\"><\/div>[vc_video link=\u00a0\u00bbhttps:\/\/www.youtube.com\/watch?v=uk8Iljq0hf0&Prime;][vc_column_text css=\u00a0\u00bb\u00a0\u00bb]<\/p>\n<h3><a href=\"https:\/\/youtu.be\/uk8Iljq0hf0\">Comment ouvrir et fermer correctement les lecteurs sans contact Crocodile<\/a><\/h3>\n<p>[\/vc_column_text][vc_column_text]Voici une vid\u00e9o de Technoton montrant comment ouvrir et fermer correctement la \u00ab m\u00e2choire \u00bb des lecteurs sans contact Crocodile.<br \/>\n1. Desserrez les vis et retirez le capot sup\u00e9rieur du capteur<br \/>\n2. Faites coulisser le couvercle du support de carte Micro SIM et ouvrez-le<br \/>\n3. Ins\u00e9rez la carte Micro SIM<br \/>\n4. Refermez le couvercle du support Micro SIM et faites-le coulisser en position verrouill\u00e9e<br \/>\n5. Remplissez uniform\u00e9ment l\u2019espace autour du cadre du support Micro SIM avec du mastic.[\/vc_column_text][\/vc_column][\/vc_row][vc_row][vc_column width=\u00a0\u00bb1\/3&Prime;]<div class=\"ult-spacer spacer-69dc041fac7df\" data-id=\"69dc041fac7df\" data-height=\"40\" data-height-mobile=\"40\" data-height-tab=\"40\" data-height-tab-portrait=\"\" data-height-mobile-landscape=\"\" style=\"clear:both;display:block;\"><\/div>[vc_separator css=\u00a0\u00bb\u00a0\u00bb][vc_column_text css=\u00a0\u00bb\u00a0\u00bb]<\/p>\n<h2>Capteurs de charge sur essieu<\/h2>\n<p>[\/vc_column_text]<div class=\"ult-spacer spacer-69dc041fac7f9\" data-id=\"69dc041fac7f9\" data-height=\"20\" data-height-mobile=\"20\" data-height-tab=\"20\" data-height-tab-portrait=\"\" data-height-mobile-landscape=\"\" style=\"clear:both;display:block;\"><\/div>[vc_video link=\u00a0\u00bbhttps:\/\/www.youtube.com\/watch?v=9njffVByJog\u00a0\u00bb][vc_column_text css=\u00a0\u00bb\u00a0\u00bb]<\/p>\n<h3><a href=\"https:\/\/www.youtube.com\/watch?v=9njffVByJog&amp;feature=youtu.be\">Guide d\u2019installation du capteur de charge sur essieu GNOM DP<\/a><\/h3>\n<p>[\/vc_column_text][vc_column_text]Le GNOM DP est con\u00e7u pour surveiller la charge sur essieu des v\u00e9hicules \u00e9quip\u00e9s de suspension \u00e0 lames.[\/vc_column_text][\/vc_column][vc_column width=\u00a0\u00bb1\/3&Prime;]<div class=\"ult-spacer spacer-69dc041fac814\" data-id=\"69dc041fac814\" data-height=\"40\" data-height-mobile=\"40\" data-height-tab=\"40\" data-height-tab-portrait=\"\" data-height-mobile-landscape=\"\" style=\"clear:both;display:block;\"><\/div>[vc_separator css=\u00a0\u00bb\u00a0\u00bb][vc_column_text css=\u00a0\u00bb\u00a0\u00bb]<\/p>\n<h2>Interface t\u00e9l\u00e9matique S6<\/h2>\n<p>[\/vc_column_text]<div class=\"ult-spacer spacer-69dc041fac82f\" data-id=\"69dc041fac82f\" data-height=\"20\" data-height-mobile=\"20\" data-height-tab=\"20\" data-height-tab-portrait=\"\" data-height-mobile-landscape=\"\" style=\"clear:both;display:block;\"><\/div>[vc_video link=\u00a0\u00bbhttps:\/\/www.youtube.com\/watch?v=3yTwbLHXbZw\u00a0\u00bb][vc_column_text css=\u00a0\u00bb\u00a0\u00bb]<\/p>\n<h3><a href=\"https:\/\/www.youtube.com\/watch?v=3yTwbLHXbZw&amp;feature=youtu.be\">Interface t\u00e9l\u00e9matique S6<\/a><\/h3>\n<p>[\/vc_column_text][vc_column_text]S6 est un syst\u00e8me bas\u00e9 sur SAE J1939, compos\u00e9 de c\u00e2bles et de protocoles, con\u00e7u pour collecter des informations provenant de capteurs externes ou de p\u00e9riph\u00e9riques, en compl\u00e9ment de l\u2019acquisition de donn\u00e9es d\u2019un ou de plusieurs bus CAN du v\u00e9hicule.[\/vc_column_text][\/vc_column][vc_column width=\u00a0\u00bb1\/3&Prime;]<div class=\"ult-spacer spacer-69dc041fac849\" data-id=\"69dc041fac849\" data-height=\"40\" data-height-mobile=\"40\" data-height-tab=\"40\" data-height-tab-portrait=\"\" data-height-mobile-landscape=\"\" style=\"clear:both;display:block;\"><\/div>[vc_separator css=\u00a0\u00bb\u00a0\u00bb][vc_column_text css=\u00a0\u00bb\u00a0\u00bb]<\/p>\n<h2>Power Timer<\/h2>\n<p>[\/vc_column_text]<div class=\"ult-spacer spacer-69dc041fac869\" data-id=\"69dc041fac869\" data-height=\"20\" data-height-mobile=\"20\" data-height-tab=\"20\" data-height-tab-portrait=\"\" data-height-mobile-landscape=\"\" style=\"clear:both;display:block;\"><\/div>[vc_video link=\u00a0\u00bbhttps:\/\/www.youtube.com\/watch?v=XaV76pVrOI8&Prime;][vc_column_text css=\u00a0\u00bb\u00a0\u00bb]<\/p>\n<h3><a href=\"https:\/\/youtu.be\/XaV76pVrOI8\">Power Timer<\/a><\/h3>\n<p>[\/vc_column_text][vc_column_text]Protection des \u00e9quipements embarqu\u00e9s contre les perturbations du r\u00e9seau \u00e9lectrique du v\u00e9hicule. Alimentation \u00e9lectrique garantie 24 h\/24 et 7 j\/7.[\/vc_column_text]<div class=\"ult-spacer spacer-69dc041fac884\" data-id=\"69dc041fac884\" data-height=\"20\" data-height-mobile=\"20\" data-height-tab=\"20\" data-height-tab-portrait=\"\" data-height-mobile-landscape=\"\" style=\"clear:both;display:block;\"><\/div>[\/vc_column][\/vc_row]<\/p>\n<\/div>","protected":false},"excerpt":{"rendered":"<p>[vc_row][vc_column][vc_column_text] Vid\u00e9os [\/vc_column_text][\/vc_column][\/vc_row][vc_row][vc_column][vc_separator css=\u00a0\u00bb\u00a0\u00bb][vc_column_text css=\u00a0\u00bb\u00a0\u00bb] Capteurs de niveau de carburant [\/vc_column_text][\/vc_column][\/vc_row][vc_row][vc_column width=\u00a0\u00bb1\/2&Prime;][vc_video link=\u00a0\u00bbhttps:\/\/www.youtube.com\/watch?v=mAKRF5lOuV4&Prime; css=\u00a0\u00bb\u00a0\u00bb][vc_column_text css=\u00a0\u00bb\u00a0\u00bb] Capteur de niveau de carburant DUT-E 2Bio [\/vc_column_text][vc_column_text css=\u00a0\u00bb\u00a0\u00bb]Les diff\u00e9rents types de carburant (diesel d\u2019\u00e9t\u00e9, diesel d\u2019hiver et surtout biodiesel) ont des valeurs de permittivit\u00e9 diff\u00e9rentes. Le capteur de niveau DUT-E 2Bio est con\u00e7u pour mesurer avec pr\u00e9cision le volume [&hellip;]<\/p>\n","protected":false},"author":19,"featured_media":0,"parent":0,"menu_order":0,"comment_status":"closed","ping_status":"closed","template":"","meta":{"footnotes":""},"class_list":["post-132155","page","type-page","status-publish","hentry"],"yoast_head":"<!-- This site is optimized with the Yoast SEO plugin v27.3 - https:\/\/yoast.com\/product\/yoast-seo-wordpress\/ -->\n<title>Vid\u00e9o | Technoton<\/title>\n<meta name=\"description\" content=\"La vid\u00e9oth\u00e8que Technoton : installations, d\u00e9monstrations produits et solutions t\u00e9l\u00e9matiques pour le suivi de la consommation de carburant, la gestion de flotte et le contr\u00f4le des \u00e9quipements industriels.\" \/>\n<meta name=\"robots\" content=\"index, follow, max-snippet:-1, max-image-preview:large, max-video-preview:-1\" \/>\n<link rel=\"canonical\" href=\"https:\/\/jv-technoton.com\/fr\/video\/\" \/>\n<meta property=\"og:locale\" content=\"fr_FR\" \/>\n<meta property=\"og:type\" content=\"article\" \/>\n<meta property=\"og:title\" content=\"Vid\u00e9o | Technoton\" \/>\n<meta property=\"og:description\" content=\"La vid\u00e9oth\u00e8que Technoton : installations, d\u00e9monstrations produits et solutions t\u00e9l\u00e9matiques pour le suivi de la consommation de carburant, la gestion de flotte et le contr\u00f4le des \u00e9quipements industriels.\" \/>\n<meta property=\"og:url\" content=\"https:\/\/jv-technoton.com\/fr\/video\/\" \/>\n<meta property=\"og:site_name\" content=\"Technoton\" \/>\n<meta property=\"article:modified_time\" content=\"2026-02-10T11:26:27+00:00\" \/>\n<meta name=\"twitter:card\" content=\"summary_large_image\" \/>\n<meta name=\"twitter:label1\" content=\"Dur\u00e9e de lecture estim\u00e9e\" \/>\n\t<meta name=\"twitter:data1\" content=\"4 minutes\" \/>\n<script type=\"application\/ld+json\" class=\"yoast-schema-graph\">{\"@context\":\"https:\\\/\\\/schema.org\",\"@graph\":[{\"@type\":\"WebPage\",\"@id\":\"https:\\\/\\\/jv-technoton.com\\\/fr\\\/video\\\/\",\"url\":\"https:\\\/\\\/jv-technoton.com\\\/fr\\\/video\\\/\",\"name\":\"Vid\u00e9o | Technoton\",\"isPartOf\":{\"@id\":\"https:\\\/\\\/jv-technoton.com\\\/#website\"},\"datePublished\":\"2026-02-10T10:48:43+00:00\",\"dateModified\":\"2026-02-10T11:26:27+00:00\",\"description\":\"La vid\u00e9oth\u00e8que Technoton : installations, d\u00e9monstrations produits et solutions t\u00e9l\u00e9matiques pour le suivi de la consommation de carburant, la gestion de flotte et le contr\u00f4le des \u00e9quipements industriels.\",\"breadcrumb\":{\"@id\":\"https:\\\/\\\/jv-technoton.com\\\/fr\\\/video\\\/#breadcrumb\"},\"inLanguage\":\"fr-FR\",\"potentialAction\":[{\"@type\":\"ReadAction\",\"target\":[\"https:\\\/\\\/jv-technoton.com\\\/fr\\\/video\\\/\"]}]},{\"@type\":\"BreadcrumbList\",\"@id\":\"https:\\\/\\\/jv-technoton.com\\\/fr\\\/video\\\/#breadcrumb\",\"itemListElement\":[{\"@type\":\"ListItem\",\"position\":1,\"name\":\"Home\",\"item\":\"https:\\\/\\\/jv-technoton.com\\\/fr\\\/\"},{\"@type\":\"ListItem\",\"position\":2,\"name\":\"Vid\u00e9o\"}]},{\"@type\":\"WebSite\",\"@id\":\"https:\\\/\\\/jv-technoton.com\\\/#website\",\"url\":\"https:\\\/\\\/jv-technoton.com\\\/\",\"name\":\"Advanced machinery telematics and fuel monitoring\",\"description\":\"T\u00e9l\u00e9matique et suivi du carburant pour machines complexes\",\"publisher\":{\"@id\":\"https:\\\/\\\/jv-technoton.com\\\/#organization\"},\"potentialAction\":[{\"@type\":\"SearchAction\",\"target\":{\"@type\":\"EntryPoint\",\"urlTemplate\":\"https:\\\/\\\/jv-technoton.com\\\/?s={search_term_string}\"},\"query-input\":{\"@type\":\"PropertyValueSpecification\",\"valueRequired\":true,\"valueName\":\"search_term_string\"}}],\"inLanguage\":\"fr-FR\"},{\"@type\":\"Organization\",\"@id\":\"https:\\\/\\\/jv-technoton.com\\\/#organization\",\"name\":\"Technoton\",\"url\":\"https:\\\/\\\/jv-technoton.com\\\/\",\"logo\":{\"@type\":\"ImageObject\",\"inLanguage\":\"fr-FR\",\"@id\":\"https:\\\/\\\/jv-technoton.com\\\/#\\\/schema\\\/logo\\\/image\\\/\",\"url\":\"https:\\\/\\\/jv-technoton.com\\\/wp-content\\\/uploads\\\/2022\\\/02\\\/technoton_logo_web.png\",\"contentUrl\":\"https:\\\/\\\/jv-technoton.com\\\/wp-content\\\/uploads\\\/2022\\\/02\\\/technoton_logo_web.png\",\"width\":800,\"height\":329,\"caption\":\"Technoton\"},\"image\":{\"@id\":\"https:\\\/\\\/jv-technoton.com\\\/#\\\/schema\\\/logo\\\/image\\\/\"},\"sameAs\":[\"https:\\\/\\\/www.linkedin.com\\\/company\\\/technoton\"]}]}<\/script>\n<!-- \/ Yoast SEO plugin. -->","yoast_head_json":{"title":"Vid\u00e9o | Technoton","description":"La vid\u00e9oth\u00e8que Technoton : installations, d\u00e9monstrations produits et solutions t\u00e9l\u00e9matiques pour le suivi de la consommation de carburant, la gestion de flotte et le contr\u00f4le des \u00e9quipements industriels.","robots":{"index":"index","follow":"follow","max-snippet":"max-snippet:-1","max-image-preview":"max-image-preview:large","max-video-preview":"max-video-preview:-1"},"canonical":"https:\/\/jv-technoton.com\/fr\/video\/","og_locale":"fr_FR","og_type":"article","og_title":"Vid\u00e9o | Technoton","og_description":"La vid\u00e9oth\u00e8que Technoton : installations, d\u00e9monstrations produits et solutions t\u00e9l\u00e9matiques pour le suivi de la consommation de carburant, la gestion de flotte et le contr\u00f4le des \u00e9quipements industriels.","og_url":"https:\/\/jv-technoton.com\/fr\/video\/","og_site_name":"Technoton","article_modified_time":"2026-02-10T11:26:27+00:00","twitter_card":"summary_large_image","twitter_misc":{"Dur\u00e9e de lecture estim\u00e9e":"4 minutes"},"schema":{"@context":"https:\/\/schema.org","@graph":[{"@type":"WebPage","@id":"https:\/\/jv-technoton.com\/fr\/video\/","url":"https:\/\/jv-technoton.com\/fr\/video\/","name":"Vid\u00e9o | Technoton","isPartOf":{"@id":"https:\/\/jv-technoton.com\/#website"},"datePublished":"2026-02-10T10:48:43+00:00","dateModified":"2026-02-10T11:26:27+00:00","description":"La vid\u00e9oth\u00e8que Technoton : installations, d\u00e9monstrations produits et solutions t\u00e9l\u00e9matiques pour le suivi de la consommation de carburant, la gestion de flotte et le contr\u00f4le des \u00e9quipements industriels.","breadcrumb":{"@id":"https:\/\/jv-technoton.com\/fr\/video\/#breadcrumb"},"inLanguage":"fr-FR","potentialAction":[{"@type":"ReadAction","target":["https:\/\/jv-technoton.com\/fr\/video\/"]}]},{"@type":"BreadcrumbList","@id":"https:\/\/jv-technoton.com\/fr\/video\/#breadcrumb","itemListElement":[{"@type":"ListItem","position":1,"name":"Home","item":"https:\/\/jv-technoton.com\/fr\/"},{"@type":"ListItem","position":2,"name":"Vid\u00e9o"}]},{"@type":"WebSite","@id":"https:\/\/jv-technoton.com\/#website","url":"https:\/\/jv-technoton.com\/","name":"Advanced machinery telematics and fuel monitoring","description":"T\u00e9l\u00e9matique et suivi du carburant pour machines complexes","publisher":{"@id":"https:\/\/jv-technoton.com\/#organization"},"potentialAction":[{"@type":"SearchAction","target":{"@type":"EntryPoint","urlTemplate":"https:\/\/jv-technoton.com\/?s={search_term_string}"},"query-input":{"@type":"PropertyValueSpecification","valueRequired":true,"valueName":"search_term_string"}}],"inLanguage":"fr-FR"},{"@type":"Organization","@id":"https:\/\/jv-technoton.com\/#organization","name":"Technoton","url":"https:\/\/jv-technoton.com\/","logo":{"@type":"ImageObject","inLanguage":"fr-FR","@id":"https:\/\/jv-technoton.com\/#\/schema\/logo\/image\/","url":"https:\/\/jv-technoton.com\/wp-content\/uploads\/2022\/02\/technoton_logo_web.png","contentUrl":"https:\/\/jv-technoton.com\/wp-content\/uploads\/2022\/02\/technoton_logo_web.png","width":800,"height":329,"caption":"Technoton"},"image":{"@id":"https:\/\/jv-technoton.com\/#\/schema\/logo\/image\/"},"sameAs":["https:\/\/www.linkedin.com\/company\/technoton"]}]}},"rttpg_featured_image_url":null,"rttpg_author":{"display_name":"konoshonok","author_link":"https:\/\/jv-technoton.com\/fr\/author\/konoshonok\/"},"rttpg_comment":0,"rttpg_category":false,"rttpg_excerpt":"[vc_row][vc_column][vc_column_text] Vid\u00e9os [\/vc_column_text][\/vc_column][\/vc_row][vc_row][vc_column][vc_separator css=\u00a0\u00bb\u00a0\u00bb][vc_column_text css=\u00a0\u00bb\u00a0\u00bb] Capteurs de niveau de carburant [\/vc_column_text][\/vc_column][\/vc_row][vc_row][vc_column width=\u00a0\u00bb1\/2&Prime;][vc_video link=\u00a0\u00bbhttps:\/\/www.youtube.com\/watch?v=mAKRF5lOuV4&Prime; css=\u00a0\u00bb\u00a0\u00bb][vc_column_text css=\u00a0\u00bb\u00a0\u00bb] Capteur de niveau de carburant DUT-E 2Bio [\/vc_column_text][vc_column_text css=\u00a0\u00bb\u00a0\u00bb]Les diff\u00e9rents types de carburant (diesel d\u2019\u00e9t\u00e9, diesel d\u2019hiver et surtout biodiesel) ont des valeurs de permittivit\u00e9 diff\u00e9rentes. Le capteur de niveau DUT-E 2Bio est con\u00e7u pour mesurer avec pr\u00e9cision le volume\u2026","_links":{"self":[{"href":"https:\/\/jv-technoton.com\/fr\/wp-json\/wp\/v2\/pages\/132155","targetHints":{"allow":["GET"]}}],"collection":[{"href":"https:\/\/jv-technoton.com\/fr\/wp-json\/wp\/v2\/pages"}],"about":[{"href":"https:\/\/jv-technoton.com\/fr\/wp-json\/wp\/v2\/types\/page"}],"author":[{"embeddable":true,"href":"https:\/\/jv-technoton.com\/fr\/wp-json\/wp\/v2\/users\/19"}],"replies":[{"embeddable":true,"href":"https:\/\/jv-technoton.com\/fr\/wp-json\/wp\/v2\/comments?post=132155"}],"version-history":[{"count":3,"href":"https:\/\/jv-technoton.com\/fr\/wp-json\/wp\/v2\/pages\/132155\/revisions"}],"predecessor-version":[{"id":132168,"href":"https:\/\/jv-technoton.com\/fr\/wp-json\/wp\/v2\/pages\/132155\/revisions\/132168"}],"wp:attachment":[{"href":"https:\/\/jv-technoton.com\/fr\/wp-json\/wp\/v2\/media?parent=132155"}],"curies":[{"name":"wp","href":"https:\/\/api.w.org\/{rel}","templated":true}]}}