{"id":322,"date":"2017-11-02T09:14:42","date_gmt":"2017-11-02T06:14:42","guid":{"rendered":"https:\/\/jv-technoton.com\/glavnaya-stranitsa\/"},"modified":"2026-04-06T11:22:44","modified_gmt":"2026-04-06T08:22:44","slug":"glavnaya","status":"publish","type":"page","link":"https:\/\/jv-technoton.com\/fr\/","title":{"rendered":"T\u00e9l\u00e9matique des machines complexes"},"content":{"rendered":"<div class=\"wpb-content-wrapper\"><p>[vc_row full_width=\u00a0\u00bbstretch_row_content_no_spaces\u00a0\u00bb visibility=\u00a0\u00bbhidden-phone\u00a0\u00bb el_class=\u00a0\u00bbmobile-display-none\u00a0\u00bb][vc_column][vc_column_text css=\u00a0\u00bb\u00a0\u00bb][\/vc_column_text][\/vc_column][\/vc_row][vc_row full_width=\u00a0\u00bbstretch_row\u00a0\u00bb equal_height=\u00a0\u00bbyes\u00a0\u00bb][vc_column][vc_column_text css=\u00a0\u00bb\u00a0\u00bb font_size=\u00a0\u00bbd:16|tl:13|tp:13|pl:10|pp:10&Prime;]<\/p>\n<h1>T\u00e9l\u00e9matique des machines complexes<\/h1>\n<p>[\/vc_column_text][\/vc_column][\/vc_row][vc_row full_width=\u00a0\u00bbstretch_row_content_no_spaces\u00a0\u00bb visibility=\u00a0\u00bbhidden-phone\u00a0\u00bb][vc_column offset=\u00a0\u00bbvc_hidden-lg vc_hidden-md vc_hidden-sm\u00a0\u00bb][vc_column_text css=\u00a0\u00bb\u00a0\u00bb]<img decoding=\"async\" class=\"size-full wp-image-115435 aligncenter\" src=\"https:\/\/jv-technoton.com\/wp-content\/uploads\/2025\/01\/advanced-machinery-telematics-by-technoton-s.webp\" alt=\"Advanced machinery telematics by Technoton\" width=\"400\" height=\"379\" srcset=\"https:\/\/jv-technoton.com\/wp-content\/uploads\/2025\/01\/advanced-machinery-telematics-by-technoton-s.webp 400w, https:\/\/jv-technoton.com\/wp-content\/uploads\/2025\/01\/advanced-machinery-telematics-by-technoton-s-300x284.webp 300w\" sizes=\"(max-width: 400px) 100vw, 400px\" \/>[\/vc_column_text][\/vc_column][\/vc_row][vc_row full_width=\u00a0\u00bbstretch_row\u00a0\u00bb equal_height=\u00a0\u00bbyes\u00a0\u00bb][vc_column width=\u00a0\u00bb6\/12&Prime;]<div class=\"ult-spacer spacer-69dc58ae5aa3a\" data-id=\"69dc58ae5aa3a\" data-height=\"20\" data-height-mobile=\"5\" data-height-tab=\"15\" data-height-tab-portrait=\"10\" data-height-mobile-landscape=\"5\" style=\"clear:both;display:block;\"><\/div>[vc_column_text css=\u00a0\u00bb\u00a0\u00bb font_size=\u00a0\u00bbd:-|tl:-|tp:-|pl:-|pp:-\u00ab\u00a0]<\/p>\n<p class=\"line\" style=\"text-align: justify;\">Nous proposons des solutions compl\u00e8tes pour la surveillance \u00e0 distance des camions routiers et tout-terrain, des locomotives, des navires maritimes et fluviaux, des g\u00e9n\u00e9rateurs diesel (groupes \u00e9lectrog\u00e8nes), des r\u00e9servoirs de carburant et des machines technologiques. Les principaux param\u00e8tres surveill\u00e9s comprennent : la consommation de carburant, le temps et le mode de fonctionnement du moteur, le volume et la temp\u00e9rature du carburant, le fonctionnement des \u00e9quipements attach\u00e9s et la charge par essieu.<\/p>\n<p>[\/vc_column_text][\/vc_column][vc_column width=\u00a0\u00bb1\/12&Prime; css=\u00a0\u00bb.vc_custom_1674732880719{margin-left: 50px !important;}\u00a0\u00bb][\/vc_column][vc_column width=\u00a0\u00bb5\/12&Prime; css=\u00a0\u00bb.vc_custom_1674732885798{margin-left: 50px !important;}\u00a0\u00bb]<div class=\"ult-spacer spacer-69dc58ae5aa6b\" data-id=\"69dc58ae5aa6b\" data-height=\"20\" data-height-mobile=\"5\" data-height-tab=\"15\" data-height-tab-portrait=\"10\" data-height-mobile-landscape=\"5\" style=\"clear:both;display:block;\"><\/div>[vc_row_inner][vc_column_inner width=\u00a0\u00bb1\/2&Prime;][vc_column_text css=\u00a0\u00bb\u00a0\u00bb]<strong><a style=\"color: #ff5722; font-size: 18px!important;\" href=\"https:\/\/dc.jv-technoton.com\/fra\/login\/\" target=\"_blank\" rel=\"noopener\">Documentation<\/a><\/strong><\/p>\n<p><strong><a style=\"color: #ff5722; font-size: 18px!important;\" href=\"https:\/\/jv-technoton.com\/fr\/logiciel-firmware\/\">Logiciel<\/a><\/strong>[\/vc_column_text][\/vc_column_inner][vc_column_inner width=\u00a0\u00bb1\/2&Prime;][vc_column_text css=\u00a0\u00bb\u00a0\u00bb]<strong><a style=\"color: #ff5722; font-size: 18px!important;\" href=\"https:\/\/jv-technoton.com\/fr\/formation-technique\/\">Formation<\/a><\/strong><\/p>\n<p><strong><a style=\"color: #ff5722; font-size: 18px!important;\" href=\"https:\/\/rd-technoton.com\/\" target=\"_blank\" rel=\"noopener\">Services ODM<\/a><\/strong>[\/vc_column_text][\/vc_column_inner][\/vc_row_inner][\/vc_column][\/vc_row][vc_row][vc_column][vc_separator]<div class=\"ult-spacer spacer-69dc58ae5aa92\" data-id=\"69dc58ae5aa92\" data-height=\"20\" data-height-mobile=\"5\" data-height-tab=\"15\" data-height-tab-portrait=\"10\" data-height-mobile-landscape=\"5\" style=\"clear:both;display:block;\"><\/div>[\/vc_column][\/vc_row][vc_row full_width=\u00a0\u00bbstretch_row\u00a0\u00bb equal_height=\u00a0\u00bbyes\u00a0\u00bb][vc_column width=\u00a0\u00bb6\/12&Prime;][vc_column_text css=\u00a0\u00bb\u00a0\u00bb]Les solutions t\u00e9l\u00e9matiques de Technoton permettent aux propri\u00e9taires et aux op\u00e9rateurs de machines d&rsquo;am\u00e9liorer consid\u00e9rablement l&rsquo;efficacit\u00e9 de fonctionnement et de r\u00e9duire les co\u00fbts.<\/p>\n<p><strong>Notre expertise :<\/strong><\/p>\n<ul>\n<li>Surveillance de la consommation de carburant des moteurs diesel<\/li>\n<li>Suivi des r\u00e9servoirs de carburant fixes et mobiles<\/li>\n<li>Lecture, analyse et conversion sans contact des donn\u00e9es des bus CAN j1939 et j1708<\/li>\n<li>Int\u00e9gration des donn\u00e9es des bus standard CAN j1939 et j1708 dans les syst\u00e8mes t\u00e9l\u00e9matiques et de suivi GPS\/GLONASS<\/li>\n<li>Int\u00e9gration de capteurs analogiques standard dans les syst\u00e8mes t\u00e9l\u00e9matiques<\/li>\n<li>Surveillance en temps r\u00e9el de plus de 10 800 param\u00e8tres technologiques 24h\/24 et 7j\/7<\/li>\n<\/ul>\n<p>Les produits Technoton sont con\u00e7us avec des technologies utilisant des m\u00e9thodes de calcul edge\/fog, garantissant une mesure pr\u00e9cise des param\u00e8tres, une \u00e9volutivit\u00e9 des syst\u00e8mes t\u00e9l\u00e9matiques, une fiabilit\u00e9 de fonctionnement et une compatibilit\u00e9 assur\u00e9e des \u00e9quipements.[\/vc_column_text][\/vc_column][vc_column width=\u00a0\u00bb1\/12&Prime;][\/vc_column][vc_column width=\u00a0\u00bb5\/12&Prime;][vc_column_text css=\u00a0\u00bb\u00a0\u00bb]Depuis 2000, Technoton d\u00e9veloppe, fabrique et fournit des solutions de suivi du carburant et de t\u00e9l\u00e9matique offrant une visibilit\u00e9 et des analyses \u00e0 distance des actifs.<\/p>\n<p>Nos capteurs intelligents et nos kits mat\u00e9riels cl\u00e9s en main sont utilis\u00e9s dans les camions et v\u00e9hicules commerciaux, les trains diesel, les engins de construction, agricoles et miniers, les navires maritimes et fluviaux, les groupes \u00e9lectrog\u00e8nes, les r\u00e9servoirs de carburant fixes et les syst\u00e8mes de carburant industriels.<\/p>\n<p>Le syst\u00e8me de management de la qualit\u00e9 de Technoton est certifi\u00e9 ISO 9001:2015.[\/vc_column_text]<div class=\"ult-spacer spacer-69dc58ae5aab5\" data-id=\"69dc58ae5aab5\" data-height=\"20\" data-height-mobile=\"5\" data-height-tab=\"15\" data-height-tab-portrait=\"10\" data-height-mobile-landscape=\"5\" style=\"clear:both;display:block;\"><\/div><div class=\"ult-spacer spacer-69dc58ae5aad6\" data-id=\"69dc58ae5aad6\" data-height=\"20\" data-height-mobile=\"5\" data-height-tab=\"15\" data-height-tab-portrait=\"10\" data-height-mobile-landscape=\"5\" style=\"clear:both;display:block;\"><\/div><div class=\"ult-spacer spacer-69dc58ae5aaf5\" data-id=\"69dc58ae5aaf5\" data-height=\"20\" data-height-mobile=\"5\" data-height-tab=\"15\" data-height-tab-portrait=\"10\" data-height-mobile-landscape=\"5\" style=\"clear:both;display:block;\"><\/div>[\/vc_column][\/vc_row][vc_row][vc_column]<div class=\"ult-spacer spacer-69dc58ae5ab13\" data-id=\"69dc58ae5ab13\" data-height=\"40\" data-height-mobile=\"40\" data-height-tab=\"40\" data-height-tab-portrait=\"\" data-height-mobile-landscape=\"\" style=\"clear:both;display:block;\"><\/div>[vc_separator][vc_raw_html css=\u00a0\u00bb\u00a0\u00bb]JTNDaDIlM0VOb3MlMjBjbGllbnRzJTNDJTJGaDIlM0UlMEQlMEElM0NzZWN0aW9uJTIwY2xhc3MlM0QlMjJzZWN0aW9uJTIyJTNFJTBEJTBBJTIwJTIwJTNDZGl2JTIwY2xhc3MlM0QlMjJsb2dvcyUyMiUzRSUwRCUwQSUyMCUyMCUyMCUyMCUzQ2ltZyUyMHNyYyUzRCUyMiUyRndwLWNvbnRlbnQlMkZ1cGxvYWRzJTJGMjAyNiUyRjAzJTJGc2NhbmlhLWxvZ28ud2VicCUyMiUyMGFsdCUzRCUyMlNjYW5pYSUyMiUzRSUwRCUwQSUyMCUyMCUyMCUyMCUzQ2ltZyUyMHNyYyUzRCUyMiUyRndwLWNvbnRlbnQlMkZ1cGxvYWRzJTJGMjAyNiUyRjAzJTJGY3VtbWlucy1sb2dvLndlYnAlMjIlMjBhbHQlM0QlMjJDdW1taW5zJTIyJTNFJTBEJTBBJTIwJTIwJTIwJTIwJTNDaW1nJTIwc3JjJTNEJTIyJTJGd3AtY29udGVudCUyRnVwbG9hZHMlMkYyMDI2JTJGMDMlMkZvdG9rYXItbG9nby53ZWJwJTIyJTIwYWx0JTNEJTIyT3Rva2FyJTIyJTNFJTBEJTBBJTIwJTIwJTIwJTIwJTNDaW1nJTIwc3JjJTNEJTIyJTJGd3AtY29udGVudCUyRnVwbG9hZHMlMkYyMDI2JTJGMDMlMkZ0aGVybW8ta2luZy1sb2dvLndlYnAlMjIlMjBhbHQlM0QlMjJUaGVybW8lMjBLaW5nJTIyJTNFJTBEJTBBJTIwJTIwJTIwJTIwJTNDaW1nJTIwc3JjJTNEJTIyJTJGd3AtY29udGVudCUyRnVwbG9hZHMlMkYyMDI2JTJGMDMlMkZhZ2dyZWtvLWxvZ28ud2VicCUyMiUyMGFsdCUzRCUyMkFnZ3Jla28lMjIlM0UlMEQlMEElMjAlMjAlMjAlMjAlM0NpbWclMjBzcmMlM0QlMjIlMkZ3cC1jb250ZW50JTJGdXBsb2FkcyUyRjIwMjYlMkYwMyUyRmNhcnJpZXItbG9nby53ZWJwJTIyJTIwYWx0JTNEJTIyQ2FycmllciUyMiUzRSUwRCUwQSUyMCUyMCUyMCUyMCUzQ2ltZyUyMHNyYyUzRCUyMiUyRndwLWNvbnRlbnQlMkZ1cGxvYWRzJTJGMjAyNiUyRjAzJTJGa2lybG9za2FyLWxvZ28ud2VicCUyMiUyMGFsdCUzRCUyMlpGJTIyJTNFJTBEJTBBJTIwJTIwJTIwJTIwJTNDaW1nJTIwc3JjJTNEJTIyJTJGd3AtY29udGVudCUyRnVwbG9hZHMlMkYyMDI2JTJGMDMlMkZ0YW0tbG9nby53ZWJwJTIyJTIwYWx0JTNEJTIyVEFNJTIyJTNFJTBEJTBBJTIwJTIwJTNDJTJGZGl2JTNFJTBEJTBBJTNDJTJGc2VjdGlvbiUzRSUwRCUwQSUzQ2RpdiUyMGNsYXNzJTNEJTIybG9nby1kaXNjbGFpbWVyJTIyJTNFVG91cyUyMGxvZ29zJTIwZXQlMjBtYXJxdWVzJTIwc29udCUyMGxhJTIwcHJvcHJpJUMzJUE5dCVDMyVBOSUyMGRlJTIwbGV1cnMlMjBkJUMzJUE5dGVudGV1cnMlMjByZXNwZWN0aWZzLiUwRCUwQUxlcyUyMGxvZ29zJTIwc29udCUyMGFmZmljaCVDMyVBOXMlMjB1bmlxdWVtZW50JTIwcG91ciUyMGluZGlxdWVyJTIwcXVlJTIwY2VzJTIwZW50cmVwcmlzZXMlMjBvbnQlMjBhY2hldCVDMyVBOSUyMGV0JTIwdXRpbGlzJUMzJUE5JTIwbGVzJTIwcHJvZHVpdHMlMjBUZWNobm90b24lMjBkYW5zJTIwbGV1cnMlMjBwcm9qZXRzLiUzQyUyRmRpdiUzRSUwRCUwQSUzQ3N0eWxlJTNFJTBEJTBBJTIwJTIwJTIwJTIwLmxvZ28tZGlzY2xhaW1lciUyMCU3QiUwRCUwQSUyMCUyMCUyMCUyMCUyMCUyMHRleHQtYWxpZ24lM0ElMjBsZWZ0JTNCJTBEJTBBJTIwJTIwJTIwJTIwJTIwJTIwZm9udC1zaXplJTNBJTIwMTBweCUzQiUwRCUwQSUyMCUyMCUyMCUyMCUyMCUyMGNvbG9yJTNBJTIwJTIzODg4JTNCJTBEJTBBJTIwJTIwJTIwJTIwJTIwJTIwbGluZS1oZWlnaHQlM0ElMjAxLjQlM0IlMEQlMEElMjAlMjAlMjAlMjAlMjAlMjAlN0QlMEQlMEEuc2VjdGlvbiUyMCU3QiUwRCUwQSUyMCUyMHBhZGRpbmclM0ElMjA1MHB4JTIwMjBweCUzQiUwRCUwQSUyMCUyMHRleHQtYWxpZ24lM0ElMjBjZW50ZXIlM0IlMEQlMEElN0QlMEQlMEElMEQlMEEuc2VjdGlvbiUyMGgyJTIwJTdCJTBEJTBBJTIwJTIwZm9udC1zaXplJTNBJTIwMzJweCUzQiUwRCUwQSUyMCUyMG1hcmdpbi1ib3R0b20lM0ElMjAzMHB4JTNCJTBEJTBBJTIwJTIwY29sb3IlM0ElMjAlMjMyMjIlM0IlMEQlMEElN0QlMEQlMEElMEQlMEEubG9nb3MlMjAlN0IlMEQlMEElMjAlMjBkaXNwbGF5JTNBJTIwZmxleCUzQiUwRCUwQSUyMCUyMGp1c3RpZnktY29udGVudCUzQSUyMHNwYWNlLWJldHdlZW4lM0IlMEQlMEElMjAlMjBhbGlnbi1pdGVtcyUzQSUyMGNlbnRlciUzQiUwRCUwQSUyMCUyMGdhcCUzQSUyMDE1cHglM0IlMEQlMEElMjAlMjBtYXgtd2lkdGglM0ElMjAxMTAwcHglM0IlMEQlMEElMjAlMjBtYXJnaW4lM0ElMjAwJTIwYXV0byUzQiUwRCUwQSUyMCUyMGZsZXgtd3JhcCUzQSUyMHdyYXAlM0IlMEQlMEElN0QlMEQlMEElMEQlMEEubG9nb3MlMjBpbWclMjAlN0IlMEQlMEElMjAlMjBtYXgtaGVpZ2h0JTNBJTIwNTBweCUzQiUwRCUwQSUyMCUyMG1heC13aWR0aCUzQSUyMDEwMCUyNSUzQiUwRCUwQSUyMCUyMG9iamVjdC1maXQlM0ElMjBjb250YWluJTNCJTBEJTBBJTIwJTIwZmlsdGVyJTNBJTIwbm9uZSUzQiUyMCUwRCUwQSUyMCUyMG9wYWNpdHklM0ElMjAxJTNCJTBEJTBBJTIwJTIwdHJhbnNpdGlvbiUzQSUyMHRyYW5zZm9ybSUyMDAuM3MlMjBlYXNlLWluLW91dCUzQiUwRCUwQSU3RCUwRCUwQSUwRCUwQS5sb2dvcyUyMGltZyUzQWhvdmVyJTIwJTdCJTBEJTBBJTIwJTIwdHJhbnNmb3JtJTNBJTIwdHJhbnNsYXRlWSUyOC01cHglMjklM0IlMEQlMEElN0QlMEQlMEElM0MlMkZzdHlsZSUzRQ==[\/vc_raw_html][\/vc_column][\/vc_row][vc_row][vc_column]<div class=\"ult-spacer spacer-69dc58ae5ab30\" data-id=\"69dc58ae5ab30\" data-height=\"40\" data-height-mobile=\"40\" data-height-tab=\"40\" data-height-tab-portrait=\"\" data-height-mobile-landscape=\"\" style=\"clear:both;display:block;\"><\/div>[\/vc_column][\/vc_row]<\/p>\n<\/div>","protected":false},"excerpt":{"rendered":"<p>[vc_row full_width=\u00a0\u00bbstretch_row_content_no_spaces\u00a0\u00bb visibility=\u00a0\u00bbhidden-phone\u00a0\u00bb el_class=\u00a0\u00bbmobile-display-none\u00a0\u00bb][vc_column][vc_column_text css=\u00a0\u00bb\u00a0\u00bb][\/vc_column_text][\/vc_column][\/vc_row][vc_row full_width=\u00a0\u00bbstretch_row\u00a0\u00bb equal_height=\u00a0\u00bbyes\u00a0\u00bb][vc_column][vc_column_text css=\u00a0\u00bb\u00a0\u00bb font_size=\u00a0\u00bbd:16|tl:13|tp:13|pl:10|pp:10&Prime;] T\u00e9l\u00e9matique des machines complexes [\/vc_column_text][\/vc_column][\/vc_row][vc_row full_width=\u00a0\u00bbstretch_row_content_no_spaces\u00a0\u00bb visibility=\u00a0\u00bbhidden-phone\u00a0\u00bb][vc_column offset=\u00a0\u00bbvc_hidden-lg vc_hidden-md vc_hidden-sm\u00a0\u00bb][vc_column_text css=\u00a0\u00bb\u00a0\u00bb][\/vc_column_text][\/vc_column][\/vc_row][vc_row full_width=\u00a0\u00bbstretch_row\u00a0\u00bb equal_height=\u00a0\u00bbyes\u00a0\u00bb][vc_column width=\u00a0\u00bb6\/12&Prime;][vc_column_text css=\u00a0\u00bb\u00a0\u00bb font_size=\u00a0\u00bbd:-|tl:-|tp:-|pl:-|pp:-\u00ab\u00a0] Nous proposons des solutions compl\u00e8tes pour la surveillance \u00e0 distance des camions routiers et tout-terrain, des locomotives, des navires maritimes et fluviaux, des g\u00e9n\u00e9rateurs diesel (groupes \u00e9lectrog\u00e8nes), des r\u00e9servoirs de [&hellip;]<\/p>\n","protected":false},"author":1,"featured_media":87630,"parent":0,"menu_order":0,"comment_status":"closed","ping_status":"closed","template":"","meta":{"footnotes":""},"class_list":["post-322","page","type-page","status-publish","has-post-thumbnail","hentry"],"yoast_head":"<!-- This site is optimized with the Yoast SEO plugin v27.3 - https:\/\/yoast.com\/product\/yoast-seo-wordpress\/ -->\n<title>T\u00e9l\u00e9matique des machines complexes | Technoton<\/title>\n<meta name=\"description\" content=\"Capteurs et appareils intelligents, syst\u00e8mes t\u00e9l\u00e9matiques int\u00e9gr\u00e9s pour camions, navires, \u00e9quipements ferroviaires, groupes \u00e9lectrog\u00e8nes et autres objets\" \/>\n<meta name=\"robots\" content=\"index, follow, max-snippet:-1, max-image-preview:large, max-video-preview:-1\" \/>\n<link rel=\"canonical\" href=\"https:\/\/jv-technoton.com\/fr\/\" \/>\n<meta property=\"og:locale\" content=\"fr_FR\" \/>\n<meta property=\"og:type\" content=\"article\" \/>\n<meta property=\"og:title\" content=\"Contr\u00f4le de carburant et t\u00e9l\u00e9matique des machines complexes Technoton\" \/>\n<meta property=\"og:description\" content=\"Capteurs et appareils intelligents, syst\u00e8mes t\u00e9l\u00e9matiques int\u00e9gr\u00e9s pour camions, navires, \u00e9quipements ferroviaires, groupes \u00e9lectrog\u00e8nes et autres objets\" \/>\n<meta property=\"og:url\" content=\"https:\/\/jv-technoton.com\/fr\/\" \/>\n<meta property=\"og:site_name\" content=\"Technoton\" \/>\n<meta property=\"article:modified_time\" content=\"2026-04-06T08:22:44+00:00\" \/>\n<meta property=\"og:image\" content=\"https:\/\/jv-technoton.com\/wp-content\/uploads\/2018\/06\/FB-Main-1.png\" \/>\n\t<meta property=\"og:image:width\" content=\"1056\" \/>\n\t<meta property=\"og:image:height\" content=\"549\" \/>\n\t<meta property=\"og:image:type\" content=\"image\/png\" \/>\n<meta name=\"twitter:card\" content=\"summary_large_image\" \/>\n<meta name=\"twitter:title\" content=\"Contr\u00f4le de carburant et t\u00e9l\u00e9matique des machines complexes Technoton\" \/>\n<meta name=\"twitter:description\" content=\"Capteurs et appareils intelligents, syst\u00e8mes t\u00e9l\u00e9matiques int\u00e9gr\u00e9s pour camions, navires, \u00e9quipements ferroviaires, groupes \u00e9lectrog\u00e8nes et autres objets\" \/>\n<meta name=\"twitter:label1\" content=\"Dur\u00e9e de lecture estim\u00e9e\" \/>\n\t<meta name=\"twitter:data1\" content=\"3 minutes\" \/>\n<script type=\"application\/ld+json\" class=\"yoast-schema-graph\">{\"@context\":\"https:\\\/\\\/schema.org\",\"@graph\":[{\"@type\":\"WebPage\",\"@id\":\"https:\\\/\\\/jv-technoton.com\\\/fr\\\/\",\"url\":\"https:\\\/\\\/jv-technoton.com\\\/fr\\\/\",\"name\":\"T\u00e9l\u00e9matique des machines complexes | Technoton\",\"isPartOf\":{\"@id\":\"https:\\\/\\\/jv-technoton.com\\\/#website\"},\"primaryImageOfPage\":{\"@id\":\"https:\\\/\\\/jv-technoton.com\\\/fr\\\/#primaryimage\"},\"image\":{\"@id\":\"https:\\\/\\\/jv-technoton.com\\\/fr\\\/#primaryimage\"},\"thumbnailUrl\":\"https:\\\/\\\/jv-technoton.com\\\/wp-content\\\/uploads\\\/2023\\\/01\\\/Kontrol-topliva-i-telematika-slozhnih-mashin-Tehnoton.png\",\"datePublished\":\"2017-11-02T06:14:42+00:00\",\"dateModified\":\"2026-04-06T08:22:44+00:00\",\"description\":\"Capteurs et appareils intelligents, syst\u00e8mes t\u00e9l\u00e9matiques int\u00e9gr\u00e9s pour camions, navires, \u00e9quipements ferroviaires, groupes \u00e9lectrog\u00e8nes et autres objets\",\"breadcrumb\":{\"@id\":\"https:\\\/\\\/jv-technoton.com\\\/fr\\\/#breadcrumb\"},\"inLanguage\":\"fr-FR\",\"potentialAction\":[{\"@type\":\"ReadAction\",\"target\":[\"https:\\\/\\\/jv-technoton.com\\\/fr\\\/\"]}]},{\"@type\":\"ImageObject\",\"inLanguage\":\"fr-FR\",\"@id\":\"https:\\\/\\\/jv-technoton.com\\\/fr\\\/#primaryimage\",\"url\":\"https:\\\/\\\/jv-technoton.com\\\/wp-content\\\/uploads\\\/2023\\\/01\\\/Kontrol-topliva-i-telematika-slozhnih-mashin-Tehnoton.png\",\"contentUrl\":\"https:\\\/\\\/jv-technoton.com\\\/wp-content\\\/uploads\\\/2023\\\/01\\\/Kontrol-topliva-i-telematika-slozhnih-mashin-Tehnoton.png\",\"width\":489,\"height\":489},{\"@type\":\"BreadcrumbList\",\"@id\":\"https:\\\/\\\/jv-technoton.com\\\/fr\\\/#breadcrumb\",\"itemListElement\":[{\"@type\":\"ListItem\",\"position\":1,\"name\":\"Home\",\"item\":\"https:\\\/\\\/jv-technoton.com\\\/fr\\\/\"},{\"@type\":\"ListItem\",\"position\":2,\"name\":\"T\u00e9l\u00e9matique des machines complexes\"}]},{\"@type\":\"WebSite\",\"@id\":\"https:\\\/\\\/jv-technoton.com\\\/#website\",\"url\":\"https:\\\/\\\/jv-technoton.com\\\/\",\"name\":\"Advanced machinery telematics and fuel monitoring\",\"description\":\"T\u00e9l\u00e9matique et suivi du carburant pour machines complexes\",\"publisher\":{\"@id\":\"https:\\\/\\\/jv-technoton.com\\\/#organization\"},\"potentialAction\":[{\"@type\":\"SearchAction\",\"target\":{\"@type\":\"EntryPoint\",\"urlTemplate\":\"https:\\\/\\\/jv-technoton.com\\\/?s={search_term_string}\"},\"query-input\":{\"@type\":\"PropertyValueSpecification\",\"valueRequired\":true,\"valueName\":\"search_term_string\"}}],\"inLanguage\":\"fr-FR\"},{\"@type\":\"Organization\",\"@id\":\"https:\\\/\\\/jv-technoton.com\\\/#organization\",\"name\":\"Technoton\",\"url\":\"https:\\\/\\\/jv-technoton.com\\\/\",\"logo\":{\"@type\":\"ImageObject\",\"inLanguage\":\"fr-FR\",\"@id\":\"https:\\\/\\\/jv-technoton.com\\\/#\\\/schema\\\/logo\\\/image\\\/\",\"url\":\"https:\\\/\\\/jv-technoton.com\\\/wp-content\\\/uploads\\\/2022\\\/02\\\/technoton_logo_web.png\",\"contentUrl\":\"https:\\\/\\\/jv-technoton.com\\\/wp-content\\\/uploads\\\/2022\\\/02\\\/technoton_logo_web.png\",\"width\":800,\"height\":329,\"caption\":\"Technoton\"},\"image\":{\"@id\":\"https:\\\/\\\/jv-technoton.com\\\/#\\\/schema\\\/logo\\\/image\\\/\"},\"sameAs\":[\"https:\\\/\\\/www.linkedin.com\\\/company\\\/technoton\"]}]}<\/script>\n<!-- \/ Yoast SEO plugin. -->","yoast_head_json":{"title":"T\u00e9l\u00e9matique des machines complexes | Technoton","description":"Capteurs et appareils intelligents, syst\u00e8mes t\u00e9l\u00e9matiques int\u00e9gr\u00e9s pour camions, navires, \u00e9quipements ferroviaires, groupes \u00e9lectrog\u00e8nes et autres objets","robots":{"index":"index","follow":"follow","max-snippet":"max-snippet:-1","max-image-preview":"max-image-preview:large","max-video-preview":"max-video-preview:-1"},"canonical":"https:\/\/jv-technoton.com\/fr\/","og_locale":"fr_FR","og_type":"article","og_title":"Contr\u00f4le de carburant et t\u00e9l\u00e9matique des machines complexes Technoton","og_description":"Capteurs et appareils intelligents, syst\u00e8mes t\u00e9l\u00e9matiques int\u00e9gr\u00e9s pour camions, navires, \u00e9quipements ferroviaires, groupes \u00e9lectrog\u00e8nes et autres objets","og_url":"https:\/\/jv-technoton.com\/fr\/","og_site_name":"Technoton","article_modified_time":"2026-04-06T08:22:44+00:00","og_image":[{"width":1056,"height":549,"url":"https:\/\/jv-technoton.com\/wp-content\/uploads\/2018\/06\/FB-Main-1.png","type":"image\/png"}],"twitter_card":"summary_large_image","twitter_title":"Contr\u00f4le de carburant et t\u00e9l\u00e9matique des machines complexes Technoton","twitter_description":"Capteurs et appareils intelligents, syst\u00e8mes t\u00e9l\u00e9matiques int\u00e9gr\u00e9s pour camions, navires, \u00e9quipements ferroviaires, groupes \u00e9lectrog\u00e8nes et autres objets","twitter_misc":{"Dur\u00e9e de lecture estim\u00e9e":"3 minutes"},"schema":{"@context":"https:\/\/schema.org","@graph":[{"@type":"WebPage","@id":"https:\/\/jv-technoton.com\/fr\/","url":"https:\/\/jv-technoton.com\/fr\/","name":"T\u00e9l\u00e9matique des machines complexes | Technoton","isPartOf":{"@id":"https:\/\/jv-technoton.com\/#website"},"primaryImageOfPage":{"@id":"https:\/\/jv-technoton.com\/fr\/#primaryimage"},"image":{"@id":"https:\/\/jv-technoton.com\/fr\/#primaryimage"},"thumbnailUrl":"https:\/\/jv-technoton.com\/wp-content\/uploads\/2023\/01\/Kontrol-topliva-i-telematika-slozhnih-mashin-Tehnoton.png","datePublished":"2017-11-02T06:14:42+00:00","dateModified":"2026-04-06T08:22:44+00:00","description":"Capteurs et appareils intelligents, syst\u00e8mes t\u00e9l\u00e9matiques int\u00e9gr\u00e9s pour camions, navires, \u00e9quipements ferroviaires, groupes \u00e9lectrog\u00e8nes et autres objets","breadcrumb":{"@id":"https:\/\/jv-technoton.com\/fr\/#breadcrumb"},"inLanguage":"fr-FR","potentialAction":[{"@type":"ReadAction","target":["https:\/\/jv-technoton.com\/fr\/"]}]},{"@type":"ImageObject","inLanguage":"fr-FR","@id":"https:\/\/jv-technoton.com\/fr\/#primaryimage","url":"https:\/\/jv-technoton.com\/wp-content\/uploads\/2023\/01\/Kontrol-topliva-i-telematika-slozhnih-mashin-Tehnoton.png","contentUrl":"https:\/\/jv-technoton.com\/wp-content\/uploads\/2023\/01\/Kontrol-topliva-i-telematika-slozhnih-mashin-Tehnoton.png","width":489,"height":489},{"@type":"BreadcrumbList","@id":"https:\/\/jv-technoton.com\/fr\/#breadcrumb","itemListElement":[{"@type":"ListItem","position":1,"name":"Home","item":"https:\/\/jv-technoton.com\/fr\/"},{"@type":"ListItem","position":2,"name":"T\u00e9l\u00e9matique des machines complexes"}]},{"@type":"WebSite","@id":"https:\/\/jv-technoton.com\/#website","url":"https:\/\/jv-technoton.com\/","name":"Advanced machinery telematics and fuel monitoring","description":"T\u00e9l\u00e9matique et suivi du carburant pour machines complexes","publisher":{"@id":"https:\/\/jv-technoton.com\/#organization"},"potentialAction":[{"@type":"SearchAction","target":{"@type":"EntryPoint","urlTemplate":"https:\/\/jv-technoton.com\/?s={search_term_string}"},"query-input":{"@type":"PropertyValueSpecification","valueRequired":true,"valueName":"search_term_string"}}],"inLanguage":"fr-FR"},{"@type":"Organization","@id":"https:\/\/jv-technoton.com\/#organization","name":"Technoton","url":"https:\/\/jv-technoton.com\/","logo":{"@type":"ImageObject","inLanguage":"fr-FR","@id":"https:\/\/jv-technoton.com\/#\/schema\/logo\/image\/","url":"https:\/\/jv-technoton.com\/wp-content\/uploads\/2022\/02\/technoton_logo_web.png","contentUrl":"https:\/\/jv-technoton.com\/wp-content\/uploads\/2022\/02\/technoton_logo_web.png","width":800,"height":329,"caption":"Technoton"},"image":{"@id":"https:\/\/jv-technoton.com\/#\/schema\/logo\/image\/"},"sameAs":["https:\/\/www.linkedin.com\/company\/technoton"]}]}},"rttpg_featured_image_url":{"full":["https:\/\/jv-technoton.com\/wp-content\/uploads\/2023\/01\/Kontrol-topliva-i-telematika-slozhnih-mashin-Tehnoton.png",489,489,false],"landscape":["https:\/\/jv-technoton.com\/wp-content\/uploads\/2023\/01\/Kontrol-topliva-i-telematika-slozhnih-mashin-Tehnoton.png",489,489,false],"portraits":["https:\/\/jv-technoton.com\/wp-content\/uploads\/2023\/01\/Kontrol-topliva-i-telematika-slozhnih-mashin-Tehnoton.png",489,489,false],"thumbnail":["https:\/\/jv-technoton.com\/wp-content\/uploads\/2023\/01\/Kontrol-topliva-i-telematika-slozhnih-mashin-Tehnoton-150x150.png",150,150,true],"medium":["https:\/\/jv-technoton.com\/wp-content\/uploads\/2023\/01\/Kontrol-topliva-i-telematika-slozhnih-mashin-Tehnoton-300x300.png",300,300,true],"large":["https:\/\/jv-technoton.com\/wp-content\/uploads\/2023\/01\/Kontrol-topliva-i-telematika-slozhnih-mashin-Tehnoton.png",489,489,false],"1536x1536":["https:\/\/jv-technoton.com\/wp-content\/uploads\/2023\/01\/Kontrol-topliva-i-telematika-slozhnih-mashin-Tehnoton.png",489,489,false],"2048x2048":["https:\/\/jv-technoton.com\/wp-content\/uploads\/2023\/01\/Kontrol-topliva-i-telematika-slozhnih-mashin-Tehnoton.png",489,489,false]},"rttpg_author":{"display_name":"OMIR_Admin","author_link":"https:\/\/jv-technoton.com\/fr\/author\/omir_admin\/"},"rttpg_comment":0,"rttpg_category":" <a href=\"https:\/\/jv-technoton.com\/fr\/?taxonomy=translation_priority&#038;term=%d0%bd%d0%b5%d0%be%d0%b1%d1%8f%d0%b7%d0%b0%d1%82%d0%b5%d0%bb%d1%8c%d0%bd%d1%8b%d0%b9-fr\" rel=\"tag\">\u041d\u0435\u043e\u0431\u044f\u0437\u0430\u0442\u0435\u043b\u044c\u043d\u044b\u0439<\/a>","rttpg_excerpt":"[vc_row full_width=\u00a0\u00bbstretch_row_content_no_spaces\u00a0\u00bb visibility=\u00a0\u00bbhidden-phone\u00a0\u00bb el_class=\u00a0\u00bbmobile-display-none\u00a0\u00bb][vc_column][vc_column_text css=\u00a0\u00bb\u00a0\u00bb][\/vc_column_text][\/vc_column][\/vc_row][vc_row full_width=\u00a0\u00bbstretch_row\u00a0\u00bb equal_height=\u00a0\u00bbyes\u00a0\u00bb][vc_column][vc_column_text css=\u00a0\u00bb\u00a0\u00bb font_size=\u00a0\u00bbd:16|tl:13|tp:13|pl:10|pp:10&Prime;] T\u00e9l\u00e9matique des machines complexes [\/vc_column_text][\/vc_column][\/vc_row][vc_row full_width=\u00a0\u00bbstretch_row_content_no_spaces\u00a0\u00bb visibility=\u00a0\u00bbhidden-phone\u00a0\u00bb][vc_column offset=\u00a0\u00bbvc_hidden-lg vc_hidden-md vc_hidden-sm\u00a0\u00bb][vc_column_text css=\u00a0\u00bb\u00a0\u00bb][\/vc_column_text][\/vc_column][\/vc_row][vc_row full_width=\u00a0\u00bbstretch_row\u00a0\u00bb equal_height=\u00a0\u00bbyes\u00a0\u00bb][vc_column width=\u00a0\u00bb6\/12&Prime;][vc_column_text css=\u00a0\u00bb\u00a0\u00bb font_size=\u00a0\u00bbd:-|tl:-|tp:-|pl:-|pp:-\u00ab\u00a0] Nous proposons des solutions compl\u00e8tes pour la surveillance \u00e0 distance des camions routiers et tout-terrain, des locomotives, des navires maritimes et fluviaux, des g\u00e9n\u00e9rateurs diesel (groupes \u00e9lectrog\u00e8nes), des r\u00e9servoirs de\u2026","_links":{"self":[{"href":"https:\/\/jv-technoton.com\/fr\/wp-json\/wp\/v2\/pages\/322","targetHints":{"allow":["GET"]}}],"collection":[{"href":"https:\/\/jv-technoton.com\/fr\/wp-json\/wp\/v2\/pages"}],"about":[{"href":"https:\/\/jv-technoton.com\/fr\/wp-json\/wp\/v2\/types\/page"}],"author":[{"embeddable":true,"href":"https:\/\/jv-technoton.com\/fr\/wp-json\/wp\/v2\/users\/1"}],"replies":[{"embeddable":true,"href":"https:\/\/jv-technoton.com\/fr\/wp-json\/wp\/v2\/comments?post=322"}],"version-history":[{"count":3,"href":"https:\/\/jv-technoton.com\/fr\/wp-json\/wp\/v2\/pages\/322\/revisions"}],"predecessor-version":[{"id":133571,"href":"https:\/\/jv-technoton.com\/fr\/wp-json\/wp\/v2\/pages\/322\/revisions\/133571"}],"wp:featuredmedia":[{"embeddable":true,"href":"https:\/\/jv-technoton.com\/fr\/wp-json\/wp\/v2\/media\/87630"}],"wp:attachment":[{"href":"https:\/\/jv-technoton.com\/fr\/wp-json\/wp\/v2\/media?parent=322"}],"curies":[{"name":"wp","href":"https:\/\/api.w.org\/{rel}","templated":true}]}}